{"id":4414,"date":"2024-10-16T10:22:51","date_gmt":"2024-10-16T10:22:51","guid":{"rendered":"https:\/\/wonderinn.no\/wonderinn-arctic\/"},"modified":"2026-04-15T10:17:55","modified_gmt":"2026-04-15T10:17:55","slug":"wonderinn-arctic","status":"publish","type":"page","link":"https:\/\/wonderinn.no\/de\/wonderinn-arctic\/","title":{"rendered":"WonderInn Arktis"},"content":{"rendered":"","protected":false},"excerpt":{"rendered":"","protected":false},"author":3,"featured_media":11312,"parent":0,"menu_order":0,"comment_status":"closed","ping_status":"closed","template":"wonderInn-arctic.php","meta":{"_acf_changed":false,"_monsterinsights_skip_tracking":false,"_monsterinsights_sitenote_active":false,"_monsterinsights_sitenote_note":"","_monsterinsights_sitenote_category":0,"footnotes":""},"class_list":["post-4414","page","type-page","status-publish","has-post-thumbnail","hentry","entry"],"acf":[],"yoast_head":"<!-- This site is optimized with the Yoast SEO Premium plugin v21.5 (Yoast SEO v27.4) - https:\/\/yoast.com\/product\/yoast-seo-premium-wordpress\/ -->\n<title>Glasverspiegelte \u0421abins glamping in der N\u00e4he von Oslo \ud83e\uddca Wonderinn Arctic<\/title>\n<meta name=\"description\" content=\"Luxuri\u00f6se Unterk\u00fcnfte in der Natur mit WonderInn Arctic. W\u00e4hlen Sie aus unserer Auswahl an Spiegelh\u00fctten, Glamping-Kuppeln in der N\u00e4he von Oslo!\" \/>\n<meta name=\"robots\" content=\"index, follow, max-snippet:-1, max-image-preview:large, max-video-preview:-1\" \/>\n<link rel=\"canonical\" href=\"https:\/\/wonderinn.no\/de\/wonderinn-arctic\/\" \/>\n<meta property=\"og:locale\" content=\"de_DE\" \/>\n<meta property=\"og:type\" content=\"article\" \/>\n<meta property=\"og:title\" content=\"WonderInn Arktis\" \/>\n<meta property=\"og:description\" content=\"Luxuri\u00f6se Unterk\u00fcnfte in der Natur mit WonderInn Arctic. W\u00e4hlen Sie aus unserer Auswahl an Spiegelh\u00fctten, Glamping-Kuppeln in der N\u00e4he von Oslo!\" \/>\n<meta property=\"og:url\" content=\"https:\/\/wonderinn.no\/de\/wonderinn-arctic\/\" \/>\n<meta property=\"og:site_name\" content=\"Wonderinn\" \/>\n<meta property=\"article:publisher\" content=\"https:\/\/www.facebook.com\/wonderinn.norway\/\" \/>\n<meta property=\"article:modified_time\" content=\"2026-04-15T10:17:55+00:00\" \/>\n<meta property=\"og:image\" content=\"https:\/\/wonderinn.no\/wp-content\/uploads\/2025\/10\/WonderInn-Arctic.webp\" \/>\n\t<meta property=\"og:image:width\" content=\"384\" \/>\n\t<meta property=\"og:image:height\" content=\"288\" \/>\n\t<meta property=\"og:image:type\" content=\"image\/webp\" \/>\n<meta name=\"twitter:card\" content=\"summary_large_image\" \/>\n<script type=\"application\/ld+json\" class=\"yoast-schema-graph\">{\"@context\":\"https:\\\/\\\/schema.org\",\"@graph\":[{\"@type\":\"WebPage\",\"@id\":\"https:\\\/\\\/wonderinn.no\\\/de\\\/wonderinn-arctic\\\/\",\"url\":\"https:\\\/\\\/wonderinn.no\\\/de\\\/wonderinn-arctic\\\/\",\"name\":\"Glasverspiegelte \u0421abins glamping in der N\u00e4he von Oslo \ud83e\uddca Wonderinn Arctic\",\"isPartOf\":{\"@id\":\"https:\\\/\\\/wonderinn.no\\\/de\\\/#website\"},\"primaryImageOfPage\":{\"@id\":\"https:\\\/\\\/wonderinn.no\\\/de\\\/wonderinn-arctic\\\/#primaryimage\"},\"image\":{\"@id\":\"https:\\\/\\\/wonderinn.no\\\/de\\\/wonderinn-arctic\\\/#primaryimage\"},\"thumbnailUrl\":\"https:\\\/\\\/wonderinn.no\\\/wp-content\\\/uploads\\\/2025\\\/10\\\/WonderInn-Arctic.webp\",\"datePublished\":\"2024-10-16T10:22:51+00:00\",\"dateModified\":\"2026-04-15T10:17:55+00:00\",\"description\":\"Luxuri\u00f6se Unterk\u00fcnfte in der Natur mit WonderInn Arctic. W\u00e4hlen Sie aus unserer Auswahl an Spiegelh\u00fctten, Glamping-Kuppeln in der N\u00e4he von Oslo!\",\"breadcrumb\":{\"@id\":\"https:\\\/\\\/wonderinn.no\\\/de\\\/wonderinn-arctic\\\/#breadcrumb\"},\"inLanguage\":\"de\",\"potentialAction\":[{\"@type\":\"ReadAction\",\"target\":[\"https:\\\/\\\/wonderinn.no\\\/de\\\/wonderinn-arctic\\\/\"]}]},{\"@type\":\"ImageObject\",\"inLanguage\":\"de\",\"@id\":\"https:\\\/\\\/wonderinn.no\\\/de\\\/wonderinn-arctic\\\/#primaryimage\",\"url\":\"https:\\\/\\\/wonderinn.no\\\/wp-content\\\/uploads\\\/2025\\\/10\\\/WonderInn-Arctic.webp\",\"contentUrl\":\"https:\\\/\\\/wonderinn.no\\\/wp-content\\\/uploads\\\/2025\\\/10\\\/WonderInn-Arctic.webp\",\"width\":384,\"height\":288,\"caption\":\"wonderinn-arctic\"},{\"@type\":\"BreadcrumbList\",\"@id\":\"https:\\\/\\\/wonderinn.no\\\/de\\\/wonderinn-arctic\\\/#breadcrumb\",\"itemListElement\":[{\"@type\":\"ListItem\",\"position\":1,\"name\":\"Startseite\",\"item\":\"https:\\\/\\\/wonderinn.no\\\/de\\\/\"},{\"@type\":\"ListItem\",\"position\":2,\"name\":\"WonderInn Arktis\"}]},{\"@type\":\"WebSite\",\"@id\":\"https:\\\/\\\/wonderinn.no\\\/de\\\/#website\",\"url\":\"https:\\\/\\\/wonderinn.no\\\/de\\\/\",\"name\":\"Wonderinn\",\"description\":\"\",\"publisher\":{\"@id\":\"https:\\\/\\\/wonderinn.no\\\/de\\\/#organization\"},\"potentialAction\":[{\"@type\":\"SearchAction\",\"target\":{\"@type\":\"EntryPoint\",\"urlTemplate\":\"https:\\\/\\\/wonderinn.no\\\/de\\\/?s={search_term_string}\"},\"query-input\":{\"@type\":\"PropertyValueSpecification\",\"valueRequired\":true,\"valueName\":\"search_term_string\"}}],\"inLanguage\":\"de\"},{\"@type\":\"Organization\",\"@id\":\"https:\\\/\\\/wonderinn.no\\\/de\\\/#organization\",\"name\":\"Wonderinn\",\"url\":\"https:\\\/\\\/wonderinn.no\\\/de\\\/\",\"logo\":{\"@type\":\"ImageObject\",\"inLanguage\":\"de\",\"@id\":\"https:\\\/\\\/wonderinn.no\\\/de\\\/#\\\/schema\\\/logo\\\/image\\\/\",\"url\":\"https:\\\/\\\/wonderinn.no\\\/wp-content\\\/uploads\\\/2023\\\/03\\\/big-WonderINN-Logo1.webp\",\"contentUrl\":\"https:\\\/\\\/wonderinn.no\\\/wp-content\\\/uploads\\\/2023\\\/03\\\/big-WonderINN-Logo1.webp\",\"width\":238,\"height\":194,\"caption\":\"Wonderinn\"},\"image\":{\"@id\":\"https:\\\/\\\/wonderinn.no\\\/de\\\/#\\\/schema\\\/logo\\\/image\\\/\"},\"sameAs\":[\"https:\\\/\\\/www.facebook.com\\\/wonderinn.norway\\\/\"]}]}<\/script>\n<!-- \/ Yoast SEO Premium plugin. -->","yoast_head_json":{"title":"Glasverspiegelte \u0421abins glamping in der N\u00e4he von Oslo \ud83e\uddca Wonderinn Arctic","description":"Luxuri\u00f6se Unterk\u00fcnfte in der Natur mit WonderInn Arctic. W\u00e4hlen Sie aus unserer Auswahl an Spiegelh\u00fctten, Glamping-Kuppeln in der N\u00e4he von Oslo!","robots":{"index":"index","follow":"follow","max-snippet":"max-snippet:-1","max-image-preview":"max-image-preview:large","max-video-preview":"max-video-preview:-1"},"canonical":"https:\/\/wonderinn.no\/de\/wonderinn-arctic\/","og_locale":"de_DE","og_type":"article","og_title":"WonderInn Arktis","og_description":"Luxuri\u00f6se Unterk\u00fcnfte in der Natur mit WonderInn Arctic. W\u00e4hlen Sie aus unserer Auswahl an Spiegelh\u00fctten, Glamping-Kuppeln in der N\u00e4he von Oslo!","og_url":"https:\/\/wonderinn.no\/de\/wonderinn-arctic\/","og_site_name":"Wonderinn","article_publisher":"https:\/\/www.facebook.com\/wonderinn.norway\/","article_modified_time":"2026-04-15T10:17:55+00:00","og_image":[{"width":384,"height":288,"url":"https:\/\/wonderinn.no\/wp-content\/uploads\/2025\/10\/WonderInn-Arctic.webp","type":"image\/webp"}],"twitter_card":"summary_large_image","schema":{"@context":"https:\/\/schema.org","@graph":[{"@type":"WebPage","@id":"https:\/\/wonderinn.no\/de\/wonderinn-arctic\/","url":"https:\/\/wonderinn.no\/de\/wonderinn-arctic\/","name":"Glasverspiegelte \u0421abins glamping in der N\u00e4he von Oslo \ud83e\uddca Wonderinn Arctic","isPartOf":{"@id":"https:\/\/wonderinn.no\/de\/#website"},"primaryImageOfPage":{"@id":"https:\/\/wonderinn.no\/de\/wonderinn-arctic\/#primaryimage"},"image":{"@id":"https:\/\/wonderinn.no\/de\/wonderinn-arctic\/#primaryimage"},"thumbnailUrl":"https:\/\/wonderinn.no\/wp-content\/uploads\/2025\/10\/WonderInn-Arctic.webp","datePublished":"2024-10-16T10:22:51+00:00","dateModified":"2026-04-15T10:17:55+00:00","description":"Luxuri\u00f6se Unterk\u00fcnfte in der Natur mit WonderInn Arctic. W\u00e4hlen Sie aus unserer Auswahl an Spiegelh\u00fctten, Glamping-Kuppeln in der N\u00e4he von Oslo!","breadcrumb":{"@id":"https:\/\/wonderinn.no\/de\/wonderinn-arctic\/#breadcrumb"},"inLanguage":"de","potentialAction":[{"@type":"ReadAction","target":["https:\/\/wonderinn.no\/de\/wonderinn-arctic\/"]}]},{"@type":"ImageObject","inLanguage":"de","@id":"https:\/\/wonderinn.no\/de\/wonderinn-arctic\/#primaryimage","url":"https:\/\/wonderinn.no\/wp-content\/uploads\/2025\/10\/WonderInn-Arctic.webp","contentUrl":"https:\/\/wonderinn.no\/wp-content\/uploads\/2025\/10\/WonderInn-Arctic.webp","width":384,"height":288,"caption":"wonderinn-arctic"},{"@type":"BreadcrumbList","@id":"https:\/\/wonderinn.no\/de\/wonderinn-arctic\/#breadcrumb","itemListElement":[{"@type":"ListItem","position":1,"name":"Startseite","item":"https:\/\/wonderinn.no\/de\/"},{"@type":"ListItem","position":2,"name":"WonderInn Arktis"}]},{"@type":"WebSite","@id":"https:\/\/wonderinn.no\/de\/#website","url":"https:\/\/wonderinn.no\/de\/","name":"Wonderinn","description":"","publisher":{"@id":"https:\/\/wonderinn.no\/de\/#organization"},"potentialAction":[{"@type":"SearchAction","target":{"@type":"EntryPoint","urlTemplate":"https:\/\/wonderinn.no\/de\/?s={search_term_string}"},"query-input":{"@type":"PropertyValueSpecification","valueRequired":true,"valueName":"search_term_string"}}],"inLanguage":"de"},{"@type":"Organization","@id":"https:\/\/wonderinn.no\/de\/#organization","name":"Wonderinn","url":"https:\/\/wonderinn.no\/de\/","logo":{"@type":"ImageObject","inLanguage":"de","@id":"https:\/\/wonderinn.no\/de\/#\/schema\/logo\/image\/","url":"https:\/\/wonderinn.no\/wp-content\/uploads\/2023\/03\/big-WonderINN-Logo1.webp","contentUrl":"https:\/\/wonderinn.no\/wp-content\/uploads\/2023\/03\/big-WonderINN-Logo1.webp","width":238,"height":194,"caption":"Wonderinn"},"image":{"@id":"https:\/\/wonderinn.no\/de\/#\/schema\/logo\/image\/"},"sameAs":["https:\/\/www.facebook.com\/wonderinn.norway\/"]}]}},"_links":{"self":[{"href":"https:\/\/wonderinn.no\/de\/wp-json\/wp\/v2\/pages\/4414","targetHints":{"allow":["GET"]}}],"collection":[{"href":"https:\/\/wonderinn.no\/de\/wp-json\/wp\/v2\/pages"}],"about":[{"href":"https:\/\/wonderinn.no\/de\/wp-json\/wp\/v2\/types\/page"}],"author":[{"embeddable":true,"href":"https:\/\/wonderinn.no\/de\/wp-json\/wp\/v2\/users\/3"}],"replies":[{"embeddable":true,"href":"https:\/\/wonderinn.no\/de\/wp-json\/wp\/v2\/comments?post=4414"}],"version-history":[{"count":2,"href":"https:\/\/wonderinn.no\/de\/wp-json\/wp\/v2\/pages\/4414\/revisions"}],"predecessor-version":[{"id":12024,"href":"https:\/\/wonderinn.no\/de\/wp-json\/wp\/v2\/pages\/4414\/revisions\/12024"}],"wp:featuredmedia":[{"embeddable":true,"href":"https:\/\/wonderinn.no\/de\/wp-json\/wp\/v2\/media\/11312"}],"wp:attachment":[{"href":"https:\/\/wonderinn.no\/de\/wp-json\/wp\/v2\/media?parent=4414"}],"curies":[{"name":"wp","href":"https:\/\/api.w.org\/{rel}","templated":true}]}}