{"id":5817,"date":"2024-10-21T06:41:15","date_gmt":"2024-10-21T06:41:15","guid":{"rendered":"https:\/\/wonderinn.no\/danke\/"},"modified":"2025-11-27T11:37:34","modified_gmt":"2025-11-27T11:37:34","slug":"danke","status":"publish","type":"page","link":"https:\/\/wonderinn.no\/de\/danke\/","title":{"rendered":"Danke"},"content":{"rendered":"","protected":false},"excerpt":{"rendered":"","protected":false},"author":2,"featured_media":5818,"parent":0,"menu_order":0,"comment_status":"closed","ping_status":"closed","template":"thankyou.php","meta":{"_acf_changed":false,"_monsterinsights_skip_tracking":false,"_monsterinsights_sitenote_active":false,"_monsterinsights_sitenote_note":"","_monsterinsights_sitenote_category":0,"footnotes":""},"class_list":["post-5817","page","type-page","status-publish","has-post-thumbnail","hentry","entry"],"acf":[],"yoast_head":"<!-- This site is optimized with the Yoast SEO Premium plugin v21.5 (Yoast SEO v27.5) - https:\/\/yoast.com\/product\/yoast-seo-premium-wordpress\/ -->\n<title>Wertsch\u00e4tzung im WonderInn: Danke f\u00fcr Ihren Aufenthalt!<\/title>\n<meta name=\"description\" content=\"Erleben Sie Dankbarkeit in ihrer sch\u00f6nsten Form im WonderInn. Wir sch\u00e4tzen den Besuch jedes Gastes und bedanken uns herzlich daf\u00fcr, dass Sie sich f\u00fcr unsere Dienste entschieden haben.\" \/>\n<meta name=\"robots\" content=\"index, follow, max-snippet:-1, max-image-preview:large, max-video-preview:-1\" \/>\n<link rel=\"canonical\" href=\"https:\/\/wonderinn.no\/de\/danke\/\" \/>\n<meta property=\"og:locale\" content=\"de_DE\" \/>\n<meta property=\"og:type\" content=\"article\" \/>\n<meta property=\"og:title\" content=\"Danke\" \/>\n<meta property=\"og:description\" content=\"Erleben Sie Dankbarkeit in ihrer sch\u00f6nsten Form im WonderInn. Wir sch\u00e4tzen den Besuch jedes Gastes und bedanken uns herzlich daf\u00fcr, dass Sie sich f\u00fcr unsere Dienste entschieden haben.\" \/>\n<meta property=\"og:url\" content=\"https:\/\/wonderinn.no\/de\/danke\/\" \/>\n<meta property=\"og:site_name\" content=\"Wonderinn\" \/>\n<meta property=\"article:publisher\" content=\"https:\/\/www.facebook.com\/wonderinn.norway\/\" \/>\n<meta property=\"article:modified_time\" content=\"2025-11-27T11:37:34+00:00\" \/>\n<meta property=\"og:image\" content=\"https:\/\/wonderinn.no\/wp-content\/uploads\/2023\/05\/discovervideoimg-1.png\" \/>\n\t<meta property=\"og:image:width\" content=\"3000\" \/>\n\t<meta property=\"og:image:height\" content=\"1178\" \/>\n\t<meta property=\"og:image:type\" content=\"image\/png\" \/>\n<meta name=\"twitter:card\" content=\"summary_large_image\" \/>\n<meta name=\"twitter:label1\" content=\"Gesch\u00e4tzte Lesezeit\" \/>\n\t<meta name=\"twitter:data1\" content=\"1\u00a0Minute\" \/>\n<script type=\"application\/ld+json\" class=\"yoast-schema-graph\">{\"@context\":\"https:\\\/\\\/schema.org\",\"@graph\":[{\"@type\":\"WebPage\",\"@id\":\"https:\\\/\\\/wonderinn.no\\\/de\\\/danke\\\/\",\"url\":\"https:\\\/\\\/wonderinn.no\\\/de\\\/danke\\\/\",\"name\":\"Wertsch\u00e4tzung im WonderInn: Danke f\u00fcr Ihren Aufenthalt!\",\"isPartOf\":{\"@id\":\"https:\\\/\\\/wonderinn.no\\\/de\\\/#website\"},\"primaryImageOfPage\":{\"@id\":\"https:\\\/\\\/wonderinn.no\\\/de\\\/danke\\\/#primaryimage\"},\"image\":{\"@id\":\"https:\\\/\\\/wonderinn.no\\\/de\\\/danke\\\/#primaryimage\"},\"thumbnailUrl\":\"https:\\\/\\\/wonderinn.no\\\/wp-content\\\/uploads\\\/2023\\\/05\\\/discovervideoimg-1-scaled.webp\",\"datePublished\":\"2024-10-21T06:41:15+00:00\",\"dateModified\":\"2025-11-27T11:37:34+00:00\",\"description\":\"Erleben Sie Dankbarkeit in ihrer sch\u00f6nsten Form im WonderInn. Wir sch\u00e4tzen den Besuch jedes Gastes und bedanken uns herzlich daf\u00fcr, dass Sie sich f\u00fcr unsere Dienste entschieden haben.\",\"breadcrumb\":{\"@id\":\"https:\\\/\\\/wonderinn.no\\\/de\\\/danke\\\/#breadcrumb\"},\"inLanguage\":\"de\",\"potentialAction\":[{\"@type\":\"ReadAction\",\"target\":[\"https:\\\/\\\/wonderinn.no\\\/de\\\/danke\\\/\"]}]},{\"@type\":\"ImageObject\",\"inLanguage\":\"de\",\"@id\":\"https:\\\/\\\/wonderinn.no\\\/de\\\/danke\\\/#primaryimage\",\"url\":\"https:\\\/\\\/wonderinn.no\\\/wp-content\\\/uploads\\\/2023\\\/05\\\/discovervideoimg-1-scaled.webp\",\"contentUrl\":\"https:\\\/\\\/wonderinn.no\\\/wp-content\\\/uploads\\\/2023\\\/05\\\/discovervideoimg-1-scaled.webp\",\"width\":2560,\"height\":1005,\"caption\":\"wonderinn-cabin-on-shore\"},{\"@type\":\"BreadcrumbList\",\"@id\":\"https:\\\/\\\/wonderinn.no\\\/de\\\/danke\\\/#breadcrumb\",\"itemListElement\":[{\"@type\":\"ListItem\",\"position\":1,\"name\":\"Startseite\",\"item\":\"https:\\\/\\\/wonderinn.no\\\/de\\\/\"},{\"@type\":\"ListItem\",\"position\":2,\"name\":\"Danke\"}]},{\"@type\":\"WebSite\",\"@id\":\"https:\\\/\\\/wonderinn.no\\\/de\\\/#website\",\"url\":\"https:\\\/\\\/wonderinn.no\\\/de\\\/\",\"name\":\"Wonderinn\",\"description\":\"\",\"publisher\":{\"@id\":\"https:\\\/\\\/wonderinn.no\\\/de\\\/#organization\"},\"potentialAction\":[{\"@type\":\"SearchAction\",\"target\":{\"@type\":\"EntryPoint\",\"urlTemplate\":\"https:\\\/\\\/wonderinn.no\\\/de\\\/?s={search_term_string}\"},\"query-input\":{\"@type\":\"PropertyValueSpecification\",\"valueRequired\":true,\"valueName\":\"search_term_string\"}}],\"inLanguage\":\"de\"},{\"@type\":\"Organization\",\"@id\":\"https:\\\/\\\/wonderinn.no\\\/de\\\/#organization\",\"name\":\"Wonderinn\",\"url\":\"https:\\\/\\\/wonderinn.no\\\/de\\\/\",\"logo\":{\"@type\":\"ImageObject\",\"inLanguage\":\"de\",\"@id\":\"https:\\\/\\\/wonderinn.no\\\/de\\\/#\\\/schema\\\/logo\\\/image\\\/\",\"url\":\"https:\\\/\\\/wonderinn.no\\\/wp-content\\\/uploads\\\/2023\\\/03\\\/big-WonderINN-Logo1.webp\",\"contentUrl\":\"https:\\\/\\\/wonderinn.no\\\/wp-content\\\/uploads\\\/2023\\\/03\\\/big-WonderINN-Logo1.webp\",\"width\":238,\"height\":194,\"caption\":\"Wonderinn\"},\"image\":{\"@id\":\"https:\\\/\\\/wonderinn.no\\\/de\\\/#\\\/schema\\\/logo\\\/image\\\/\"},\"sameAs\":[\"https:\\\/\\\/www.facebook.com\\\/wonderinn.norway\\\/\"]}]}<\/script>\n<!-- \/ Yoast SEO Premium plugin. -->","yoast_head_json":{"title":"Wertsch\u00e4tzung im WonderInn: Danke f\u00fcr Ihren Aufenthalt!","description":"Erleben Sie Dankbarkeit in ihrer sch\u00f6nsten Form im WonderInn. Wir sch\u00e4tzen den Besuch jedes Gastes und bedanken uns herzlich daf\u00fcr, dass Sie sich f\u00fcr unsere Dienste entschieden haben.","robots":{"index":"index","follow":"follow","max-snippet":"max-snippet:-1","max-image-preview":"max-image-preview:large","max-video-preview":"max-video-preview:-1"},"canonical":"https:\/\/wonderinn.no\/de\/danke\/","og_locale":"de_DE","og_type":"article","og_title":"Danke","og_description":"Erleben Sie Dankbarkeit in ihrer sch\u00f6nsten Form im WonderInn. Wir sch\u00e4tzen den Besuch jedes Gastes und bedanken uns herzlich daf\u00fcr, dass Sie sich f\u00fcr unsere Dienste entschieden haben.","og_url":"https:\/\/wonderinn.no\/de\/danke\/","og_site_name":"Wonderinn","article_publisher":"https:\/\/www.facebook.com\/wonderinn.norway\/","article_modified_time":"2025-11-27T11:37:34+00:00","og_image":[{"width":3000,"height":1178,"url":"https:\/\/wonderinn.no\/wp-content\/uploads\/2023\/05\/discovervideoimg-1.png","type":"image\/png"}],"twitter_card":"summary_large_image","twitter_misc":{"Gesch\u00e4tzte Lesezeit":"1\u00a0Minute"},"schema":{"@context":"https:\/\/schema.org","@graph":[{"@type":"WebPage","@id":"https:\/\/wonderinn.no\/de\/danke\/","url":"https:\/\/wonderinn.no\/de\/danke\/","name":"Wertsch\u00e4tzung im WonderInn: Danke f\u00fcr Ihren Aufenthalt!","isPartOf":{"@id":"https:\/\/wonderinn.no\/de\/#website"},"primaryImageOfPage":{"@id":"https:\/\/wonderinn.no\/de\/danke\/#primaryimage"},"image":{"@id":"https:\/\/wonderinn.no\/de\/danke\/#primaryimage"},"thumbnailUrl":"https:\/\/wonderinn.no\/wp-content\/uploads\/2023\/05\/discovervideoimg-1-scaled.webp","datePublished":"2024-10-21T06:41:15+00:00","dateModified":"2025-11-27T11:37:34+00:00","description":"Erleben Sie Dankbarkeit in ihrer sch\u00f6nsten Form im WonderInn. Wir sch\u00e4tzen den Besuch jedes Gastes und bedanken uns herzlich daf\u00fcr, dass Sie sich f\u00fcr unsere Dienste entschieden haben.","breadcrumb":{"@id":"https:\/\/wonderinn.no\/de\/danke\/#breadcrumb"},"inLanguage":"de","potentialAction":[{"@type":"ReadAction","target":["https:\/\/wonderinn.no\/de\/danke\/"]}]},{"@type":"ImageObject","inLanguage":"de","@id":"https:\/\/wonderinn.no\/de\/danke\/#primaryimage","url":"https:\/\/wonderinn.no\/wp-content\/uploads\/2023\/05\/discovervideoimg-1-scaled.webp","contentUrl":"https:\/\/wonderinn.no\/wp-content\/uploads\/2023\/05\/discovervideoimg-1-scaled.webp","width":2560,"height":1005,"caption":"wonderinn-cabin-on-shore"},{"@type":"BreadcrumbList","@id":"https:\/\/wonderinn.no\/de\/danke\/#breadcrumb","itemListElement":[{"@type":"ListItem","position":1,"name":"Startseite","item":"https:\/\/wonderinn.no\/de\/"},{"@type":"ListItem","position":2,"name":"Danke"}]},{"@type":"WebSite","@id":"https:\/\/wonderinn.no\/de\/#website","url":"https:\/\/wonderinn.no\/de\/","name":"Wonderinn","description":"","publisher":{"@id":"https:\/\/wonderinn.no\/de\/#organization"},"potentialAction":[{"@type":"SearchAction","target":{"@type":"EntryPoint","urlTemplate":"https:\/\/wonderinn.no\/de\/?s={search_term_string}"},"query-input":{"@type":"PropertyValueSpecification","valueRequired":true,"valueName":"search_term_string"}}],"inLanguage":"de"},{"@type":"Organization","@id":"https:\/\/wonderinn.no\/de\/#organization","name":"Wonderinn","url":"https:\/\/wonderinn.no\/de\/","logo":{"@type":"ImageObject","inLanguage":"de","@id":"https:\/\/wonderinn.no\/de\/#\/schema\/logo\/image\/","url":"https:\/\/wonderinn.no\/wp-content\/uploads\/2023\/03\/big-WonderINN-Logo1.webp","contentUrl":"https:\/\/wonderinn.no\/wp-content\/uploads\/2023\/03\/big-WonderINN-Logo1.webp","width":238,"height":194,"caption":"Wonderinn"},"image":{"@id":"https:\/\/wonderinn.no\/de\/#\/schema\/logo\/image\/"},"sameAs":["https:\/\/www.facebook.com\/wonderinn.norway\/"]}]}},"_links":{"self":[{"href":"https:\/\/wonderinn.no\/de\/wp-json\/wp\/v2\/pages\/5817","targetHints":{"allow":["GET"]}}],"collection":[{"href":"https:\/\/wonderinn.no\/de\/wp-json\/wp\/v2\/pages"}],"about":[{"href":"https:\/\/wonderinn.no\/de\/wp-json\/wp\/v2\/types\/page"}],"author":[{"embeddable":true,"href":"https:\/\/wonderinn.no\/de\/wp-json\/wp\/v2\/users\/2"}],"replies":[{"embeddable":true,"href":"https:\/\/wonderinn.no\/de\/wp-json\/wp\/v2\/comments?post=5817"}],"version-history":[{"count":1,"href":"https:\/\/wonderinn.no\/de\/wp-json\/wp\/v2\/pages\/5817\/revisions"}],"predecessor-version":[{"id":5819,"href":"https:\/\/wonderinn.no\/de\/wp-json\/wp\/v2\/pages\/5817\/revisions\/5819"}],"wp:featuredmedia":[{"embeddable":true,"href":"https:\/\/wonderinn.no\/de\/wp-json\/wp\/v2\/media\/5818"}],"wp:attachment":[{"href":"https:\/\/wonderinn.no\/de\/wp-json\/wp\/v2\/media?parent=5817"}],"curies":[{"name":"wp","href":"https:\/\/api.w.org\/{rel}","templated":true}]}}