{"id":10617,"date":"2025-05-05T12:13:08","date_gmt":"2025-05-05T12:13:08","guid":{"rendered":"https:\/\/wonderinn.no\/organiza-tu-acto\/"},"modified":"2025-05-07T04:13:54","modified_gmt":"2025-05-07T04:13:54","slug":"organiza-tu-acto","status":"publish","type":"page","link":"https:\/\/wonderinn.no\/es\/organiza-tu-acto\/","title":{"rendered":"Organiza tu acto"},"content":{"rendered":"","protected":false},"excerpt":{"rendered":"","protected":false},"author":10,"featured_media":0,"parent":0,"menu_order":0,"comment_status":"closed","ping_status":"closed","template":"new-b2b.php","meta":{"_acf_changed":false,"_monsterinsights_skip_tracking":false,"_monsterinsights_sitenote_active":false,"_monsterinsights_sitenote_note":"","_monsterinsights_sitenote_category":0,"footnotes":""},"class_list":["post-10617","page","type-page","status-publish","hentry","entry"],"acf":[],"yoast_head":"<!-- This site is optimized with the Yoast SEO Premium plugin v21.5 (Yoast SEO v27.5) - https:\/\/yoast.com\/product\/yoast-seo-premium-wordpress\/ -->\n<title>Organiza tu acto - Wonderinn<\/title>\n<meta name=\"description\" content=\"\u00a1Organiza tu evento en WonderInn, cerca de Oslo! Encanto r\u00fastico, espacios flexibles, vistas impresionantes y planificaci\u00f3n personalizada para bodas, retiros y mucho m\u00e1s. \u00a1Planif\u00edcalo hoy mismo!\" \/>\n<meta name=\"robots\" content=\"index, follow, max-snippet:-1, max-image-preview:large, max-video-preview:-1\" \/>\n<link rel=\"canonical\" href=\"https:\/\/wonderinn.no\/es\/organiza-tu-acto\/\" \/>\n<meta property=\"og:locale\" content=\"es_ES\" \/>\n<meta property=\"og:type\" content=\"article\" \/>\n<meta property=\"og:title\" content=\"Organiza tu acto\" \/>\n<meta property=\"og:description\" content=\"\u00a1Organiza tu evento en WonderInn, cerca de Oslo! Encanto r\u00fastico, espacios flexibles, vistas impresionantes y planificaci\u00f3n personalizada para bodas, retiros y mucho m\u00e1s. \u00a1Planif\u00edcalo hoy mismo!\" \/>\n<meta property=\"og:url\" content=\"https:\/\/wonderinn.no\/es\/organiza-tu-acto\/\" \/>\n<meta property=\"og:site_name\" content=\"Wonderinn\" \/>\n<meta property=\"article:publisher\" content=\"https:\/\/www.facebook.com\/wonderinn.norway\/\" \/>\n<meta property=\"article:modified_time\" content=\"2025-05-07T04:13:54+00:00\" \/>\n<meta property=\"og:image\" content=\"https:\/\/wonderinn.no\/wp-content\/uploads\/2023\/02\/DSC_7478-scaled-e1676114357324-1.webp\" \/>\n\t<meta property=\"og:image:width\" content=\"800\" \/>\n\t<meta property=\"og:image:height\" content=\"600\" \/>\n\t<meta property=\"og:image:type\" content=\"image\/jpeg\" \/>\n<meta name=\"twitter:card\" content=\"summary_large_image\" \/>\n<script type=\"application\/ld+json\" class=\"yoast-schema-graph\">{\"@context\":\"https:\\\/\\\/schema.org\",\"@graph\":[{\"@type\":\"WebPage\",\"@id\":\"https:\\\/\\\/wonderinn.no\\\/es\\\/organiza-tu-acto\\\/\",\"url\":\"https:\\\/\\\/wonderinn.no\\\/es\\\/organiza-tu-acto\\\/\",\"name\":\"Organiza tu acto - Wonderinn\",\"isPartOf\":{\"@id\":\"https:\\\/\\\/wonderinn.no\\\/es\\\/#website\"},\"datePublished\":\"2025-05-05T12:13:08+00:00\",\"dateModified\":\"2025-05-07T04:13:54+00:00\",\"description\":\"\u00a1Organiza tu evento en WonderInn, cerca de Oslo! Encanto r\u00fastico, espacios flexibles, vistas impresionantes y planificaci\u00f3n personalizada para bodas, retiros y mucho m\u00e1s. \u00a1Planif\u00edcalo hoy mismo!\",\"breadcrumb\":{\"@id\":\"https:\\\/\\\/wonderinn.no\\\/es\\\/organiza-tu-acto\\\/#breadcrumb\"},\"inLanguage\":\"es\",\"potentialAction\":[{\"@type\":\"ReadAction\",\"target\":[\"https:\\\/\\\/wonderinn.no\\\/es\\\/organiza-tu-acto\\\/\"]}]},{\"@type\":\"BreadcrumbList\",\"@id\":\"https:\\\/\\\/wonderinn.no\\\/es\\\/organiza-tu-acto\\\/#breadcrumb\",\"itemListElement\":[{\"@type\":\"ListItem\",\"position\":1,\"name\":\"Inicio\",\"item\":\"https:\\\/\\\/wonderinn.no\\\/es\\\/\"},{\"@type\":\"ListItem\",\"position\":2,\"name\":\"Organiza tu acto\"}]},{\"@type\":\"WebSite\",\"@id\":\"https:\\\/\\\/wonderinn.no\\\/es\\\/#website\",\"url\":\"https:\\\/\\\/wonderinn.no\\\/es\\\/\",\"name\":\"Wonderinn\",\"description\":\"\",\"publisher\":{\"@id\":\"https:\\\/\\\/wonderinn.no\\\/es\\\/#organization\"},\"potentialAction\":[{\"@type\":\"SearchAction\",\"target\":{\"@type\":\"EntryPoint\",\"urlTemplate\":\"https:\\\/\\\/wonderinn.no\\\/es\\\/?s={search_term_string}\"},\"query-input\":{\"@type\":\"PropertyValueSpecification\",\"valueRequired\":true,\"valueName\":\"search_term_string\"}}],\"inLanguage\":\"es\"},{\"@type\":\"Organization\",\"@id\":\"https:\\\/\\\/wonderinn.no\\\/es\\\/#organization\",\"name\":\"Wonderinn\",\"url\":\"https:\\\/\\\/wonderinn.no\\\/es\\\/\",\"logo\":{\"@type\":\"ImageObject\",\"inLanguage\":\"es\",\"@id\":\"https:\\\/\\\/wonderinn.no\\\/es\\\/#\\\/schema\\\/logo\\\/image\\\/\",\"url\":\"https:\\\/\\\/wonderinn.no\\\/wp-content\\\/uploads\\\/2023\\\/03\\\/big-WonderINN-Logo1.webp\",\"contentUrl\":\"https:\\\/\\\/wonderinn.no\\\/wp-content\\\/uploads\\\/2023\\\/03\\\/big-WonderINN-Logo1.webp\",\"width\":238,\"height\":194,\"caption\":\"Wonderinn\"},\"image\":{\"@id\":\"https:\\\/\\\/wonderinn.no\\\/es\\\/#\\\/schema\\\/logo\\\/image\\\/\"},\"sameAs\":[\"https:\\\/\\\/www.facebook.com\\\/wonderinn.norway\\\/\"]}]}<\/script>\n<!-- \/ Yoast SEO Premium plugin. -->","yoast_head_json":{"title":"Organiza tu acto - Wonderinn","description":"\u00a1Organiza tu evento en WonderInn, cerca de Oslo! Encanto r\u00fastico, espacios flexibles, vistas impresionantes y planificaci\u00f3n personalizada para bodas, retiros y mucho m\u00e1s. \u00a1Planif\u00edcalo hoy mismo!","robots":{"index":"index","follow":"follow","max-snippet":"max-snippet:-1","max-image-preview":"max-image-preview:large","max-video-preview":"max-video-preview:-1"},"canonical":"https:\/\/wonderinn.no\/es\/organiza-tu-acto\/","og_locale":"es_ES","og_type":"article","og_title":"Organiza tu acto","og_description":"\u00a1Organiza tu evento en WonderInn, cerca de Oslo! Encanto r\u00fastico, espacios flexibles, vistas impresionantes y planificaci\u00f3n personalizada para bodas, retiros y mucho m\u00e1s. \u00a1Planif\u00edcalo hoy mismo!","og_url":"https:\/\/wonderinn.no\/es\/organiza-tu-acto\/","og_site_name":"Wonderinn","article_publisher":"https:\/\/www.facebook.com\/wonderinn.norway\/","article_modified_time":"2025-05-07T04:13:54+00:00","og_image":[{"width":800,"height":600,"url":"https:\/\/wonderinn.no\/wp-content\/uploads\/2023\/02\/DSC_7478-scaled-e1676114357324-1.webp","type":"image\/jpeg"}],"twitter_card":"summary_large_image","schema":{"@context":"https:\/\/schema.org","@graph":[{"@type":"WebPage","@id":"https:\/\/wonderinn.no\/es\/organiza-tu-acto\/","url":"https:\/\/wonderinn.no\/es\/organiza-tu-acto\/","name":"Organiza tu acto - Wonderinn","isPartOf":{"@id":"https:\/\/wonderinn.no\/es\/#website"},"datePublished":"2025-05-05T12:13:08+00:00","dateModified":"2025-05-07T04:13:54+00:00","description":"\u00a1Organiza tu evento en WonderInn, cerca de Oslo! Encanto r\u00fastico, espacios flexibles, vistas impresionantes y planificaci\u00f3n personalizada para bodas, retiros y mucho m\u00e1s. \u00a1Planif\u00edcalo hoy mismo!","breadcrumb":{"@id":"https:\/\/wonderinn.no\/es\/organiza-tu-acto\/#breadcrumb"},"inLanguage":"es","potentialAction":[{"@type":"ReadAction","target":["https:\/\/wonderinn.no\/es\/organiza-tu-acto\/"]}]},{"@type":"BreadcrumbList","@id":"https:\/\/wonderinn.no\/es\/organiza-tu-acto\/#breadcrumb","itemListElement":[{"@type":"ListItem","position":1,"name":"Inicio","item":"https:\/\/wonderinn.no\/es\/"},{"@type":"ListItem","position":2,"name":"Organiza tu acto"}]},{"@type":"WebSite","@id":"https:\/\/wonderinn.no\/es\/#website","url":"https:\/\/wonderinn.no\/es\/","name":"Wonderinn","description":"","publisher":{"@id":"https:\/\/wonderinn.no\/es\/#organization"},"potentialAction":[{"@type":"SearchAction","target":{"@type":"EntryPoint","urlTemplate":"https:\/\/wonderinn.no\/es\/?s={search_term_string}"},"query-input":{"@type":"PropertyValueSpecification","valueRequired":true,"valueName":"search_term_string"}}],"inLanguage":"es"},{"@type":"Organization","@id":"https:\/\/wonderinn.no\/es\/#organization","name":"Wonderinn","url":"https:\/\/wonderinn.no\/es\/","logo":{"@type":"ImageObject","inLanguage":"es","@id":"https:\/\/wonderinn.no\/es\/#\/schema\/logo\/image\/","url":"https:\/\/wonderinn.no\/wp-content\/uploads\/2023\/03\/big-WonderINN-Logo1.webp","contentUrl":"https:\/\/wonderinn.no\/wp-content\/uploads\/2023\/03\/big-WonderINN-Logo1.webp","width":238,"height":194,"caption":"Wonderinn"},"image":{"@id":"https:\/\/wonderinn.no\/es\/#\/schema\/logo\/image\/"},"sameAs":["https:\/\/www.facebook.com\/wonderinn.norway\/"]}]}},"_links":{"self":[{"href":"https:\/\/wonderinn.no\/es\/wp-json\/wp\/v2\/pages\/10617","targetHints":{"allow":["GET"]}}],"collection":[{"href":"https:\/\/wonderinn.no\/es\/wp-json\/wp\/v2\/pages"}],"about":[{"href":"https:\/\/wonderinn.no\/es\/wp-json\/wp\/v2\/types\/page"}],"author":[{"embeddable":true,"href":"https:\/\/wonderinn.no\/es\/wp-json\/wp\/v2\/users\/10"}],"replies":[{"embeddable":true,"href":"https:\/\/wonderinn.no\/es\/wp-json\/wp\/v2\/comments?post=10617"}],"version-history":[{"count":1,"href":"https:\/\/wonderinn.no\/es\/wp-json\/wp\/v2\/pages\/10617\/revisions"}],"predecessor-version":[{"id":10618,"href":"https:\/\/wonderinn.no\/es\/wp-json\/wp\/v2\/pages\/10617\/revisions\/10618"}],"wp:attachment":[{"href":"https:\/\/wonderinn.no\/es\/wp-json\/wp\/v2\/media?parent=10617"}],"curies":[{"name":"wp","href":"https:\/\/api.w.org\/{rel}","templated":true}]}}