{"id":4650,"date":"2024-10-16T11:17:51","date_gmt":"2024-10-16T11:17:51","guid":{"rendered":"https:\/\/wonderinn.no\/wonderinn-delta\/"},"modified":"2026-04-15T10:16:45","modified_gmt":"2026-04-15T10:16:45","slug":"wonderinn-delta","status":"publish","type":"page","link":"https:\/\/wonderinn.no\/es\/wonderinn-delta\/","title":{"rendered":"WonderInn Delta"},"content":{"rendered":"","protected":false},"excerpt":{"rendered":"","protected":false},"author":3,"featured_media":4655,"parent":0,"menu_order":0,"comment_status":"closed","ping_status":"closed","template":"wonderinn-mirrored-glass-cabin.php","meta":{"_acf_changed":false,"_monsterinsights_skip_tracking":false,"_monsterinsights_sitenote_active":false,"_monsterinsights_sitenote_note":"","_monsterinsights_sitenote_category":0,"footnotes":""},"class_list":["post-4650","page","type-page","status-publish","has-post-thumbnail","hentry","entry"],"acf":[],"yoast_head":"<!-- This site is optimized with the Yoast SEO Premium plugin v21.5 (Yoast SEO v27.4) - https:\/\/yoast.com\/product\/yoast-seo-premium-wordpress\/ -->\n<title>Glass Mirrored \u0421abins glamping cerca de Oslo \ud83e\uddca Wonderinn Delta<\/title>\n<meta name=\"description\" content=\"Alojamiento de lujo en la naturaleza con WonderInn Delta. \u00a1Elige entre nuestra selecci\u00f3n de caba\u00f1as espejo, c\u00fapulas glamping cerca de Oslo!\" \/>\n<meta name=\"robots\" content=\"index, follow, max-snippet:-1, max-image-preview:large, max-video-preview:-1\" \/>\n<link rel=\"canonical\" href=\"https:\/\/wonderinn.no\/es\/wonderinn-delta\/\" \/>\n<meta property=\"og:locale\" content=\"es_ES\" \/>\n<meta property=\"og:type\" content=\"article\" \/>\n<meta property=\"og:title\" content=\"WonderInn Delta\" \/>\n<meta property=\"og:description\" content=\"Alojamiento de lujo en la naturaleza con WonderInn Delta. \u00a1Elige entre nuestra selecci\u00f3n de caba\u00f1as espejo, c\u00fapulas glamping cerca de Oslo!\" \/>\n<meta property=\"og:url\" content=\"https:\/\/wonderinn.no\/es\/wonderinn-delta\/\" \/>\n<meta property=\"og:site_name\" content=\"Wonderinn\" \/>\n<meta property=\"article:publisher\" content=\"https:\/\/www.facebook.com\/wonderinn.norway\/\" \/>\n<meta property=\"article:modified_time\" content=\"2026-04-15T10:16:45+00:00\" \/>\n<meta property=\"og:image\" content=\"https:\/\/wonderinn.no\/wp-content\/uploads\/2023\/02\/00ED4F3E-FDC1-437D-8D32-5EA3785D7A34-scaled-e1676117466543.webp\" \/>\n\t<meta property=\"og:image:width\" content=\"2560\" \/>\n\t<meta property=\"og:image:height\" content=\"851\" \/>\n\t<meta property=\"og:image:type\" content=\"image\/jpeg\" \/>\n<meta name=\"twitter:card\" content=\"summary_large_image\" \/>\n<meta name=\"twitter:label1\" content=\"Tiempo de lectura\" \/>\n\t<meta name=\"twitter:data1\" content=\"1 minuto\" \/>\n<script type=\"application\/ld+json\" class=\"yoast-schema-graph\">{\"@context\":\"https:\\\/\\\/schema.org\",\"@graph\":[{\"@type\":\"WebPage\",\"@id\":\"https:\\\/\\\/wonderinn.no\\\/es\\\/wonderinn-delta\\\/\",\"url\":\"https:\\\/\\\/wonderinn.no\\\/es\\\/wonderinn-delta\\\/\",\"name\":\"Glass Mirrored \u0421abins glamping cerca de Oslo \ud83e\uddca Wonderinn Delta\",\"isPartOf\":{\"@id\":\"https:\\\/\\\/wonderinn.no\\\/es\\\/#website\"},\"primaryImageOfPage\":{\"@id\":\"https:\\\/\\\/wonderinn.no\\\/es\\\/wonderinn-delta\\\/#primaryimage\"},\"image\":{\"@id\":\"https:\\\/\\\/wonderinn.no\\\/es\\\/wonderinn-delta\\\/#primaryimage\"},\"thumbnailUrl\":\"https:\\\/\\\/wonderinn.no\\\/wp-content\\\/uploads\\\/2023\\\/02\\\/00ED4F3E-FDC1-437D-8D32-5EA3785D7A34-scaled-e1676117466543.webp\",\"datePublished\":\"2024-10-16T11:17:51+00:00\",\"dateModified\":\"2026-04-15T10:16:45+00:00\",\"description\":\"Alojamiento de lujo en la naturaleza con WonderInn Delta. \u00a1Elige entre nuestra selecci\u00f3n de caba\u00f1as espejo, c\u00fapulas glamping cerca de Oslo!\",\"breadcrumb\":{\"@id\":\"https:\\\/\\\/wonderinn.no\\\/es\\\/wonderinn-delta\\\/#breadcrumb\"},\"inLanguage\":\"es\",\"potentialAction\":[{\"@type\":\"ReadAction\",\"target\":[\"https:\\\/\\\/wonderinn.no\\\/es\\\/wonderinn-delta\\\/\"]}]},{\"@type\":\"ImageObject\",\"inLanguage\":\"es\",\"@id\":\"https:\\\/\\\/wonderinn.no\\\/es\\\/wonderinn-delta\\\/#primaryimage\",\"url\":\"https:\\\/\\\/wonderinn.no\\\/wp-content\\\/uploads\\\/2023\\\/02\\\/00ED4F3E-FDC1-437D-8D32-5EA3785D7A34-scaled-e1676117466543.webp\",\"contentUrl\":\"https:\\\/\\\/wonderinn.no\\\/wp-content\\\/uploads\\\/2023\\\/02\\\/00ED4F3E-FDC1-437D-8D32-5EA3785D7A34-scaled-e1676117466543.webp\",\"width\":2560,\"height\":851},{\"@type\":\"BreadcrumbList\",\"@id\":\"https:\\\/\\\/wonderinn.no\\\/es\\\/wonderinn-delta\\\/#breadcrumb\",\"itemListElement\":[{\"@type\":\"ListItem\",\"position\":1,\"name\":\"Inicio\",\"item\":\"https:\\\/\\\/wonderinn.no\\\/es\\\/\"},{\"@type\":\"ListItem\",\"position\":2,\"name\":\"WonderInn Delta\"}]},{\"@type\":\"WebSite\",\"@id\":\"https:\\\/\\\/wonderinn.no\\\/es\\\/#website\",\"url\":\"https:\\\/\\\/wonderinn.no\\\/es\\\/\",\"name\":\"Wonderinn\",\"description\":\"\",\"publisher\":{\"@id\":\"https:\\\/\\\/wonderinn.no\\\/es\\\/#organization\"},\"potentialAction\":[{\"@type\":\"SearchAction\",\"target\":{\"@type\":\"EntryPoint\",\"urlTemplate\":\"https:\\\/\\\/wonderinn.no\\\/es\\\/?s={search_term_string}\"},\"query-input\":{\"@type\":\"PropertyValueSpecification\",\"valueRequired\":true,\"valueName\":\"search_term_string\"}}],\"inLanguage\":\"es\"},{\"@type\":\"Organization\",\"@id\":\"https:\\\/\\\/wonderinn.no\\\/es\\\/#organization\",\"name\":\"Wonderinn\",\"url\":\"https:\\\/\\\/wonderinn.no\\\/es\\\/\",\"logo\":{\"@type\":\"ImageObject\",\"inLanguage\":\"es\",\"@id\":\"https:\\\/\\\/wonderinn.no\\\/es\\\/#\\\/schema\\\/logo\\\/image\\\/\",\"url\":\"https:\\\/\\\/wonderinn.no\\\/wp-content\\\/uploads\\\/2023\\\/03\\\/big-WonderINN-Logo1.webp\",\"contentUrl\":\"https:\\\/\\\/wonderinn.no\\\/wp-content\\\/uploads\\\/2023\\\/03\\\/big-WonderINN-Logo1.webp\",\"width\":238,\"height\":194,\"caption\":\"Wonderinn\"},\"image\":{\"@id\":\"https:\\\/\\\/wonderinn.no\\\/es\\\/#\\\/schema\\\/logo\\\/image\\\/\"},\"sameAs\":[\"https:\\\/\\\/www.facebook.com\\\/wonderinn.norway\\\/\"]}]}<\/script>\n<!-- \/ Yoast SEO Premium plugin. -->","yoast_head_json":{"title":"Glass Mirrored \u0421abins glamping cerca de Oslo \ud83e\uddca Wonderinn Delta","description":"Alojamiento de lujo en la naturaleza con WonderInn Delta. \u00a1Elige entre nuestra selecci\u00f3n de caba\u00f1as espejo, c\u00fapulas glamping cerca de Oslo!","robots":{"index":"index","follow":"follow","max-snippet":"max-snippet:-1","max-image-preview":"max-image-preview:large","max-video-preview":"max-video-preview:-1"},"canonical":"https:\/\/wonderinn.no\/es\/wonderinn-delta\/","og_locale":"es_ES","og_type":"article","og_title":"WonderInn Delta","og_description":"Alojamiento de lujo en la naturaleza con WonderInn Delta. \u00a1Elige entre nuestra selecci\u00f3n de caba\u00f1as espejo, c\u00fapulas glamping cerca de Oslo!","og_url":"https:\/\/wonderinn.no\/es\/wonderinn-delta\/","og_site_name":"Wonderinn","article_publisher":"https:\/\/www.facebook.com\/wonderinn.norway\/","article_modified_time":"2026-04-15T10:16:45+00:00","og_image":[{"width":2560,"height":851,"url":"https:\/\/wonderinn.no\/wp-content\/uploads\/2023\/02\/00ED4F3E-FDC1-437D-8D32-5EA3785D7A34-scaled-e1676117466543.webp","type":"image\/jpeg"}],"twitter_card":"summary_large_image","twitter_misc":{"Tiempo de lectura":"1 minuto"},"schema":{"@context":"https:\/\/schema.org","@graph":[{"@type":"WebPage","@id":"https:\/\/wonderinn.no\/es\/wonderinn-delta\/","url":"https:\/\/wonderinn.no\/es\/wonderinn-delta\/","name":"Glass Mirrored \u0421abins glamping cerca de Oslo \ud83e\uddca Wonderinn Delta","isPartOf":{"@id":"https:\/\/wonderinn.no\/es\/#website"},"primaryImageOfPage":{"@id":"https:\/\/wonderinn.no\/es\/wonderinn-delta\/#primaryimage"},"image":{"@id":"https:\/\/wonderinn.no\/es\/wonderinn-delta\/#primaryimage"},"thumbnailUrl":"https:\/\/wonderinn.no\/wp-content\/uploads\/2023\/02\/00ED4F3E-FDC1-437D-8D32-5EA3785D7A34-scaled-e1676117466543.webp","datePublished":"2024-10-16T11:17:51+00:00","dateModified":"2026-04-15T10:16:45+00:00","description":"Alojamiento de lujo en la naturaleza con WonderInn Delta. \u00a1Elige entre nuestra selecci\u00f3n de caba\u00f1as espejo, c\u00fapulas glamping cerca de Oslo!","breadcrumb":{"@id":"https:\/\/wonderinn.no\/es\/wonderinn-delta\/#breadcrumb"},"inLanguage":"es","potentialAction":[{"@type":"ReadAction","target":["https:\/\/wonderinn.no\/es\/wonderinn-delta\/"]}]},{"@type":"ImageObject","inLanguage":"es","@id":"https:\/\/wonderinn.no\/es\/wonderinn-delta\/#primaryimage","url":"https:\/\/wonderinn.no\/wp-content\/uploads\/2023\/02\/00ED4F3E-FDC1-437D-8D32-5EA3785D7A34-scaled-e1676117466543.webp","contentUrl":"https:\/\/wonderinn.no\/wp-content\/uploads\/2023\/02\/00ED4F3E-FDC1-437D-8D32-5EA3785D7A34-scaled-e1676117466543.webp","width":2560,"height":851},{"@type":"BreadcrumbList","@id":"https:\/\/wonderinn.no\/es\/wonderinn-delta\/#breadcrumb","itemListElement":[{"@type":"ListItem","position":1,"name":"Inicio","item":"https:\/\/wonderinn.no\/es\/"},{"@type":"ListItem","position":2,"name":"WonderInn Delta"}]},{"@type":"WebSite","@id":"https:\/\/wonderinn.no\/es\/#website","url":"https:\/\/wonderinn.no\/es\/","name":"Wonderinn","description":"","publisher":{"@id":"https:\/\/wonderinn.no\/es\/#organization"},"potentialAction":[{"@type":"SearchAction","target":{"@type":"EntryPoint","urlTemplate":"https:\/\/wonderinn.no\/es\/?s={search_term_string}"},"query-input":{"@type":"PropertyValueSpecification","valueRequired":true,"valueName":"search_term_string"}}],"inLanguage":"es"},{"@type":"Organization","@id":"https:\/\/wonderinn.no\/es\/#organization","name":"Wonderinn","url":"https:\/\/wonderinn.no\/es\/","logo":{"@type":"ImageObject","inLanguage":"es","@id":"https:\/\/wonderinn.no\/es\/#\/schema\/logo\/image\/","url":"https:\/\/wonderinn.no\/wp-content\/uploads\/2023\/03\/big-WonderINN-Logo1.webp","contentUrl":"https:\/\/wonderinn.no\/wp-content\/uploads\/2023\/03\/big-WonderINN-Logo1.webp","width":238,"height":194,"caption":"Wonderinn"},"image":{"@id":"https:\/\/wonderinn.no\/es\/#\/schema\/logo\/image\/"},"sameAs":["https:\/\/www.facebook.com\/wonderinn.norway\/"]}]}},"_links":{"self":[{"href":"https:\/\/wonderinn.no\/es\/wp-json\/wp\/v2\/pages\/4650","targetHints":{"allow":["GET"]}}],"collection":[{"href":"https:\/\/wonderinn.no\/es\/wp-json\/wp\/v2\/pages"}],"about":[{"href":"https:\/\/wonderinn.no\/es\/wp-json\/wp\/v2\/types\/page"}],"author":[{"embeddable":true,"href":"https:\/\/wonderinn.no\/es\/wp-json\/wp\/v2\/users\/3"}],"replies":[{"embeddable":true,"href":"https:\/\/wonderinn.no\/es\/wp-json\/wp\/v2\/comments?post=4650"}],"version-history":[{"count":4,"href":"https:\/\/wonderinn.no\/es\/wp-json\/wp\/v2\/pages\/4650\/revisions"}],"predecessor-version":[{"id":9691,"href":"https:\/\/wonderinn.no\/es\/wp-json\/wp\/v2\/pages\/4650\/revisions\/9691"}],"wp:featuredmedia":[{"embeddable":true,"href":"https:\/\/wonderinn.no\/es\/wp-json\/wp\/v2\/media\/4655"}],"wp:attachment":[{"href":"https:\/\/wonderinn.no\/es\/wp-json\/wp\/v2\/media?parent=4650"}],"curies":[{"name":"wp","href":"https:\/\/api.w.org\/{rel}","templated":true}]}}