{"id":5757,"date":"2024-10-21T05:56:34","date_gmt":"2024-10-21T05:56:34","guid":{"rendered":"https:\/\/wonderinn.no\/vacantes\/"},"modified":"2025-11-27T11:37:35","modified_gmt":"2025-11-27T11:37:35","slug":"vacantes","status":"publish","type":"page","link":"https:\/\/wonderinn.no\/es\/vacantes\/","title":{"rendered":"Vacantes"},"content":{"rendered":"","protected":false},"excerpt":{"rendered":"","protected":false},"author":3,"featured_media":6360,"parent":0,"menu_order":0,"comment_status":"closed","ping_status":"closed","template":"vacancies.php","meta":{"_acf_changed":false,"_monsterinsights_skip_tracking":false,"_monsterinsights_sitenote_active":false,"_monsterinsights_sitenote_note":"","_monsterinsights_sitenote_category":0,"footnotes":""},"class_list":["post-5757","page","type-page","status-publish","has-post-thumbnail","hentry","entry"],"acf":[],"yoast_head":"<!-- This site is optimized with the Yoast SEO Premium plugin v21.5 (Yoast SEO v27.4) - https:\/\/yoast.com\/product\/yoast-seo-premium-wordpress\/ -->\n<title>Vacantes - Wonderinn<\/title>\n<meta name=\"description\" content=\"\u00a1\u00danete al equipo de WonderInn! Somos una empresa en crecimiento con pasi\u00f3n por ofrecer alojamientos \u00fanicos y experiencias glamping en toda Noruega.\" \/>\n<meta name=\"robots\" content=\"index, follow, max-snippet:-1, max-image-preview:large, max-video-preview:-1\" \/>\n<link rel=\"canonical\" href=\"https:\/\/wonderinn.no\/es\/vacantes\/\" \/>\n<meta property=\"og:locale\" content=\"es_ES\" \/>\n<meta property=\"og:type\" content=\"article\" \/>\n<meta property=\"og:title\" content=\"Vacantes\" \/>\n<meta property=\"og:description\" content=\"\u00a1\u00danete al equipo de WonderInn! Somos una empresa en crecimiento con pasi\u00f3n por ofrecer alojamientos \u00fanicos y experiencias glamping en toda Noruega.\" \/>\n<meta property=\"og:url\" content=\"https:\/\/wonderinn.no\/es\/vacantes\/\" \/>\n<meta property=\"og:site_name\" content=\"Wonderinn\" \/>\n<meta property=\"article:publisher\" content=\"https:\/\/www.facebook.com\/wonderinn.norway\/\" \/>\n<meta property=\"article:modified_time\" content=\"2025-11-27T11:37:35+00:00\" \/>\n<meta property=\"og:image\" content=\"https:\/\/wonderinn.no\/wp-content\/uploads\/2023\/08\/DSC07264-scaled-e1692256013427.jpg\" \/>\n\t<meta property=\"og:image:width\" content=\"1706\" \/>\n\t<meta property=\"og:image:height\" content=\"507\" \/>\n\t<meta property=\"og:image:type\" content=\"image\/jpeg\" \/>\n<meta name=\"twitter:card\" content=\"summary_large_image\" \/>\n<meta name=\"twitter:label1\" content=\"Tiempo de lectura\" \/>\n\t<meta name=\"twitter:data1\" content=\"1 minuto\" \/>\n<script type=\"application\/ld+json\" class=\"yoast-schema-graph\">{\"@context\":\"https:\\\/\\\/schema.org\",\"@graph\":[{\"@type\":\"WebPage\",\"@id\":\"https:\\\/\\\/wonderinn.no\\\/es\\\/vacantes\\\/\",\"url\":\"https:\\\/\\\/wonderinn.no\\\/es\\\/vacantes\\\/\",\"name\":\"Vacantes - Wonderinn\",\"isPartOf\":{\"@id\":\"https:\\\/\\\/wonderinn.no\\\/es\\\/#website\"},\"primaryImageOfPage\":{\"@id\":\"https:\\\/\\\/wonderinn.no\\\/es\\\/vacantes\\\/#primaryimage\"},\"image\":{\"@id\":\"https:\\\/\\\/wonderinn.no\\\/es\\\/vacantes\\\/#primaryimage\"},\"thumbnailUrl\":\"https:\\\/\\\/wonderinn.no\\\/wp-content\\\/uploads\\\/2023\\\/08\\\/DSC07264-scaled-e1692256013427.jpg\",\"datePublished\":\"2024-10-21T05:56:34+00:00\",\"dateModified\":\"2025-11-27T11:37:35+00:00\",\"description\":\"\u00a1\u00danete al equipo de WonderInn! Somos una empresa en crecimiento con pasi\u00f3n por ofrecer alojamientos \u00fanicos y experiencias glamping en toda Noruega.\",\"breadcrumb\":{\"@id\":\"https:\\\/\\\/wonderinn.no\\\/es\\\/vacantes\\\/#breadcrumb\"},\"inLanguage\":\"es\",\"potentialAction\":[{\"@type\":\"ReadAction\",\"target\":[\"https:\\\/\\\/wonderinn.no\\\/es\\\/vacantes\\\/\"]}]},{\"@type\":\"ImageObject\",\"inLanguage\":\"es\",\"@id\":\"https:\\\/\\\/wonderinn.no\\\/es\\\/vacantes\\\/#primaryimage\",\"url\":\"https:\\\/\\\/wonderinn.no\\\/wp-content\\\/uploads\\\/2023\\\/08\\\/DSC07264-scaled-e1692256013427.jpg\",\"contentUrl\":\"https:\\\/\\\/wonderinn.no\\\/wp-content\\\/uploads\\\/2023\\\/08\\\/DSC07264-scaled-e1692256013427.jpg\",\"width\":1706,\"height\":507},{\"@type\":\"BreadcrumbList\",\"@id\":\"https:\\\/\\\/wonderinn.no\\\/es\\\/vacantes\\\/#breadcrumb\",\"itemListElement\":[{\"@type\":\"ListItem\",\"position\":1,\"name\":\"Inicio\",\"item\":\"https:\\\/\\\/wonderinn.no\\\/es\\\/\"},{\"@type\":\"ListItem\",\"position\":2,\"name\":\"Vacantes\"}]},{\"@type\":\"WebSite\",\"@id\":\"https:\\\/\\\/wonderinn.no\\\/es\\\/#website\",\"url\":\"https:\\\/\\\/wonderinn.no\\\/es\\\/\",\"name\":\"Wonderinn\",\"description\":\"\",\"publisher\":{\"@id\":\"https:\\\/\\\/wonderinn.no\\\/es\\\/#organization\"},\"potentialAction\":[{\"@type\":\"SearchAction\",\"target\":{\"@type\":\"EntryPoint\",\"urlTemplate\":\"https:\\\/\\\/wonderinn.no\\\/es\\\/?s={search_term_string}\"},\"query-input\":{\"@type\":\"PropertyValueSpecification\",\"valueRequired\":true,\"valueName\":\"search_term_string\"}}],\"inLanguage\":\"es\"},{\"@type\":\"Organization\",\"@id\":\"https:\\\/\\\/wonderinn.no\\\/es\\\/#organization\",\"name\":\"Wonderinn\",\"url\":\"https:\\\/\\\/wonderinn.no\\\/es\\\/\",\"logo\":{\"@type\":\"ImageObject\",\"inLanguage\":\"es\",\"@id\":\"https:\\\/\\\/wonderinn.no\\\/es\\\/#\\\/schema\\\/logo\\\/image\\\/\",\"url\":\"https:\\\/\\\/wonderinn.no\\\/wp-content\\\/uploads\\\/2023\\\/03\\\/big-WonderINN-Logo1.webp\",\"contentUrl\":\"https:\\\/\\\/wonderinn.no\\\/wp-content\\\/uploads\\\/2023\\\/03\\\/big-WonderINN-Logo1.webp\",\"width\":238,\"height\":194,\"caption\":\"Wonderinn\"},\"image\":{\"@id\":\"https:\\\/\\\/wonderinn.no\\\/es\\\/#\\\/schema\\\/logo\\\/image\\\/\"},\"sameAs\":[\"https:\\\/\\\/www.facebook.com\\\/wonderinn.norway\\\/\"]}]}<\/script>\n<!-- \/ Yoast SEO Premium plugin. -->","yoast_head_json":{"title":"Vacantes - Wonderinn","description":"\u00a1\u00danete al equipo de WonderInn! Somos una empresa en crecimiento con pasi\u00f3n por ofrecer alojamientos \u00fanicos y experiencias glamping en toda Noruega.","robots":{"index":"index","follow":"follow","max-snippet":"max-snippet:-1","max-image-preview":"max-image-preview:large","max-video-preview":"max-video-preview:-1"},"canonical":"https:\/\/wonderinn.no\/es\/vacantes\/","og_locale":"es_ES","og_type":"article","og_title":"Vacantes","og_description":"\u00a1\u00danete al equipo de WonderInn! Somos una empresa en crecimiento con pasi\u00f3n por ofrecer alojamientos \u00fanicos y experiencias glamping en toda Noruega.","og_url":"https:\/\/wonderinn.no\/es\/vacantes\/","og_site_name":"Wonderinn","article_publisher":"https:\/\/www.facebook.com\/wonderinn.norway\/","article_modified_time":"2025-11-27T11:37:35+00:00","og_image":[{"width":1706,"height":507,"url":"https:\/\/wonderinn.no\/wp-content\/uploads\/2023\/08\/DSC07264-scaled-e1692256013427.jpg","type":"image\/jpeg"}],"twitter_card":"summary_large_image","twitter_misc":{"Tiempo de lectura":"1 minuto"},"schema":{"@context":"https:\/\/schema.org","@graph":[{"@type":"WebPage","@id":"https:\/\/wonderinn.no\/es\/vacantes\/","url":"https:\/\/wonderinn.no\/es\/vacantes\/","name":"Vacantes - Wonderinn","isPartOf":{"@id":"https:\/\/wonderinn.no\/es\/#website"},"primaryImageOfPage":{"@id":"https:\/\/wonderinn.no\/es\/vacantes\/#primaryimage"},"image":{"@id":"https:\/\/wonderinn.no\/es\/vacantes\/#primaryimage"},"thumbnailUrl":"https:\/\/wonderinn.no\/wp-content\/uploads\/2023\/08\/DSC07264-scaled-e1692256013427.jpg","datePublished":"2024-10-21T05:56:34+00:00","dateModified":"2025-11-27T11:37:35+00:00","description":"\u00a1\u00danete al equipo de WonderInn! Somos una empresa en crecimiento con pasi\u00f3n por ofrecer alojamientos \u00fanicos y experiencias glamping en toda Noruega.","breadcrumb":{"@id":"https:\/\/wonderinn.no\/es\/vacantes\/#breadcrumb"},"inLanguage":"es","potentialAction":[{"@type":"ReadAction","target":["https:\/\/wonderinn.no\/es\/vacantes\/"]}]},{"@type":"ImageObject","inLanguage":"es","@id":"https:\/\/wonderinn.no\/es\/vacantes\/#primaryimage","url":"https:\/\/wonderinn.no\/wp-content\/uploads\/2023\/08\/DSC07264-scaled-e1692256013427.jpg","contentUrl":"https:\/\/wonderinn.no\/wp-content\/uploads\/2023\/08\/DSC07264-scaled-e1692256013427.jpg","width":1706,"height":507},{"@type":"BreadcrumbList","@id":"https:\/\/wonderinn.no\/es\/vacantes\/#breadcrumb","itemListElement":[{"@type":"ListItem","position":1,"name":"Inicio","item":"https:\/\/wonderinn.no\/es\/"},{"@type":"ListItem","position":2,"name":"Vacantes"}]},{"@type":"WebSite","@id":"https:\/\/wonderinn.no\/es\/#website","url":"https:\/\/wonderinn.no\/es\/","name":"Wonderinn","description":"","publisher":{"@id":"https:\/\/wonderinn.no\/es\/#organization"},"potentialAction":[{"@type":"SearchAction","target":{"@type":"EntryPoint","urlTemplate":"https:\/\/wonderinn.no\/es\/?s={search_term_string}"},"query-input":{"@type":"PropertyValueSpecification","valueRequired":true,"valueName":"search_term_string"}}],"inLanguage":"es"},{"@type":"Organization","@id":"https:\/\/wonderinn.no\/es\/#organization","name":"Wonderinn","url":"https:\/\/wonderinn.no\/es\/","logo":{"@type":"ImageObject","inLanguage":"es","@id":"https:\/\/wonderinn.no\/es\/#\/schema\/logo\/image\/","url":"https:\/\/wonderinn.no\/wp-content\/uploads\/2023\/03\/big-WonderINN-Logo1.webp","contentUrl":"https:\/\/wonderinn.no\/wp-content\/uploads\/2023\/03\/big-WonderINN-Logo1.webp","width":238,"height":194,"caption":"Wonderinn"},"image":{"@id":"https:\/\/wonderinn.no\/es\/#\/schema\/logo\/image\/"},"sameAs":["https:\/\/www.facebook.com\/wonderinn.norway\/"]}]}},"_links":{"self":[{"href":"https:\/\/wonderinn.no\/es\/wp-json\/wp\/v2\/pages\/5757","targetHints":{"allow":["GET"]}}],"collection":[{"href":"https:\/\/wonderinn.no\/es\/wp-json\/wp\/v2\/pages"}],"about":[{"href":"https:\/\/wonderinn.no\/es\/wp-json\/wp\/v2\/types\/page"}],"author":[{"embeddable":true,"href":"https:\/\/wonderinn.no\/es\/wp-json\/wp\/v2\/users\/3"}],"replies":[{"embeddable":true,"href":"https:\/\/wonderinn.no\/es\/wp-json\/wp\/v2\/comments?post=5757"}],"version-history":[{"count":3,"href":"https:\/\/wonderinn.no\/es\/wp-json\/wp\/v2\/pages\/5757\/revisions"}],"predecessor-version":[{"id":11467,"href":"https:\/\/wonderinn.no\/es\/wp-json\/wp\/v2\/pages\/5757\/revisions\/11467"}],"wp:featuredmedia":[{"embeddable":true,"href":"https:\/\/wonderinn.no\/es\/wp-json\/wp\/v2\/media\/6360"}],"wp:attachment":[{"href":"https:\/\/wonderinn.no\/es\/wp-json\/wp\/v2\/media?parent=5757"}],"curies":[{"name":"wp","href":"https:\/\/api.w.org\/{rel}","templated":true}]}}