{"id":5967,"date":"2024-10-24T06:39:11","date_gmt":"2024-10-24T06:39:11","guid":{"rendered":"https:\/\/wonderinn.no\/?page_id=5967"},"modified":"2024-12-23T11:28:34","modified_gmt":"2024-12-23T11:28:34","slug":"centro-cultural-wonderinn","status":"publish","type":"page","link":"https:\/\/wonderinn.no\/es\/centro-cultural-wonderinn\/","title":{"rendered":"Centro cultural WonderInn"},"content":{"rendered":"","protected":false},"excerpt":{"rendered":"","protected":false},"author":2,"featured_media":5968,"parent":0,"menu_order":0,"comment_status":"closed","ping_status":"closed","template":"wonderInn-culture-hub.php","meta":{"_acf_changed":false,"_monsterinsights_skip_tracking":false,"_monsterinsights_sitenote_active":false,"_monsterinsights_sitenote_note":"","_monsterinsights_sitenote_category":0,"footnotes":""},"class_list":["post-5967","page","type-page","status-publish","has-post-thumbnail","hentry","entry"],"acf":[],"yoast_head":"<!-- This site is optimized with the Yoast SEO Premium plugin v21.5 (Yoast SEO v27.5) - https:\/\/yoast.com\/product\/yoast-seo-premium-wordpress\/ -->\n<title>Centro cultural WonderInn - Wonderinn<\/title>\n<meta name=\"description\" content=\"Experimente una combinaci\u00f3n \u00fanica de vida en una casa peque\u00f1a y cocina de origen local en Wergelandshaugen. Encuentre inspiraci\u00f3n en nuestros acogedores retiros.\" \/>\n<meta name=\"robots\" content=\"index, follow, max-snippet:-1, max-image-preview:large, max-video-preview:-1\" \/>\n<link rel=\"canonical\" href=\"https:\/\/wonderinn.no\/es\/centro-cultural-wonderinn\/\" \/>\n<meta property=\"og:locale\" content=\"es_ES\" \/>\n<meta property=\"og:type\" content=\"article\" \/>\n<meta property=\"og:title\" content=\"Centro cultural WonderInn\" \/>\n<meta property=\"og:description\" content=\"Experimente una combinaci\u00f3n \u00fanica de vida en una casa peque\u00f1a y cocina de origen local en Wergelandshaugen. Encuentre inspiraci\u00f3n en nuestros acogedores retiros.\" \/>\n<meta property=\"og:url\" content=\"https:\/\/wonderinn.no\/es\/centro-cultural-wonderinn\/\" \/>\n<meta property=\"og:site_name\" content=\"Wonderinn\" \/>\n<meta property=\"article:publisher\" content=\"https:\/\/www.facebook.com\/wonderinn.norway\/\" \/>\n<meta property=\"article:modified_time\" content=\"2024-12-23T11:28:34+00:00\" \/>\n<meta property=\"og:image\" content=\"https:\/\/wonderinn.no\/wp-content\/uploads\/2023\/03\/K8A8222-scaled-e1677842947511.jpg\" \/>\n\t<meta property=\"og:image:width\" content=\"2560\" \/>\n\t<meta property=\"og:image:height\" content=\"851\" \/>\n\t<meta property=\"og:image:type\" content=\"image\/jpeg\" \/>\n<meta name=\"twitter:card\" content=\"summary_large_image\" \/>\n<script type=\"application\/ld+json\" class=\"yoast-schema-graph\">{\"@context\":\"https:\\\/\\\/schema.org\",\"@graph\":[{\"@type\":\"WebPage\",\"@id\":\"https:\\\/\\\/wonderinn.no\\\/es\\\/centro-cultural-wonderinn\\\/\",\"url\":\"https:\\\/\\\/wonderinn.no\\\/es\\\/centro-cultural-wonderinn\\\/\",\"name\":\"Centro cultural WonderInn - Wonderinn\",\"isPartOf\":{\"@id\":\"https:\\\/\\\/wonderinn.no\\\/es\\\/#website\"},\"primaryImageOfPage\":{\"@id\":\"https:\\\/\\\/wonderinn.no\\\/es\\\/centro-cultural-wonderinn\\\/#primaryimage\"},\"image\":{\"@id\":\"https:\\\/\\\/wonderinn.no\\\/es\\\/centro-cultural-wonderinn\\\/#primaryimage\"},\"thumbnailUrl\":\"https:\\\/\\\/wonderinn.no\\\/wp-content\\\/uploads\\\/2023\\\/03\\\/K8A8222-scaled-e1677842947511.webp\",\"datePublished\":\"2024-10-24T06:39:11+00:00\",\"dateModified\":\"2024-12-23T11:28:34+00:00\",\"description\":\"Experimente una combinaci\u00f3n \u00fanica de vida en una casa peque\u00f1a y cocina de origen local en Wergelandshaugen. Encuentre inspiraci\u00f3n en nuestros acogedores retiros.\",\"breadcrumb\":{\"@id\":\"https:\\\/\\\/wonderinn.no\\\/es\\\/centro-cultural-wonderinn\\\/#breadcrumb\"},\"inLanguage\":\"es\",\"potentialAction\":[{\"@type\":\"ReadAction\",\"target\":[\"https:\\\/\\\/wonderinn.no\\\/es\\\/centro-cultural-wonderinn\\\/\"]}]},{\"@type\":\"ImageObject\",\"inLanguage\":\"es\",\"@id\":\"https:\\\/\\\/wonderinn.no\\\/es\\\/centro-cultural-wonderinn\\\/#primaryimage\",\"url\":\"https:\\\/\\\/wonderinn.no\\\/wp-content\\\/uploads\\\/2023\\\/03\\\/K8A8222-scaled-e1677842947511.webp\",\"contentUrl\":\"https:\\\/\\\/wonderinn.no\\\/wp-content\\\/uploads\\\/2023\\\/03\\\/K8A8222-scaled-e1677842947511.webp\",\"width\":2560,\"height\":851},{\"@type\":\"BreadcrumbList\",\"@id\":\"https:\\\/\\\/wonderinn.no\\\/es\\\/centro-cultural-wonderinn\\\/#breadcrumb\",\"itemListElement\":[{\"@type\":\"ListItem\",\"position\":1,\"name\":\"Inicio\",\"item\":\"https:\\\/\\\/wonderinn.no\\\/es\\\/\"},{\"@type\":\"ListItem\",\"position\":2,\"name\":\"Centro cultural WonderInn\"}]},{\"@type\":\"WebSite\",\"@id\":\"https:\\\/\\\/wonderinn.no\\\/es\\\/#website\",\"url\":\"https:\\\/\\\/wonderinn.no\\\/es\\\/\",\"name\":\"Wonderinn\",\"description\":\"\",\"publisher\":{\"@id\":\"https:\\\/\\\/wonderinn.no\\\/es\\\/#organization\"},\"potentialAction\":[{\"@type\":\"SearchAction\",\"target\":{\"@type\":\"EntryPoint\",\"urlTemplate\":\"https:\\\/\\\/wonderinn.no\\\/es\\\/?s={search_term_string}\"},\"query-input\":{\"@type\":\"PropertyValueSpecification\",\"valueRequired\":true,\"valueName\":\"search_term_string\"}}],\"inLanguage\":\"es\"},{\"@type\":\"Organization\",\"@id\":\"https:\\\/\\\/wonderinn.no\\\/es\\\/#organization\",\"name\":\"Wonderinn\",\"url\":\"https:\\\/\\\/wonderinn.no\\\/es\\\/\",\"logo\":{\"@type\":\"ImageObject\",\"inLanguage\":\"es\",\"@id\":\"https:\\\/\\\/wonderinn.no\\\/es\\\/#\\\/schema\\\/logo\\\/image\\\/\",\"url\":\"https:\\\/\\\/wonderinn.no\\\/wp-content\\\/uploads\\\/2023\\\/03\\\/big-WonderINN-Logo1.webp\",\"contentUrl\":\"https:\\\/\\\/wonderinn.no\\\/wp-content\\\/uploads\\\/2023\\\/03\\\/big-WonderINN-Logo1.webp\",\"width\":238,\"height\":194,\"caption\":\"Wonderinn\"},\"image\":{\"@id\":\"https:\\\/\\\/wonderinn.no\\\/es\\\/#\\\/schema\\\/logo\\\/image\\\/\"},\"sameAs\":[\"https:\\\/\\\/www.facebook.com\\\/wonderinn.norway\\\/\"]}]}<\/script>\n<!-- \/ Yoast SEO Premium plugin. -->","yoast_head_json":{"title":"Centro cultural WonderInn - Wonderinn","description":"Experimente una combinaci\u00f3n \u00fanica de vida en una casa peque\u00f1a y cocina de origen local en Wergelandshaugen. Encuentre inspiraci\u00f3n en nuestros acogedores retiros.","robots":{"index":"index","follow":"follow","max-snippet":"max-snippet:-1","max-image-preview":"max-image-preview:large","max-video-preview":"max-video-preview:-1"},"canonical":"https:\/\/wonderinn.no\/es\/centro-cultural-wonderinn\/","og_locale":"es_ES","og_type":"article","og_title":"Centro cultural WonderInn","og_description":"Experimente una combinaci\u00f3n \u00fanica de vida en una casa peque\u00f1a y cocina de origen local en Wergelandshaugen. Encuentre inspiraci\u00f3n en nuestros acogedores retiros.","og_url":"https:\/\/wonderinn.no\/es\/centro-cultural-wonderinn\/","og_site_name":"Wonderinn","article_publisher":"https:\/\/www.facebook.com\/wonderinn.norway\/","article_modified_time":"2024-12-23T11:28:34+00:00","og_image":[{"width":2560,"height":851,"url":"https:\/\/wonderinn.no\/wp-content\/uploads\/2023\/03\/K8A8222-scaled-e1677842947511.jpg","type":"image\/jpeg"}],"twitter_card":"summary_large_image","schema":{"@context":"https:\/\/schema.org","@graph":[{"@type":"WebPage","@id":"https:\/\/wonderinn.no\/es\/centro-cultural-wonderinn\/","url":"https:\/\/wonderinn.no\/es\/centro-cultural-wonderinn\/","name":"Centro cultural WonderInn - Wonderinn","isPartOf":{"@id":"https:\/\/wonderinn.no\/es\/#website"},"primaryImageOfPage":{"@id":"https:\/\/wonderinn.no\/es\/centro-cultural-wonderinn\/#primaryimage"},"image":{"@id":"https:\/\/wonderinn.no\/es\/centro-cultural-wonderinn\/#primaryimage"},"thumbnailUrl":"https:\/\/wonderinn.no\/wp-content\/uploads\/2023\/03\/K8A8222-scaled-e1677842947511.webp","datePublished":"2024-10-24T06:39:11+00:00","dateModified":"2024-12-23T11:28:34+00:00","description":"Experimente una combinaci\u00f3n \u00fanica de vida en una casa peque\u00f1a y cocina de origen local en Wergelandshaugen. Encuentre inspiraci\u00f3n en nuestros acogedores retiros.","breadcrumb":{"@id":"https:\/\/wonderinn.no\/es\/centro-cultural-wonderinn\/#breadcrumb"},"inLanguage":"es","potentialAction":[{"@type":"ReadAction","target":["https:\/\/wonderinn.no\/es\/centro-cultural-wonderinn\/"]}]},{"@type":"ImageObject","inLanguage":"es","@id":"https:\/\/wonderinn.no\/es\/centro-cultural-wonderinn\/#primaryimage","url":"https:\/\/wonderinn.no\/wp-content\/uploads\/2023\/03\/K8A8222-scaled-e1677842947511.webp","contentUrl":"https:\/\/wonderinn.no\/wp-content\/uploads\/2023\/03\/K8A8222-scaled-e1677842947511.webp","width":2560,"height":851},{"@type":"BreadcrumbList","@id":"https:\/\/wonderinn.no\/es\/centro-cultural-wonderinn\/#breadcrumb","itemListElement":[{"@type":"ListItem","position":1,"name":"Inicio","item":"https:\/\/wonderinn.no\/es\/"},{"@type":"ListItem","position":2,"name":"Centro cultural WonderInn"}]},{"@type":"WebSite","@id":"https:\/\/wonderinn.no\/es\/#website","url":"https:\/\/wonderinn.no\/es\/","name":"Wonderinn","description":"","publisher":{"@id":"https:\/\/wonderinn.no\/es\/#organization"},"potentialAction":[{"@type":"SearchAction","target":{"@type":"EntryPoint","urlTemplate":"https:\/\/wonderinn.no\/es\/?s={search_term_string}"},"query-input":{"@type":"PropertyValueSpecification","valueRequired":true,"valueName":"search_term_string"}}],"inLanguage":"es"},{"@type":"Organization","@id":"https:\/\/wonderinn.no\/es\/#organization","name":"Wonderinn","url":"https:\/\/wonderinn.no\/es\/","logo":{"@type":"ImageObject","inLanguage":"es","@id":"https:\/\/wonderinn.no\/es\/#\/schema\/logo\/image\/","url":"https:\/\/wonderinn.no\/wp-content\/uploads\/2023\/03\/big-WonderINN-Logo1.webp","contentUrl":"https:\/\/wonderinn.no\/wp-content\/uploads\/2023\/03\/big-WonderINN-Logo1.webp","width":238,"height":194,"caption":"Wonderinn"},"image":{"@id":"https:\/\/wonderinn.no\/es\/#\/schema\/logo\/image\/"},"sameAs":["https:\/\/www.facebook.com\/wonderinn.norway\/"]}]}},"_links":{"self":[{"href":"https:\/\/wonderinn.no\/es\/wp-json\/wp\/v2\/pages\/5967","targetHints":{"allow":["GET"]}}],"collection":[{"href":"https:\/\/wonderinn.no\/es\/wp-json\/wp\/v2\/pages"}],"about":[{"href":"https:\/\/wonderinn.no\/es\/wp-json\/wp\/v2\/types\/page"}],"author":[{"embeddable":true,"href":"https:\/\/wonderinn.no\/es\/wp-json\/wp\/v2\/users\/2"}],"replies":[{"embeddable":true,"href":"https:\/\/wonderinn.no\/es\/wp-json\/wp\/v2\/comments?post=5967"}],"version-history":[{"count":1,"href":"https:\/\/wonderinn.no\/es\/wp-json\/wp\/v2\/pages\/5967\/revisions"}],"predecessor-version":[{"id":7174,"href":"https:\/\/wonderinn.no\/es\/wp-json\/wp\/v2\/pages\/5967\/revisions\/7174"}],"wp:featuredmedia":[{"embeddable":true,"href":"https:\/\/wonderinn.no\/es\/wp-json\/wp\/v2\/media\/5968"}],"wp:attachment":[{"href":"https:\/\/wonderinn.no\/es\/wp-json\/wp\/v2\/media?parent=5967"}],"curies":[{"name":"wp","href":"https:\/\/api.w.org\/{rel}","templated":true}]}}