{"id":6819,"date":"2024-10-22T09:09:55","date_gmt":"2024-10-22T09:09:55","guid":{"rendered":"https:\/\/wonderinn.no\/product\/tarjetas-de-regalo-wonderinn\/"},"modified":"2025-12-23T04:08:22","modified_gmt":"2025-12-23T04:08:22","slug":"tarjetas-de-regalo-wonderinn","status":"publish","type":"product","link":"https:\/\/wonderinn.no\/es\/product\/tarjetas-de-regalo-wonderinn\/","title":{"rendered":"Tarjetas de regalo WonderInn"},"content":{"rendered":"<p>\u00bfEst\u00e1s buscando el regalo perfecto para tu pareja, reci\u00e9n casados, familiares, amigos o un par de amigos que se merecen una escapada y vivir una experiencia muy especial? Puedes regalar una tarjeta regalo para una estancia en cualquier caba\u00f1a WonderInn y por cualquier importe. La tarjeta regalo es v\u00e1lida durante 1 a\u00f1o &#8211; la fecha de entrada debe ser anterior a la fecha de vencimiento.  <\/p>\n<p>&nbsp;<\/p>\n<p>El precio medio de una estancia es de 3.450 NOK. Mira c\u00f3mo queda la tarjeta regalo <strong><a href=\"https:\/\/wonderinn.no\/wp-content\/uploads\/2025\/12\/Kopi-av-Gift-Card-WonderInn-example.pdf\">aqu\u00ed<\/a><\/strong><\/p>\n","protected":false},"excerpt":{"rendered":"<p>\u00bfEst\u00e1s buscando el regalo perfecto para tu pareja, reci\u00e9n casados, familiares, amigos o un par de amigos que se merecen una escapada y vivir una experiencia muy especial? Puedes regalar una tarjeta regalo para una estancia en cualquier caba\u00f1a WonderInn y por cualquier importe. La tarjeta regalo es v\u00e1lida durante 1 a\u00f1o &#8211; la fecha&hellip; <a class=\"more-link\" href=\"https:\/\/wonderinn.no\/es\/product\/tarjetas-de-regalo-wonderinn\/\">Seguir leyendo <span class=\"screen-reader-text\">Tarjetas de regalo WonderInn<\/span><\/a><\/p>\n","protected":false},"featured_media":11473,"template":"","meta":{"_acf_changed":false,"_monsterinsights_skip_tracking":false,"_monsterinsights_sitenote_active":false,"_monsterinsights_sitenote_note":"","_monsterinsights_sitenote_category":0},"product_brand":[],"product_cat":[112],"product_tag":[],"class_list":{"0":"post-6819","1":"product","2":"type-product","3":"status-publish","4":"has-post-thumbnail","6":"product_cat-sin-categorizar","7":"entry","9":"first","10":"instock","11":"shipping-taxable","12":"purchasable","13":"product-type-simple","14":"cpw-product"},"acf":[],"yoast_head":"<!-- This site is optimized with the Yoast SEO Premium plugin v21.5 (Yoast SEO v27.4) - https:\/\/yoast.com\/product\/yoast-seo-premium-wordpress\/ -->\n<title>Tarjetas de regalo WonderInn - Wonderinn<\/title>\n<meta name=\"description\" content=\"Regala una experiencia m\u00e1gica de glamping en WonderInn - Noruega. Perfecto para amantes y buscadores de la naturaleza. Experimenta la vida al m\u00e1ximo.\" \/>\n<meta name=\"robots\" content=\"index, follow, max-snippet:-1, max-image-preview:large, max-video-preview:-1\" \/>\n<link rel=\"canonical\" href=\"https:\/\/wonderinn.no\/es\/product\/tarjetas-de-regalo-wonderinn\/\" \/>\n<meta property=\"og:locale\" content=\"es_ES\" \/>\n<meta property=\"og:type\" content=\"article\" \/>\n<meta property=\"og:title\" content=\"Tarjetas de regalo WonderInn\" \/>\n<meta property=\"og:description\" content=\"Regala una experiencia m\u00e1gica de glamping en WonderInn - Noruega. Perfecto para amantes y buscadores de la naturaleza. Experimenta la vida al m\u00e1ximo.\" \/>\n<meta property=\"og:url\" content=\"https:\/\/wonderinn.no\/es\/product\/tarjetas-de-regalo-wonderinn\/\" \/>\n<meta property=\"og:site_name\" content=\"Wonderinn\" \/>\n<meta property=\"article:publisher\" content=\"https:\/\/www.facebook.com\/wonderinn.norway\/\" \/>\n<meta property=\"article:modified_time\" content=\"2025-12-23T04:08:22+00:00\" \/>\n<meta property=\"og:image\" content=\"https:\/\/wonderinn.no\/wp-content\/uploads\/2022\/11\/giftcard-1.webp\" \/>\n\t<meta property=\"og:image:width\" content=\"1304\" \/>\n\t<meta property=\"og:image:height\" content=\"960\" \/>\n\t<meta property=\"og:image:type\" content=\"image\/png\" \/>\n<meta name=\"twitter:card\" content=\"summary_large_image\" \/>\n<meta name=\"twitter:label1\" content=\"Tiempo de lectura\" \/>\n\t<meta name=\"twitter:data1\" content=\"1 minuto\" \/>\n<script type=\"application\/ld+json\" class=\"yoast-schema-graph\">{\"@context\":\"https:\\\/\\\/schema.org\",\"@graph\":[{\"@type\":\"WebPage\",\"@id\":\"https:\\\/\\\/wonderinn.no\\\/es\\\/product\\\/tarjetas-de-regalo-wonderinn\\\/\",\"url\":\"https:\\\/\\\/wonderinn.no\\\/es\\\/product\\\/tarjetas-de-regalo-wonderinn\\\/\",\"name\":\"Tarjetas de regalo WonderInn - Wonderinn\",\"isPartOf\":{\"@id\":\"https:\\\/\\\/wonderinn.no\\\/es\\\/#website\"},\"primaryImageOfPage\":{\"@id\":\"https:\\\/\\\/wonderinn.no\\\/es\\\/product\\\/tarjetas-de-regalo-wonderinn\\\/#primaryimage\"},\"image\":{\"@id\":\"https:\\\/\\\/wonderinn.no\\\/es\\\/product\\\/tarjetas-de-regalo-wonderinn\\\/#primaryimage\"},\"thumbnailUrl\":\"https:\\\/\\\/wonderinn.no\\\/wp-content\\\/uploads\\\/2022\\\/11\\\/giftcard-1.webp\",\"datePublished\":\"2024-10-22T09:09:55+00:00\",\"dateModified\":\"2025-12-23T04:08:22+00:00\",\"description\":\"Regala una experiencia m\u00e1gica de glamping en WonderInn - Noruega. Perfecto para amantes y buscadores de la naturaleza. Experimenta la vida al m\u00e1ximo.\",\"breadcrumb\":{\"@id\":\"https:\\\/\\\/wonderinn.no\\\/es\\\/product\\\/tarjetas-de-regalo-wonderinn\\\/#breadcrumb\"},\"inLanguage\":\"es\",\"potentialAction\":[{\"@type\":\"ReadAction\",\"target\":[\"https:\\\/\\\/wonderinn.no\\\/es\\\/product\\\/tarjetas-de-regalo-wonderinn\\\/\"]}]},{\"@type\":\"ImageObject\",\"inLanguage\":\"es\",\"@id\":\"https:\\\/\\\/wonderinn.no\\\/es\\\/product\\\/tarjetas-de-regalo-wonderinn\\\/#primaryimage\",\"url\":\"https:\\\/\\\/wonderinn.no\\\/wp-content\\\/uploads\\\/2022\\\/11\\\/giftcard-1.webp\",\"contentUrl\":\"https:\\\/\\\/wonderinn.no\\\/wp-content\\\/uploads\\\/2022\\\/11\\\/giftcard-1.webp\",\"width\":1304,\"height\":960,\"caption\":\"tarjeta regalo\"},{\"@type\":\"BreadcrumbList\",\"@id\":\"https:\\\/\\\/wonderinn.no\\\/es\\\/product\\\/tarjetas-de-regalo-wonderinn\\\/#breadcrumb\",\"itemListElement\":[{\"@type\":\"ListItem\",\"position\":1,\"name\":\"Inicio\",\"item\":\"https:\\\/\\\/wonderinn.no\\\/es\\\/\"},{\"@type\":\"ListItem\",\"position\":2,\"name\":\"Shop\",\"item\":\"https:\\\/\\\/wonderinn.no\\\/shop\\\/\"},{\"@type\":\"ListItem\",\"position\":3,\"name\":\"Tarjetas de regalo WonderInn\"}]},{\"@type\":\"WebSite\",\"@id\":\"https:\\\/\\\/wonderinn.no\\\/es\\\/#website\",\"url\":\"https:\\\/\\\/wonderinn.no\\\/es\\\/\",\"name\":\"Wonderinn\",\"description\":\"\",\"publisher\":{\"@id\":\"https:\\\/\\\/wonderinn.no\\\/es\\\/#organization\"},\"potentialAction\":[{\"@type\":\"SearchAction\",\"target\":{\"@type\":\"EntryPoint\",\"urlTemplate\":\"https:\\\/\\\/wonderinn.no\\\/es\\\/?s={search_term_string}\"},\"query-input\":{\"@type\":\"PropertyValueSpecification\",\"valueRequired\":true,\"valueName\":\"search_term_string\"}}],\"inLanguage\":\"es\"},{\"@type\":\"Organization\",\"@id\":\"https:\\\/\\\/wonderinn.no\\\/es\\\/#organization\",\"name\":\"Wonderinn\",\"url\":\"https:\\\/\\\/wonderinn.no\\\/es\\\/\",\"logo\":{\"@type\":\"ImageObject\",\"inLanguage\":\"es\",\"@id\":\"https:\\\/\\\/wonderinn.no\\\/es\\\/#\\\/schema\\\/logo\\\/image\\\/\",\"url\":\"https:\\\/\\\/wonderinn.no\\\/wp-content\\\/uploads\\\/2023\\\/03\\\/big-WonderINN-Logo1.webp\",\"contentUrl\":\"https:\\\/\\\/wonderinn.no\\\/wp-content\\\/uploads\\\/2023\\\/03\\\/big-WonderINN-Logo1.webp\",\"width\":238,\"height\":194,\"caption\":\"Wonderinn\"},\"image\":{\"@id\":\"https:\\\/\\\/wonderinn.no\\\/es\\\/#\\\/schema\\\/logo\\\/image\\\/\"},\"sameAs\":[\"https:\\\/\\\/www.facebook.com\\\/wonderinn.norway\\\/\"]}]}<\/script>\n<!-- \/ Yoast SEO Premium plugin. -->","yoast_head_json":{"title":"Tarjetas de regalo WonderInn - Wonderinn","description":"Regala una experiencia m\u00e1gica de glamping en WonderInn - Noruega. Perfecto para amantes y buscadores de la naturaleza. Experimenta la vida al m\u00e1ximo.","robots":{"index":"index","follow":"follow","max-snippet":"max-snippet:-1","max-image-preview":"max-image-preview:large","max-video-preview":"max-video-preview:-1"},"canonical":"https:\/\/wonderinn.no\/es\/product\/tarjetas-de-regalo-wonderinn\/","og_locale":"es_ES","og_type":"article","og_title":"Tarjetas de regalo WonderInn","og_description":"Regala una experiencia m\u00e1gica de glamping en WonderInn - Noruega. Perfecto para amantes y buscadores de la naturaleza. Experimenta la vida al m\u00e1ximo.","og_url":"https:\/\/wonderinn.no\/es\/product\/tarjetas-de-regalo-wonderinn\/","og_site_name":"Wonderinn","article_publisher":"https:\/\/www.facebook.com\/wonderinn.norway\/","article_modified_time":"2025-12-23T04:08:22+00:00","og_image":[{"width":1304,"height":960,"url":"https:\/\/wonderinn.no\/wp-content\/uploads\/2022\/11\/giftcard-1.webp","type":"image\/png"}],"twitter_card":"summary_large_image","twitter_misc":{"Tiempo de lectura":"1 minuto"},"schema":{"@context":"https:\/\/schema.org","@graph":[{"@type":"WebPage","@id":"https:\/\/wonderinn.no\/es\/product\/tarjetas-de-regalo-wonderinn\/","url":"https:\/\/wonderinn.no\/es\/product\/tarjetas-de-regalo-wonderinn\/","name":"Tarjetas de regalo WonderInn - Wonderinn","isPartOf":{"@id":"https:\/\/wonderinn.no\/es\/#website"},"primaryImageOfPage":{"@id":"https:\/\/wonderinn.no\/es\/product\/tarjetas-de-regalo-wonderinn\/#primaryimage"},"image":{"@id":"https:\/\/wonderinn.no\/es\/product\/tarjetas-de-regalo-wonderinn\/#primaryimage"},"thumbnailUrl":"https:\/\/wonderinn.no\/wp-content\/uploads\/2022\/11\/giftcard-1.webp","datePublished":"2024-10-22T09:09:55+00:00","dateModified":"2025-12-23T04:08:22+00:00","description":"Regala una experiencia m\u00e1gica de glamping en WonderInn - Noruega. Perfecto para amantes y buscadores de la naturaleza. Experimenta la vida al m\u00e1ximo.","breadcrumb":{"@id":"https:\/\/wonderinn.no\/es\/product\/tarjetas-de-regalo-wonderinn\/#breadcrumb"},"inLanguage":"es","potentialAction":[{"@type":"ReadAction","target":["https:\/\/wonderinn.no\/es\/product\/tarjetas-de-regalo-wonderinn\/"]}]},{"@type":"ImageObject","inLanguage":"es","@id":"https:\/\/wonderinn.no\/es\/product\/tarjetas-de-regalo-wonderinn\/#primaryimage","url":"https:\/\/wonderinn.no\/wp-content\/uploads\/2022\/11\/giftcard-1.webp","contentUrl":"https:\/\/wonderinn.no\/wp-content\/uploads\/2022\/11\/giftcard-1.webp","width":1304,"height":960,"caption":"tarjeta regalo"},{"@type":"BreadcrumbList","@id":"https:\/\/wonderinn.no\/es\/product\/tarjetas-de-regalo-wonderinn\/#breadcrumb","itemListElement":[{"@type":"ListItem","position":1,"name":"Inicio","item":"https:\/\/wonderinn.no\/es\/"},{"@type":"ListItem","position":2,"name":"Shop","item":"https:\/\/wonderinn.no\/shop\/"},{"@type":"ListItem","position":3,"name":"Tarjetas de regalo WonderInn"}]},{"@type":"WebSite","@id":"https:\/\/wonderinn.no\/es\/#website","url":"https:\/\/wonderinn.no\/es\/","name":"Wonderinn","description":"","publisher":{"@id":"https:\/\/wonderinn.no\/es\/#organization"},"potentialAction":[{"@type":"SearchAction","target":{"@type":"EntryPoint","urlTemplate":"https:\/\/wonderinn.no\/es\/?s={search_term_string}"},"query-input":{"@type":"PropertyValueSpecification","valueRequired":true,"valueName":"search_term_string"}}],"inLanguage":"es"},{"@type":"Organization","@id":"https:\/\/wonderinn.no\/es\/#organization","name":"Wonderinn","url":"https:\/\/wonderinn.no\/es\/","logo":{"@type":"ImageObject","inLanguage":"es","@id":"https:\/\/wonderinn.no\/es\/#\/schema\/logo\/image\/","url":"https:\/\/wonderinn.no\/wp-content\/uploads\/2023\/03\/big-WonderINN-Logo1.webp","contentUrl":"https:\/\/wonderinn.no\/wp-content\/uploads\/2023\/03\/big-WonderINN-Logo1.webp","width":238,"height":194,"caption":"Wonderinn"},"image":{"@id":"https:\/\/wonderinn.no\/es\/#\/schema\/logo\/image\/"},"sameAs":["https:\/\/www.facebook.com\/wonderinn.norway\/"]}]}},"_links":{"self":[{"href":"https:\/\/wonderinn.no\/es\/wp-json\/wp\/v2\/product\/6819","targetHints":{"allow":["GET"]}}],"collection":[{"href":"https:\/\/wonderinn.no\/es\/wp-json\/wp\/v2\/product"}],"about":[{"href":"https:\/\/wonderinn.no\/es\/wp-json\/wp\/v2\/types\/product"}],"wp:featuredmedia":[{"embeddable":true,"href":"https:\/\/wonderinn.no\/es\/wp-json\/wp\/v2\/media\/11473"}],"wp:attachment":[{"href":"https:\/\/wonderinn.no\/es\/wp-json\/wp\/v2\/media?parent=6819"}],"wp:term":[{"taxonomy":"product_brand","embeddable":true,"href":"https:\/\/wonderinn.no\/es\/wp-json\/wp\/v2\/product_brand?post=6819"},{"taxonomy":"product_cat","embeddable":true,"href":"https:\/\/wonderinn.no\/es\/wp-json\/wp\/v2\/product_cat?post=6819"},{"taxonomy":"product_tag","embeddable":true,"href":"https:\/\/wonderinn.no\/es\/wp-json\/wp\/v2\/product_tag?post=6819"}],"curies":[{"name":"wp","href":"https:\/\/api.w.org\/{rel}","templated":true}]}}