{"id":4908,"date":"2024-10-16T11:53:39","date_gmt":"2024-10-16T11:53:39","guid":{"rendered":"https:\/\/wonderinn.no\/presse\/"},"modified":"2025-11-27T11:37:45","modified_gmt":"2025-11-27T11:37:45","slug":"presse","status":"publish","type":"page","link":"https:\/\/wonderinn.no\/fr\/presse\/","title":{"rendered":"Presse"},"content":{"rendered":"","protected":false},"excerpt":{"rendered":"","protected":false},"author":3,"featured_media":4568,"parent":0,"menu_order":0,"comment_status":"closed","ping_status":"closed","template":"press.php","meta":{"_acf_changed":false,"_monsterinsights_skip_tracking":false,"_monsterinsights_sitenote_active":false,"_monsterinsights_sitenote_note":"","_monsterinsights_sitenote_category":0,"footnotes":""},"class_list":["post-4908","page","type-page","status-publish","has-post-thumbnail","hentry","entry"],"acf":[],"yoast_head":"<!-- This site is optimized with the Yoast SEO Premium plugin v21.5 (Yoast SEO v27.4) - https:\/\/yoast.com\/product\/yoast-seo-premium-wordpress\/ -->\n<title>Presse - Wonderinn<\/title>\n<meta name=\"description\" content=\"Restez au courant des derni\u00e8res nouvelles, des \u00e9v\u00e9nements et de la couverture m\u00e9diatique de WonderInn ! Visitez notre page de presse pour d\u00e9couvrir la meilleure destination de vacances en Norv\u00e8ge.\" \/>\n<meta name=\"robots\" content=\"index, follow, max-snippet:-1, max-image-preview:large, max-video-preview:-1\" \/>\n<link rel=\"canonical\" href=\"https:\/\/wonderinn.no\/fr\/presse\/\" \/>\n<meta property=\"og:locale\" content=\"fr_FR\" \/>\n<meta property=\"og:type\" content=\"article\" \/>\n<meta property=\"og:title\" content=\"Presse\" \/>\n<meta property=\"og:description\" content=\"Restez au courant des derni\u00e8res nouvelles, des \u00e9v\u00e9nements et de la couverture m\u00e9diatique de WonderInn ! Visitez notre page de presse pour d\u00e9couvrir la meilleure destination de vacances en Norv\u00e8ge.\" \/>\n<meta property=\"og:url\" content=\"https:\/\/wonderinn.no\/fr\/presse\/\" \/>\n<meta property=\"og:site_name\" content=\"Wonderinn\" \/>\n<meta property=\"article:publisher\" content=\"https:\/\/www.facebook.com\/wonderinn.norway\/\" \/>\n<meta property=\"article:modified_time\" content=\"2025-11-27T11:37:45+00:00\" \/>\n<meta property=\"og:image\" content=\"https:\/\/wonderinn.no\/wp-content\/uploads\/2022\/12\/33306-85365-XFj1fxYp-7WsjfdPBXIahIJg9iaX-j8TyFwjb-6VhM-621b55f2191ed-small.jpg\" \/>\n\t<meta property=\"og:image:width\" content=\"359\" \/>\n\t<meta property=\"og:image:height\" content=\"450\" \/>\n\t<meta property=\"og:image:type\" content=\"image\/jpeg\" \/>\n<meta name=\"twitter:card\" content=\"summary_large_image\" \/>\n<meta name=\"twitter:label1\" content=\"Dur\u00e9e de lecture estim\u00e9e\" \/>\n\t<meta name=\"twitter:data1\" content=\"1 minute\" \/>\n<script type=\"application\/ld+json\" class=\"yoast-schema-graph\">{\"@context\":\"https:\\\/\\\/schema.org\",\"@graph\":[{\"@type\":\"WebPage\",\"@id\":\"https:\\\/\\\/wonderinn.no\\\/fr\\\/presse\\\/\",\"url\":\"https:\\\/\\\/wonderinn.no\\\/fr\\\/presse\\\/\",\"name\":\"Presse - Wonderinn\",\"isPartOf\":{\"@id\":\"https:\\\/\\\/wonderinn.no\\\/fr\\\/#website\"},\"primaryImageOfPage\":{\"@id\":\"https:\\\/\\\/wonderinn.no\\\/fr\\\/presse\\\/#primaryimage\"},\"image\":{\"@id\":\"https:\\\/\\\/wonderinn.no\\\/fr\\\/presse\\\/#primaryimage\"},\"thumbnailUrl\":\"https:\\\/\\\/wonderinn.no\\\/wp-content\\\/uploads\\\/2022\\\/12\\\/33306-85365-XFj1fxYp-7WsjfdPBXIahIJg9iaX-j8TyFwjb-6VhM-621b55f2191ed-small.webp\",\"datePublished\":\"2024-10-16T11:53:39+00:00\",\"dateModified\":\"2025-11-27T11:37:45+00:00\",\"description\":\"Restez au courant des derni\u00e8res nouvelles, des \u00e9v\u00e9nements et de la couverture m\u00e9diatique de WonderInn ! Visitez notre page de presse pour d\u00e9couvrir la meilleure destination de vacances en Norv\u00e8ge.\",\"breadcrumb\":{\"@id\":\"https:\\\/\\\/wonderinn.no\\\/fr\\\/presse\\\/#breadcrumb\"},\"inLanguage\":\"fr-FR\",\"potentialAction\":[{\"@type\":\"ReadAction\",\"target\":[\"https:\\\/\\\/wonderinn.no\\\/fr\\\/presse\\\/\"]}]},{\"@type\":\"ImageObject\",\"inLanguage\":\"fr-FR\",\"@id\":\"https:\\\/\\\/wonderinn.no\\\/fr\\\/presse\\\/#primaryimage\",\"url\":\"https:\\\/\\\/wonderinn.no\\\/wp-content\\\/uploads\\\/2022\\\/12\\\/33306-85365-XFj1fxYp-7WsjfdPBXIahIJg9iaX-j8TyFwjb-6VhM-621b55f2191ed-small.webp\",\"contentUrl\":\"https:\\\/\\\/wonderinn.no\\\/wp-content\\\/uploads\\\/2022\\\/12\\\/33306-85365-XFj1fxYp-7WsjfdPBXIahIJg9iaX-j8TyFwjb-6VhM-621b55f2191ed-small.webp\",\"width\":359,\"height\":450},{\"@type\":\"BreadcrumbList\",\"@id\":\"https:\\\/\\\/wonderinn.no\\\/fr\\\/presse\\\/#breadcrumb\",\"itemListElement\":[{\"@type\":\"ListItem\",\"position\":1,\"name\":\"Accueil\",\"item\":\"https:\\\/\\\/wonderinn.no\\\/fr\\\/\"},{\"@type\":\"ListItem\",\"position\":2,\"name\":\"Presse\"}]},{\"@type\":\"WebSite\",\"@id\":\"https:\\\/\\\/wonderinn.no\\\/fr\\\/#website\",\"url\":\"https:\\\/\\\/wonderinn.no\\\/fr\\\/\",\"name\":\"Wonderinn\",\"description\":\"\",\"publisher\":{\"@id\":\"https:\\\/\\\/wonderinn.no\\\/fr\\\/#organization\"},\"potentialAction\":[{\"@type\":\"SearchAction\",\"target\":{\"@type\":\"EntryPoint\",\"urlTemplate\":\"https:\\\/\\\/wonderinn.no\\\/fr\\\/?s={search_term_string}\"},\"query-input\":{\"@type\":\"PropertyValueSpecification\",\"valueRequired\":true,\"valueName\":\"search_term_string\"}}],\"inLanguage\":\"fr-FR\"},{\"@type\":\"Organization\",\"@id\":\"https:\\\/\\\/wonderinn.no\\\/fr\\\/#organization\",\"name\":\"Wonderinn\",\"url\":\"https:\\\/\\\/wonderinn.no\\\/fr\\\/\",\"logo\":{\"@type\":\"ImageObject\",\"inLanguage\":\"fr-FR\",\"@id\":\"https:\\\/\\\/wonderinn.no\\\/fr\\\/#\\\/schema\\\/logo\\\/image\\\/\",\"url\":\"https:\\\/\\\/wonderinn.no\\\/wp-content\\\/uploads\\\/2023\\\/03\\\/big-WonderINN-Logo1.webp\",\"contentUrl\":\"https:\\\/\\\/wonderinn.no\\\/wp-content\\\/uploads\\\/2023\\\/03\\\/big-WonderINN-Logo1.webp\",\"width\":238,\"height\":194,\"caption\":\"Wonderinn\"},\"image\":{\"@id\":\"https:\\\/\\\/wonderinn.no\\\/fr\\\/#\\\/schema\\\/logo\\\/image\\\/\"},\"sameAs\":[\"https:\\\/\\\/www.facebook.com\\\/wonderinn.norway\\\/\"]}]}<\/script>\n<!-- \/ Yoast SEO Premium plugin. -->","yoast_head_json":{"title":"Presse - Wonderinn","description":"Restez au courant des derni\u00e8res nouvelles, des \u00e9v\u00e9nements et de la couverture m\u00e9diatique de WonderInn ! Visitez notre page de presse pour d\u00e9couvrir la meilleure destination de vacances en Norv\u00e8ge.","robots":{"index":"index","follow":"follow","max-snippet":"max-snippet:-1","max-image-preview":"max-image-preview:large","max-video-preview":"max-video-preview:-1"},"canonical":"https:\/\/wonderinn.no\/fr\/presse\/","og_locale":"fr_FR","og_type":"article","og_title":"Presse","og_description":"Restez au courant des derni\u00e8res nouvelles, des \u00e9v\u00e9nements et de la couverture m\u00e9diatique de WonderInn ! Visitez notre page de presse pour d\u00e9couvrir la meilleure destination de vacances en Norv\u00e8ge.","og_url":"https:\/\/wonderinn.no\/fr\/presse\/","og_site_name":"Wonderinn","article_publisher":"https:\/\/www.facebook.com\/wonderinn.norway\/","article_modified_time":"2025-11-27T11:37:45+00:00","og_image":[{"width":359,"height":450,"url":"https:\/\/wonderinn.no\/wp-content\/uploads\/2022\/12\/33306-85365-XFj1fxYp-7WsjfdPBXIahIJg9iaX-j8TyFwjb-6VhM-621b55f2191ed-small.jpg","type":"image\/jpeg"}],"twitter_card":"summary_large_image","twitter_misc":{"Dur\u00e9e de lecture estim\u00e9e":"1 minute"},"schema":{"@context":"https:\/\/schema.org","@graph":[{"@type":"WebPage","@id":"https:\/\/wonderinn.no\/fr\/presse\/","url":"https:\/\/wonderinn.no\/fr\/presse\/","name":"Presse - Wonderinn","isPartOf":{"@id":"https:\/\/wonderinn.no\/fr\/#website"},"primaryImageOfPage":{"@id":"https:\/\/wonderinn.no\/fr\/presse\/#primaryimage"},"image":{"@id":"https:\/\/wonderinn.no\/fr\/presse\/#primaryimage"},"thumbnailUrl":"https:\/\/wonderinn.no\/wp-content\/uploads\/2022\/12\/33306-85365-XFj1fxYp-7WsjfdPBXIahIJg9iaX-j8TyFwjb-6VhM-621b55f2191ed-small.webp","datePublished":"2024-10-16T11:53:39+00:00","dateModified":"2025-11-27T11:37:45+00:00","description":"Restez au courant des derni\u00e8res nouvelles, des \u00e9v\u00e9nements et de la couverture m\u00e9diatique de WonderInn ! Visitez notre page de presse pour d\u00e9couvrir la meilleure destination de vacances en Norv\u00e8ge.","breadcrumb":{"@id":"https:\/\/wonderinn.no\/fr\/presse\/#breadcrumb"},"inLanguage":"fr-FR","potentialAction":[{"@type":"ReadAction","target":["https:\/\/wonderinn.no\/fr\/presse\/"]}]},{"@type":"ImageObject","inLanguage":"fr-FR","@id":"https:\/\/wonderinn.no\/fr\/presse\/#primaryimage","url":"https:\/\/wonderinn.no\/wp-content\/uploads\/2022\/12\/33306-85365-XFj1fxYp-7WsjfdPBXIahIJg9iaX-j8TyFwjb-6VhM-621b55f2191ed-small.webp","contentUrl":"https:\/\/wonderinn.no\/wp-content\/uploads\/2022\/12\/33306-85365-XFj1fxYp-7WsjfdPBXIahIJg9iaX-j8TyFwjb-6VhM-621b55f2191ed-small.webp","width":359,"height":450},{"@type":"BreadcrumbList","@id":"https:\/\/wonderinn.no\/fr\/presse\/#breadcrumb","itemListElement":[{"@type":"ListItem","position":1,"name":"Accueil","item":"https:\/\/wonderinn.no\/fr\/"},{"@type":"ListItem","position":2,"name":"Presse"}]},{"@type":"WebSite","@id":"https:\/\/wonderinn.no\/fr\/#website","url":"https:\/\/wonderinn.no\/fr\/","name":"Wonderinn","description":"","publisher":{"@id":"https:\/\/wonderinn.no\/fr\/#organization"},"potentialAction":[{"@type":"SearchAction","target":{"@type":"EntryPoint","urlTemplate":"https:\/\/wonderinn.no\/fr\/?s={search_term_string}"},"query-input":{"@type":"PropertyValueSpecification","valueRequired":true,"valueName":"search_term_string"}}],"inLanguage":"fr-FR"},{"@type":"Organization","@id":"https:\/\/wonderinn.no\/fr\/#organization","name":"Wonderinn","url":"https:\/\/wonderinn.no\/fr\/","logo":{"@type":"ImageObject","inLanguage":"fr-FR","@id":"https:\/\/wonderinn.no\/fr\/#\/schema\/logo\/image\/","url":"https:\/\/wonderinn.no\/wp-content\/uploads\/2023\/03\/big-WonderINN-Logo1.webp","contentUrl":"https:\/\/wonderinn.no\/wp-content\/uploads\/2023\/03\/big-WonderINN-Logo1.webp","width":238,"height":194,"caption":"Wonderinn"},"image":{"@id":"https:\/\/wonderinn.no\/fr\/#\/schema\/logo\/image\/"},"sameAs":["https:\/\/www.facebook.com\/wonderinn.norway\/"]}]}},"_links":{"self":[{"href":"https:\/\/wonderinn.no\/fr\/wp-json\/wp\/v2\/pages\/4908","targetHints":{"allow":["GET"]}}],"collection":[{"href":"https:\/\/wonderinn.no\/fr\/wp-json\/wp\/v2\/pages"}],"about":[{"href":"https:\/\/wonderinn.no\/fr\/wp-json\/wp\/v2\/types\/page"}],"author":[{"embeddable":true,"href":"https:\/\/wonderinn.no\/fr\/wp-json\/wp\/v2\/users\/3"}],"replies":[{"embeddable":true,"href":"https:\/\/wonderinn.no\/fr\/wp-json\/wp\/v2\/comments?post=4908"}],"version-history":[{"count":2,"href":"https:\/\/wonderinn.no\/fr\/wp-json\/wp\/v2\/pages\/4908\/revisions"}],"predecessor-version":[{"id":7182,"href":"https:\/\/wonderinn.no\/fr\/wp-json\/wp\/v2\/pages\/4908\/revisions\/7182"}],"wp:featuredmedia":[{"embeddable":true,"href":"https:\/\/wonderinn.no\/fr\/wp-json\/wp\/v2\/media\/4568"}],"wp:attachment":[{"href":"https:\/\/wonderinn.no\/fr\/wp-json\/wp\/v2\/media?parent=4908"}],"curies":[{"name":"wp","href":"https:\/\/api.w.org\/{rel}","templated":true}]}}