{"id":4918,"date":"2024-10-16T11:53:48","date_gmt":"2024-10-16T11:53:48","guid":{"rendered":"https:\/\/wonderinn.no\/boutique\/"},"modified":"2024-10-24T06:34:01","modified_gmt":"2024-10-24T06:34:01","slug":"boutique","status":"publish","type":"page","link":"https:\/\/wonderinn.no\/fr\/boutique\/","title":{"rendered":"Boutique"},"content":{"rendered":"","protected":false},"excerpt":{"rendered":"","protected":false},"author":3,"featured_media":4919,"parent":0,"menu_order":0,"comment_status":"closed","ping_status":"closed","template":"","meta":{"_acf_changed":false,"_monsterinsights_skip_tracking":false,"_monsterinsights_sitenote_active":false,"_monsterinsights_sitenote_note":"","_monsterinsights_sitenote_category":0,"footnotes":""},"class_list":["post-4918","page","type-page","status-publish","has-post-thumbnail","hentry","entry"],"acf":[],"yoast_head":"<!-- This site is optimized with the Yoast SEO Premium plugin v21.5 (Yoast SEO v27.5) - https:\/\/yoast.com\/product\/yoast-seo-premium-wordpress\/ -->\n<title>D\u00e9couvrez la boutique WonderInn : Trouvez des tr\u00e9sors de confort !<\/title>\n<meta name=\"description\" content=\"Laissez-vous s\u00e9duire par notre collection de tr\u00e9sors \u00e0 la boutique WonderInn. D\u00e9couvrez des articles uniques qui am\u00e9liorent votre confort et rehaussent votre exp\u00e9rience de voyage.\" \/>\n<meta name=\"robots\" content=\"index, follow, max-snippet:-1, max-image-preview:large, max-video-preview:-1\" \/>\n<link rel=\"canonical\" href=\"https:\/\/wonderinn.no\/fr\/boutique\/\" \/>\n<meta property=\"og:locale\" content=\"fr_FR\" \/>\n<meta property=\"og:type\" content=\"article\" \/>\n<meta property=\"og:title\" content=\"Boutique\" \/>\n<meta property=\"og:description\" content=\"Laissez-vous s\u00e9duire par notre collection de tr\u00e9sors \u00e0 la boutique WonderInn. D\u00e9couvrez des articles uniques qui am\u00e9liorent votre confort et rehaussent votre exp\u00e9rience de voyage.\" \/>\n<meta property=\"og:url\" content=\"https:\/\/wonderinn.no\/fr\/boutique\/\" \/>\n<meta property=\"og:site_name\" content=\"Wonderinn\" \/>\n<meta property=\"article:publisher\" content=\"https:\/\/www.facebook.com\/wonderinn.norway\/\" \/>\n<meta property=\"article:modified_time\" content=\"2024-10-24T06:34:01+00:00\" \/>\n<meta property=\"og:image\" content=\"https:\/\/wonderinn.no\/wp-content\/uploads\/2022\/11\/medium-sauna-820x880-1.jpeg\" \/>\n\t<meta property=\"og:image:width\" content=\"820\" \/>\n\t<meta property=\"og:image:height\" content=\"880\" \/>\n\t<meta property=\"og:image:type\" content=\"image\/jpeg\" \/>\n<meta name=\"twitter:card\" content=\"summary_large_image\" \/>\n<script type=\"application\/ld+json\" class=\"yoast-schema-graph\">{\"@context\":\"https:\\\/\\\/schema.org\",\"@graph\":[{\"@type\":\"WebPage\",\"@id\":\"https:\\\/\\\/wonderinn.no\\\/fr\\\/boutique\\\/\",\"url\":\"https:\\\/\\\/wonderinn.no\\\/fr\\\/boutique\\\/\",\"name\":\"D\u00e9couvrez la boutique WonderInn : Trouvez des tr\u00e9sors de confort !\",\"isPartOf\":{\"@id\":\"https:\\\/\\\/wonderinn.no\\\/fr\\\/#website\"},\"primaryImageOfPage\":{\"@id\":\"https:\\\/\\\/wonderinn.no\\\/fr\\\/boutique\\\/#primaryimage\"},\"image\":{\"@id\":\"https:\\\/\\\/wonderinn.no\\\/fr\\\/boutique\\\/#primaryimage\"},\"thumbnailUrl\":\"https:\\\/\\\/wonderinn.no\\\/wp-content\\\/uploads\\\/2022\\\/11\\\/medium-sauna-820x880-1.webp\",\"datePublished\":\"2024-10-16T11:53:48+00:00\",\"dateModified\":\"2024-10-24T06:34:01+00:00\",\"description\":\"Laissez-vous s\u00e9duire par notre collection de tr\u00e9sors \u00e0 la boutique WonderInn. D\u00e9couvrez des articles uniques qui am\u00e9liorent votre confort et rehaussent votre exp\u00e9rience de voyage.\",\"breadcrumb\":{\"@id\":\"https:\\\/\\\/wonderinn.no\\\/fr\\\/boutique\\\/#breadcrumb\"},\"inLanguage\":\"fr-FR\",\"potentialAction\":[{\"@type\":\"ReadAction\",\"target\":[\"https:\\\/\\\/wonderinn.no\\\/fr\\\/boutique\\\/\"]}]},{\"@type\":\"ImageObject\",\"inLanguage\":\"fr-FR\",\"@id\":\"https:\\\/\\\/wonderinn.no\\\/fr\\\/boutique\\\/#primaryimage\",\"url\":\"https:\\\/\\\/wonderinn.no\\\/wp-content\\\/uploads\\\/2022\\\/11\\\/medium-sauna-820x880-1.webp\",\"contentUrl\":\"https:\\\/\\\/wonderinn.no\\\/wp-content\\\/uploads\\\/2022\\\/11\\\/medium-sauna-820x880-1.webp\",\"width\":820,\"height\":880},{\"@type\":\"BreadcrumbList\",\"@id\":\"https:\\\/\\\/wonderinn.no\\\/fr\\\/boutique\\\/#breadcrumb\",\"itemListElement\":[{\"@type\":\"ListItem\",\"position\":1,\"name\":\"Accueil\",\"item\":\"https:\\\/\\\/wonderinn.no\\\/fr\\\/\"},{\"@type\":\"ListItem\",\"position\":2,\"name\":\"Boutique\"}]},{\"@type\":\"WebSite\",\"@id\":\"https:\\\/\\\/wonderinn.no\\\/fr\\\/#website\",\"url\":\"https:\\\/\\\/wonderinn.no\\\/fr\\\/\",\"name\":\"Wonderinn\",\"description\":\"\",\"publisher\":{\"@id\":\"https:\\\/\\\/wonderinn.no\\\/fr\\\/#organization\"},\"potentialAction\":[{\"@type\":\"SearchAction\",\"target\":{\"@type\":\"EntryPoint\",\"urlTemplate\":\"https:\\\/\\\/wonderinn.no\\\/fr\\\/?s={search_term_string}\"},\"query-input\":{\"@type\":\"PropertyValueSpecification\",\"valueRequired\":true,\"valueName\":\"search_term_string\"}}],\"inLanguage\":\"fr-FR\"},{\"@type\":\"Organization\",\"@id\":\"https:\\\/\\\/wonderinn.no\\\/fr\\\/#organization\",\"name\":\"Wonderinn\",\"url\":\"https:\\\/\\\/wonderinn.no\\\/fr\\\/\",\"logo\":{\"@type\":\"ImageObject\",\"inLanguage\":\"fr-FR\",\"@id\":\"https:\\\/\\\/wonderinn.no\\\/fr\\\/#\\\/schema\\\/logo\\\/image\\\/\",\"url\":\"https:\\\/\\\/wonderinn.no\\\/wp-content\\\/uploads\\\/2023\\\/03\\\/big-WonderINN-Logo1.webp\",\"contentUrl\":\"https:\\\/\\\/wonderinn.no\\\/wp-content\\\/uploads\\\/2023\\\/03\\\/big-WonderINN-Logo1.webp\",\"width\":238,\"height\":194,\"caption\":\"Wonderinn\"},\"image\":{\"@id\":\"https:\\\/\\\/wonderinn.no\\\/fr\\\/#\\\/schema\\\/logo\\\/image\\\/\"},\"sameAs\":[\"https:\\\/\\\/www.facebook.com\\\/wonderinn.norway\\\/\"]}]}<\/script>\n<!-- \/ Yoast SEO Premium plugin. -->","yoast_head_json":{"title":"D\u00e9couvrez la boutique WonderInn : Trouvez des tr\u00e9sors de confort !","description":"Laissez-vous s\u00e9duire par notre collection de tr\u00e9sors \u00e0 la boutique WonderInn. D\u00e9couvrez des articles uniques qui am\u00e9liorent votre confort et rehaussent votre exp\u00e9rience de voyage.","robots":{"index":"index","follow":"follow","max-snippet":"max-snippet:-1","max-image-preview":"max-image-preview:large","max-video-preview":"max-video-preview:-1"},"canonical":"https:\/\/wonderinn.no\/fr\/boutique\/","og_locale":"fr_FR","og_type":"article","og_title":"Boutique","og_description":"Laissez-vous s\u00e9duire par notre collection de tr\u00e9sors \u00e0 la boutique WonderInn. D\u00e9couvrez des articles uniques qui am\u00e9liorent votre confort et rehaussent votre exp\u00e9rience de voyage.","og_url":"https:\/\/wonderinn.no\/fr\/boutique\/","og_site_name":"Wonderinn","article_publisher":"https:\/\/www.facebook.com\/wonderinn.norway\/","article_modified_time":"2024-10-24T06:34:01+00:00","og_image":[{"width":820,"height":880,"url":"https:\/\/wonderinn.no\/wp-content\/uploads\/2022\/11\/medium-sauna-820x880-1.jpeg","type":"image\/jpeg"}],"twitter_card":"summary_large_image","schema":{"@context":"https:\/\/schema.org","@graph":[{"@type":"WebPage","@id":"https:\/\/wonderinn.no\/fr\/boutique\/","url":"https:\/\/wonderinn.no\/fr\/boutique\/","name":"D\u00e9couvrez la boutique WonderInn : Trouvez des tr\u00e9sors de confort !","isPartOf":{"@id":"https:\/\/wonderinn.no\/fr\/#website"},"primaryImageOfPage":{"@id":"https:\/\/wonderinn.no\/fr\/boutique\/#primaryimage"},"image":{"@id":"https:\/\/wonderinn.no\/fr\/boutique\/#primaryimage"},"thumbnailUrl":"https:\/\/wonderinn.no\/wp-content\/uploads\/2022\/11\/medium-sauna-820x880-1.webp","datePublished":"2024-10-16T11:53:48+00:00","dateModified":"2024-10-24T06:34:01+00:00","description":"Laissez-vous s\u00e9duire par notre collection de tr\u00e9sors \u00e0 la boutique WonderInn. D\u00e9couvrez des articles uniques qui am\u00e9liorent votre confort et rehaussent votre exp\u00e9rience de voyage.","breadcrumb":{"@id":"https:\/\/wonderinn.no\/fr\/boutique\/#breadcrumb"},"inLanguage":"fr-FR","potentialAction":[{"@type":"ReadAction","target":["https:\/\/wonderinn.no\/fr\/boutique\/"]}]},{"@type":"ImageObject","inLanguage":"fr-FR","@id":"https:\/\/wonderinn.no\/fr\/boutique\/#primaryimage","url":"https:\/\/wonderinn.no\/wp-content\/uploads\/2022\/11\/medium-sauna-820x880-1.webp","contentUrl":"https:\/\/wonderinn.no\/wp-content\/uploads\/2022\/11\/medium-sauna-820x880-1.webp","width":820,"height":880},{"@type":"BreadcrumbList","@id":"https:\/\/wonderinn.no\/fr\/boutique\/#breadcrumb","itemListElement":[{"@type":"ListItem","position":1,"name":"Accueil","item":"https:\/\/wonderinn.no\/fr\/"},{"@type":"ListItem","position":2,"name":"Boutique"}]},{"@type":"WebSite","@id":"https:\/\/wonderinn.no\/fr\/#website","url":"https:\/\/wonderinn.no\/fr\/","name":"Wonderinn","description":"","publisher":{"@id":"https:\/\/wonderinn.no\/fr\/#organization"},"potentialAction":[{"@type":"SearchAction","target":{"@type":"EntryPoint","urlTemplate":"https:\/\/wonderinn.no\/fr\/?s={search_term_string}"},"query-input":{"@type":"PropertyValueSpecification","valueRequired":true,"valueName":"search_term_string"}}],"inLanguage":"fr-FR"},{"@type":"Organization","@id":"https:\/\/wonderinn.no\/fr\/#organization","name":"Wonderinn","url":"https:\/\/wonderinn.no\/fr\/","logo":{"@type":"ImageObject","inLanguage":"fr-FR","@id":"https:\/\/wonderinn.no\/fr\/#\/schema\/logo\/image\/","url":"https:\/\/wonderinn.no\/wp-content\/uploads\/2023\/03\/big-WonderINN-Logo1.webp","contentUrl":"https:\/\/wonderinn.no\/wp-content\/uploads\/2023\/03\/big-WonderINN-Logo1.webp","width":238,"height":194,"caption":"Wonderinn"},"image":{"@id":"https:\/\/wonderinn.no\/fr\/#\/schema\/logo\/image\/"},"sameAs":["https:\/\/www.facebook.com\/wonderinn.norway\/"]}]}},"_links":{"self":[{"href":"https:\/\/wonderinn.no\/fr\/wp-json\/wp\/v2\/pages\/4918","targetHints":{"allow":["GET"]}}],"collection":[{"href":"https:\/\/wonderinn.no\/fr\/wp-json\/wp\/v2\/pages"}],"about":[{"href":"https:\/\/wonderinn.no\/fr\/wp-json\/wp\/v2\/types\/page"}],"author":[{"embeddable":true,"href":"https:\/\/wonderinn.no\/fr\/wp-json\/wp\/v2\/users\/3"}],"replies":[{"embeddable":true,"href":"https:\/\/wonderinn.no\/fr\/wp-json\/wp\/v2\/comments?post=4918"}],"version-history":[{"count":1,"href":"https:\/\/wonderinn.no\/fr\/wp-json\/wp\/v2\/pages\/4918\/revisions"}],"predecessor-version":[{"id":4920,"href":"https:\/\/wonderinn.no\/fr\/wp-json\/wp\/v2\/pages\/4918\/revisions\/4920"}],"wp:featuredmedia":[{"embeddable":true,"href":"https:\/\/wonderinn.no\/fr\/wp-json\/wp\/v2\/media\/4919"}],"wp:attachment":[{"href":"https:\/\/wonderinn.no\/fr\/wp-json\/wp\/v2\/media?parent=4918"}],"curies":[{"name":"wp","href":"https:\/\/api.w.org\/{rel}","templated":true}]}}