{"id":4925,"date":"2024-10-16T11:54:04","date_gmt":"2024-10-16T11:54:04","guid":{"rendered":"https:\/\/wonderinn.no\/retraite-de-yoga-wonderinn\/"},"modified":"2025-11-27T11:37:14","modified_gmt":"2025-11-27T11:37:14","slug":"retraite-de-yoga-wonderinn","status":"publish","type":"page","link":"https:\/\/wonderinn.no\/fr\/retraite-de-yoga-wonderinn\/","title":{"rendered":"Retraite de yoga WonderInn"},"content":{"rendered":"","protected":false},"excerpt":{"rendered":"","protected":false},"author":3,"featured_media":4926,"parent":0,"menu_order":0,"comment_status":"closed","ping_status":"closed","template":"partner-workwithus.php","meta":{"_acf_changed":false,"_monsterinsights_skip_tracking":false,"_monsterinsights_sitenote_active":false,"_monsterinsights_sitenote_note":"","_monsterinsights_sitenote_category":0,"footnotes":""},"class_list":["post-4925","page","type-page","status-publish","has-post-thumbnail","hentry","entry"],"acf":[],"yoast_head":"<!-- This site is optimized with the Yoast SEO Premium plugin v21.5 (Yoast SEO v27.5) - https:\/\/yoast.com\/product\/yoast-seo-premium-wordpress\/ -->\n<title>Retraite de yoga WonderInn - Wonderinn<\/title>\n<meta name=\"description\" content=\"Rajeunissez votre corps et votre esprit \u00e0 WonderInn ! Explorez nos retraites de yoga dans la nature vierge de la Norv\u00e8ge et trouvez la paix int\u00e9rieure et l&#039;\u00e9quilibre d\u00e8s aujourd&#039;hui.\" \/>\n<meta name=\"robots\" content=\"index, follow, max-snippet:-1, max-image-preview:large, max-video-preview:-1\" \/>\n<link rel=\"canonical\" href=\"https:\/\/wonderinn.no\/fr\/retraite-de-yoga-wonderinn\/\" \/>\n<meta property=\"og:locale\" content=\"fr_FR\" \/>\n<meta property=\"og:type\" content=\"article\" \/>\n<meta property=\"og:title\" content=\"Retraite de yoga WonderInn\" \/>\n<meta property=\"og:description\" content=\"Rajeunissez votre corps et votre esprit \u00e0 WonderInn ! Explorez nos retraites de yoga dans la nature vierge de la Norv\u00e8ge et trouvez la paix int\u00e9rieure et l&#039;\u00e9quilibre d\u00e8s aujourd&#039;hui.\" \/>\n<meta property=\"og:url\" content=\"https:\/\/wonderinn.no\/fr\/retraite-de-yoga-wonderinn\/\" \/>\n<meta property=\"og:site_name\" content=\"Wonderinn\" \/>\n<meta property=\"article:publisher\" content=\"https:\/\/www.facebook.com\/wonderinn.norway\/\" \/>\n<meta property=\"article:modified_time\" content=\"2025-11-27T11:37:14+00:00\" \/>\n<meta property=\"og:image\" content=\"https:\/\/wonderinn.no\/wp-content\/uploads\/2023\/03\/DSC06235-scaled-e1678009562248.jpg\" \/>\n\t<meta property=\"og:image:width\" content=\"2048\" \/>\n\t<meta property=\"og:image:height\" content=\"684\" \/>\n\t<meta property=\"og:image:type\" content=\"image\/jpeg\" \/>\n<meta name=\"twitter:card\" content=\"summary_large_image\" \/>\n<script type=\"application\/ld+json\" class=\"yoast-schema-graph\">{\"@context\":\"https:\\\/\\\/schema.org\",\"@graph\":[{\"@type\":\"WebPage\",\"@id\":\"https:\\\/\\\/wonderinn.no\\\/fr\\\/retraite-de-yoga-wonderinn\\\/\",\"url\":\"https:\\\/\\\/wonderinn.no\\\/fr\\\/retraite-de-yoga-wonderinn\\\/\",\"name\":\"Retraite de yoga WonderInn - Wonderinn\",\"isPartOf\":{\"@id\":\"https:\\\/\\\/wonderinn.no\\\/fr\\\/#website\"},\"primaryImageOfPage\":{\"@id\":\"https:\\\/\\\/wonderinn.no\\\/fr\\\/retraite-de-yoga-wonderinn\\\/#primaryimage\"},\"image\":{\"@id\":\"https:\\\/\\\/wonderinn.no\\\/fr\\\/retraite-de-yoga-wonderinn\\\/#primaryimage\"},\"thumbnailUrl\":\"https:\\\/\\\/wonderinn.no\\\/wp-content\\\/uploads\\\/2023\\\/03\\\/DSC06235-scaled-e1678009562248.webp\",\"datePublished\":\"2024-10-16T11:54:04+00:00\",\"dateModified\":\"2025-11-27T11:37:14+00:00\",\"description\":\"Rajeunissez votre corps et votre esprit \u00e0 WonderInn ! Explorez nos retraites de yoga dans la nature vierge de la Norv\u00e8ge et trouvez la paix int\u00e9rieure et l'\u00e9quilibre d\u00e8s aujourd'hui.\",\"breadcrumb\":{\"@id\":\"https:\\\/\\\/wonderinn.no\\\/fr\\\/retraite-de-yoga-wonderinn\\\/#breadcrumb\"},\"inLanguage\":\"fr-FR\",\"potentialAction\":[{\"@type\":\"ReadAction\",\"target\":[\"https:\\\/\\\/wonderinn.no\\\/fr\\\/retraite-de-yoga-wonderinn\\\/\"]}]},{\"@type\":\"ImageObject\",\"inLanguage\":\"fr-FR\",\"@id\":\"https:\\\/\\\/wonderinn.no\\\/fr\\\/retraite-de-yoga-wonderinn\\\/#primaryimage\",\"url\":\"https:\\\/\\\/wonderinn.no\\\/wp-content\\\/uploads\\\/2023\\\/03\\\/DSC06235-scaled-e1678009562248.webp\",\"contentUrl\":\"https:\\\/\\\/wonderinn.no\\\/wp-content\\\/uploads\\\/2023\\\/03\\\/DSC06235-scaled-e1678009562248.webp\",\"width\":2048,\"height\":684},{\"@type\":\"BreadcrumbList\",\"@id\":\"https:\\\/\\\/wonderinn.no\\\/fr\\\/retraite-de-yoga-wonderinn\\\/#breadcrumb\",\"itemListElement\":[{\"@type\":\"ListItem\",\"position\":1,\"name\":\"Accueil\",\"item\":\"https:\\\/\\\/wonderinn.no\\\/fr\\\/\"},{\"@type\":\"ListItem\",\"position\":2,\"name\":\"Retraite de yoga WonderInn\"}]},{\"@type\":\"WebSite\",\"@id\":\"https:\\\/\\\/wonderinn.no\\\/fr\\\/#website\",\"url\":\"https:\\\/\\\/wonderinn.no\\\/fr\\\/\",\"name\":\"Wonderinn\",\"description\":\"\",\"publisher\":{\"@id\":\"https:\\\/\\\/wonderinn.no\\\/fr\\\/#organization\"},\"potentialAction\":[{\"@type\":\"SearchAction\",\"target\":{\"@type\":\"EntryPoint\",\"urlTemplate\":\"https:\\\/\\\/wonderinn.no\\\/fr\\\/?s={search_term_string}\"},\"query-input\":{\"@type\":\"PropertyValueSpecification\",\"valueRequired\":true,\"valueName\":\"search_term_string\"}}],\"inLanguage\":\"fr-FR\"},{\"@type\":\"Organization\",\"@id\":\"https:\\\/\\\/wonderinn.no\\\/fr\\\/#organization\",\"name\":\"Wonderinn\",\"url\":\"https:\\\/\\\/wonderinn.no\\\/fr\\\/\",\"logo\":{\"@type\":\"ImageObject\",\"inLanguage\":\"fr-FR\",\"@id\":\"https:\\\/\\\/wonderinn.no\\\/fr\\\/#\\\/schema\\\/logo\\\/image\\\/\",\"url\":\"https:\\\/\\\/wonderinn.no\\\/wp-content\\\/uploads\\\/2023\\\/03\\\/big-WonderINN-Logo1.webp\",\"contentUrl\":\"https:\\\/\\\/wonderinn.no\\\/wp-content\\\/uploads\\\/2023\\\/03\\\/big-WonderINN-Logo1.webp\",\"width\":238,\"height\":194,\"caption\":\"Wonderinn\"},\"image\":{\"@id\":\"https:\\\/\\\/wonderinn.no\\\/fr\\\/#\\\/schema\\\/logo\\\/image\\\/\"},\"sameAs\":[\"https:\\\/\\\/www.facebook.com\\\/wonderinn.norway\\\/\"]}]}<\/script>\n<!-- \/ Yoast SEO Premium plugin. -->","yoast_head_json":{"title":"Retraite de yoga WonderInn - Wonderinn","description":"Rajeunissez votre corps et votre esprit \u00e0 WonderInn ! Explorez nos retraites de yoga dans la nature vierge de la Norv\u00e8ge et trouvez la paix int\u00e9rieure et l'\u00e9quilibre d\u00e8s aujourd'hui.","robots":{"index":"index","follow":"follow","max-snippet":"max-snippet:-1","max-image-preview":"max-image-preview:large","max-video-preview":"max-video-preview:-1"},"canonical":"https:\/\/wonderinn.no\/fr\/retraite-de-yoga-wonderinn\/","og_locale":"fr_FR","og_type":"article","og_title":"Retraite de yoga WonderInn","og_description":"Rajeunissez votre corps et votre esprit \u00e0 WonderInn ! Explorez nos retraites de yoga dans la nature vierge de la Norv\u00e8ge et trouvez la paix int\u00e9rieure et l'\u00e9quilibre d\u00e8s aujourd'hui.","og_url":"https:\/\/wonderinn.no\/fr\/retraite-de-yoga-wonderinn\/","og_site_name":"Wonderinn","article_publisher":"https:\/\/www.facebook.com\/wonderinn.norway\/","article_modified_time":"2025-11-27T11:37:14+00:00","og_image":[{"width":2048,"height":684,"url":"https:\/\/wonderinn.no\/wp-content\/uploads\/2023\/03\/DSC06235-scaled-e1678009562248.jpg","type":"image\/jpeg"}],"twitter_card":"summary_large_image","schema":{"@context":"https:\/\/schema.org","@graph":[{"@type":"WebPage","@id":"https:\/\/wonderinn.no\/fr\/retraite-de-yoga-wonderinn\/","url":"https:\/\/wonderinn.no\/fr\/retraite-de-yoga-wonderinn\/","name":"Retraite de yoga WonderInn - Wonderinn","isPartOf":{"@id":"https:\/\/wonderinn.no\/fr\/#website"},"primaryImageOfPage":{"@id":"https:\/\/wonderinn.no\/fr\/retraite-de-yoga-wonderinn\/#primaryimage"},"image":{"@id":"https:\/\/wonderinn.no\/fr\/retraite-de-yoga-wonderinn\/#primaryimage"},"thumbnailUrl":"https:\/\/wonderinn.no\/wp-content\/uploads\/2023\/03\/DSC06235-scaled-e1678009562248.webp","datePublished":"2024-10-16T11:54:04+00:00","dateModified":"2025-11-27T11:37:14+00:00","description":"Rajeunissez votre corps et votre esprit \u00e0 WonderInn ! Explorez nos retraites de yoga dans la nature vierge de la Norv\u00e8ge et trouvez la paix int\u00e9rieure et l'\u00e9quilibre d\u00e8s aujourd'hui.","breadcrumb":{"@id":"https:\/\/wonderinn.no\/fr\/retraite-de-yoga-wonderinn\/#breadcrumb"},"inLanguage":"fr-FR","potentialAction":[{"@type":"ReadAction","target":["https:\/\/wonderinn.no\/fr\/retraite-de-yoga-wonderinn\/"]}]},{"@type":"ImageObject","inLanguage":"fr-FR","@id":"https:\/\/wonderinn.no\/fr\/retraite-de-yoga-wonderinn\/#primaryimage","url":"https:\/\/wonderinn.no\/wp-content\/uploads\/2023\/03\/DSC06235-scaled-e1678009562248.webp","contentUrl":"https:\/\/wonderinn.no\/wp-content\/uploads\/2023\/03\/DSC06235-scaled-e1678009562248.webp","width":2048,"height":684},{"@type":"BreadcrumbList","@id":"https:\/\/wonderinn.no\/fr\/retraite-de-yoga-wonderinn\/#breadcrumb","itemListElement":[{"@type":"ListItem","position":1,"name":"Accueil","item":"https:\/\/wonderinn.no\/fr\/"},{"@type":"ListItem","position":2,"name":"Retraite de yoga WonderInn"}]},{"@type":"WebSite","@id":"https:\/\/wonderinn.no\/fr\/#website","url":"https:\/\/wonderinn.no\/fr\/","name":"Wonderinn","description":"","publisher":{"@id":"https:\/\/wonderinn.no\/fr\/#organization"},"potentialAction":[{"@type":"SearchAction","target":{"@type":"EntryPoint","urlTemplate":"https:\/\/wonderinn.no\/fr\/?s={search_term_string}"},"query-input":{"@type":"PropertyValueSpecification","valueRequired":true,"valueName":"search_term_string"}}],"inLanguage":"fr-FR"},{"@type":"Organization","@id":"https:\/\/wonderinn.no\/fr\/#organization","name":"Wonderinn","url":"https:\/\/wonderinn.no\/fr\/","logo":{"@type":"ImageObject","inLanguage":"fr-FR","@id":"https:\/\/wonderinn.no\/fr\/#\/schema\/logo\/image\/","url":"https:\/\/wonderinn.no\/wp-content\/uploads\/2023\/03\/big-WonderINN-Logo1.webp","contentUrl":"https:\/\/wonderinn.no\/wp-content\/uploads\/2023\/03\/big-WonderINN-Logo1.webp","width":238,"height":194,"caption":"Wonderinn"},"image":{"@id":"https:\/\/wonderinn.no\/fr\/#\/schema\/logo\/image\/"},"sameAs":["https:\/\/www.facebook.com\/wonderinn.norway\/"]}]}},"_links":{"self":[{"href":"https:\/\/wonderinn.no\/fr\/wp-json\/wp\/v2\/pages\/4925","targetHints":{"allow":["GET"]}}],"collection":[{"href":"https:\/\/wonderinn.no\/fr\/wp-json\/wp\/v2\/pages"}],"about":[{"href":"https:\/\/wonderinn.no\/fr\/wp-json\/wp\/v2\/types\/page"}],"author":[{"embeddable":true,"href":"https:\/\/wonderinn.no\/fr\/wp-json\/wp\/v2\/users\/3"}],"replies":[{"embeddable":true,"href":"https:\/\/wonderinn.no\/fr\/wp-json\/wp\/v2\/comments?post=4925"}],"version-history":[{"count":1,"href":"https:\/\/wonderinn.no\/fr\/wp-json\/wp\/v2\/pages\/4925\/revisions"}],"predecessor-version":[{"id":4928,"href":"https:\/\/wonderinn.no\/fr\/wp-json\/wp\/v2\/pages\/4925\/revisions\/4928"}],"wp:featuredmedia":[{"embeddable":true,"href":"https:\/\/wonderinn.no\/fr\/wp-json\/wp\/v2\/media\/4926"}],"wp:attachment":[{"href":"https:\/\/wonderinn.no\/fr\/wp-json\/wp\/v2\/media?parent=4925"}],"curies":[{"name":"wp","href":"https:\/\/api.w.org\/{rel}","templated":true}]}}