{"id":4962,"date":"2024-10-16T12:16:34","date_gmt":"2024-10-16T12:16:34","guid":{"rendered":"https:\/\/wonderinn.no\/wonderinn-riverside\/"},"modified":"2026-04-15T10:27:57","modified_gmt":"2026-04-15T10:27:57","slug":"wonderinn-riverside","status":"publish","type":"page","link":"https:\/\/wonderinn.no\/fr\/wonderinn-riverside\/","title":{"rendered":"WonderInn Riverside"},"content":{"rendered":"","protected":false},"excerpt":{"rendered":"","protected":false},"author":3,"featured_media":4972,"parent":0,"menu_order":0,"comment_status":"closed","ping_status":"closed","template":"wonderinn-riverside.php","meta":{"_acf_changed":false,"_monsterinsights_skip_tracking":false,"_monsterinsights_sitenote_active":false,"_monsterinsights_sitenote_note":"","_monsterinsights_sitenote_category":0,"footnotes":""},"class_list":["post-4962","page","type-page","status-publish","has-post-thumbnail","hentry","entry"],"acf":[],"yoast_head":"<!-- This site is optimized with the Yoast SEO Premium plugin v21.5 (Yoast SEO v27.4) - https:\/\/yoast.com\/product\/yoast-seo-premium-wordpress\/ -->\n<title>WonderInn Riverside\u00a0: Glamping avec alpagas et cabanes en verre miroir (\u00e0 20\u00a0min d\u2019OSL)<\/title>\n<meta name=\"description\" content=\"S\u00e9journez dans le domaine historique de Huser G\u00e5rd. Choisissez nos cabanes en verre miroir avec jacuzzis priv\u00e9s ou la cabane de berger boh\u00e8me avec baignoire en cuivre. Venez rencontrer nos alpagas.\" \/>\n<meta name=\"robots\" content=\"index, follow, max-snippet:-1, max-image-preview:large, max-video-preview:-1\" \/>\n<link rel=\"canonical\" href=\"https:\/\/wonderinn.no\/fr\/wonderinn-riverside\/\" \/>\n<meta property=\"og:locale\" content=\"fr_FR\" \/>\n<meta property=\"og:type\" content=\"article\" \/>\n<meta property=\"og:title\" content=\"WonderInn Riverside\" \/>\n<meta property=\"og:description\" content=\"S\u00e9journez dans le domaine historique de Huser G\u00e5rd. Choisissez nos cabanes en verre miroir avec jacuzzis priv\u00e9s ou la cabane de berger boh\u00e8me avec baignoire en cuivre. Venez rencontrer nos alpagas.\" \/>\n<meta property=\"og:url\" content=\"https:\/\/wonderinn.no\/fr\/wonderinn-riverside\/\" \/>\n<meta property=\"og:site_name\" content=\"Wonderinn\" \/>\n<meta property=\"article:publisher\" content=\"https:\/\/www.facebook.com\/wonderinn.norway\/\" \/>\n<meta property=\"article:modified_time\" content=\"2026-04-15T10:27:57+00:00\" \/>\n<meta property=\"og:image\" content=\"https:\/\/wonderinn.no\/wp-content\/uploads\/2023\/03\/dji_fly_20221003_180000_840_1664822167044_photo-2-scaled-e1676449224993.webp\" \/>\n\t<meta property=\"og:image:width\" content=\"2412\" \/>\n\t<meta property=\"og:image:height\" content=\"806\" \/>\n\t<meta property=\"og:image:type\" content=\"image\/jpeg\" \/>\n<meta name=\"twitter:card\" content=\"summary_large_image\" \/>\n<meta name=\"twitter:label1\" content=\"Dur\u00e9e de lecture estim\u00e9e\" \/>\n\t<meta name=\"twitter:data1\" content=\"1 minute\" \/>\n<script type=\"application\/ld+json\" class=\"yoast-schema-graph\">{\"@context\":\"https:\\\/\\\/schema.org\",\"@graph\":[{\"@type\":\"WebPage\",\"@id\":\"https:\\\/\\\/wonderinn.no\\\/fr\\\/wonderinn-riverside\\\/\",\"url\":\"https:\\\/\\\/wonderinn.no\\\/fr\\\/wonderinn-riverside\\\/\",\"name\":\"WonderInn Riverside\u00a0: Glamping avec alpagas et cabanes en verre miroir (\u00e0 20\u00a0min d\u2019OSL)\",\"isPartOf\":{\"@id\":\"https:\\\/\\\/wonderinn.no\\\/fr\\\/#website\"},\"primaryImageOfPage\":{\"@id\":\"https:\\\/\\\/wonderinn.no\\\/fr\\\/wonderinn-riverside\\\/#primaryimage\"},\"image\":{\"@id\":\"https:\\\/\\\/wonderinn.no\\\/fr\\\/wonderinn-riverside\\\/#primaryimage\"},\"thumbnailUrl\":\"https:\\\/\\\/wonderinn.no\\\/wp-content\\\/uploads\\\/2023\\\/03\\\/dji_fly_20221003_180000_840_1664822167044_photo-2-scaled-e1676449224993.webp\",\"datePublished\":\"2024-10-16T12:16:34+00:00\",\"dateModified\":\"2026-04-15T10:27:57+00:00\",\"description\":\"S\u00e9journez dans le domaine historique de Huser G\u00e5rd. Choisissez nos cabanes en verre miroir avec jacuzzis priv\u00e9s ou la cabane de berger boh\u00e8me avec baignoire en cuivre. Venez rencontrer nos alpagas.\",\"breadcrumb\":{\"@id\":\"https:\\\/\\\/wonderinn.no\\\/fr\\\/wonderinn-riverside\\\/#breadcrumb\"},\"inLanguage\":\"fr-FR\",\"potentialAction\":[{\"@type\":\"ReadAction\",\"target\":[\"https:\\\/\\\/wonderinn.no\\\/fr\\\/wonderinn-riverside\\\/\"]}]},{\"@type\":\"ImageObject\",\"inLanguage\":\"fr-FR\",\"@id\":\"https:\\\/\\\/wonderinn.no\\\/fr\\\/wonderinn-riverside\\\/#primaryimage\",\"url\":\"https:\\\/\\\/wonderinn.no\\\/wp-content\\\/uploads\\\/2023\\\/03\\\/dji_fly_20221003_180000_840_1664822167044_photo-2-scaled-e1676449224993.webp\",\"contentUrl\":\"https:\\\/\\\/wonderinn.no\\\/wp-content\\\/uploads\\\/2023\\\/03\\\/dji_fly_20221003_180000_840_1664822167044_photo-2-scaled-e1676449224993.webp\",\"width\":2412,\"height\":806},{\"@type\":\"BreadcrumbList\",\"@id\":\"https:\\\/\\\/wonderinn.no\\\/fr\\\/wonderinn-riverside\\\/#breadcrumb\",\"itemListElement\":[{\"@type\":\"ListItem\",\"position\":1,\"name\":\"Accueil\",\"item\":\"https:\\\/\\\/wonderinn.no\\\/fr\\\/\"},{\"@type\":\"ListItem\",\"position\":2,\"name\":\"WonderInn Riverside\"}]},{\"@type\":\"WebSite\",\"@id\":\"https:\\\/\\\/wonderinn.no\\\/fr\\\/#website\",\"url\":\"https:\\\/\\\/wonderinn.no\\\/fr\\\/\",\"name\":\"Wonderinn\",\"description\":\"\",\"publisher\":{\"@id\":\"https:\\\/\\\/wonderinn.no\\\/fr\\\/#organization\"},\"potentialAction\":[{\"@type\":\"SearchAction\",\"target\":{\"@type\":\"EntryPoint\",\"urlTemplate\":\"https:\\\/\\\/wonderinn.no\\\/fr\\\/?s={search_term_string}\"},\"query-input\":{\"@type\":\"PropertyValueSpecification\",\"valueRequired\":true,\"valueName\":\"search_term_string\"}}],\"inLanguage\":\"fr-FR\"},{\"@type\":\"Organization\",\"@id\":\"https:\\\/\\\/wonderinn.no\\\/fr\\\/#organization\",\"name\":\"Wonderinn\",\"url\":\"https:\\\/\\\/wonderinn.no\\\/fr\\\/\",\"logo\":{\"@type\":\"ImageObject\",\"inLanguage\":\"fr-FR\",\"@id\":\"https:\\\/\\\/wonderinn.no\\\/fr\\\/#\\\/schema\\\/logo\\\/image\\\/\",\"url\":\"https:\\\/\\\/wonderinn.no\\\/wp-content\\\/uploads\\\/2023\\\/03\\\/big-WonderINN-Logo1.webp\",\"contentUrl\":\"https:\\\/\\\/wonderinn.no\\\/wp-content\\\/uploads\\\/2023\\\/03\\\/big-WonderINN-Logo1.webp\",\"width\":238,\"height\":194,\"caption\":\"Wonderinn\"},\"image\":{\"@id\":\"https:\\\/\\\/wonderinn.no\\\/fr\\\/#\\\/schema\\\/logo\\\/image\\\/\"},\"sameAs\":[\"https:\\\/\\\/www.facebook.com\\\/wonderinn.norway\\\/\"]}]}<\/script>\n<!-- \/ Yoast SEO Premium plugin. -->","yoast_head_json":{"title":"WonderInn Riverside\u00a0: Glamping avec alpagas et cabanes en verre miroir (\u00e0 20\u00a0min d\u2019OSL)","description":"S\u00e9journez dans le domaine historique de Huser G\u00e5rd. Choisissez nos cabanes en verre miroir avec jacuzzis priv\u00e9s ou la cabane de berger boh\u00e8me avec baignoire en cuivre. Venez rencontrer nos alpagas.","robots":{"index":"index","follow":"follow","max-snippet":"max-snippet:-1","max-image-preview":"max-image-preview:large","max-video-preview":"max-video-preview:-1"},"canonical":"https:\/\/wonderinn.no\/fr\/wonderinn-riverside\/","og_locale":"fr_FR","og_type":"article","og_title":"WonderInn Riverside","og_description":"S\u00e9journez dans le domaine historique de Huser G\u00e5rd. Choisissez nos cabanes en verre miroir avec jacuzzis priv\u00e9s ou la cabane de berger boh\u00e8me avec baignoire en cuivre. Venez rencontrer nos alpagas.","og_url":"https:\/\/wonderinn.no\/fr\/wonderinn-riverside\/","og_site_name":"Wonderinn","article_publisher":"https:\/\/www.facebook.com\/wonderinn.norway\/","article_modified_time":"2026-04-15T10:27:57+00:00","og_image":[{"width":2412,"height":806,"url":"https:\/\/wonderinn.no\/wp-content\/uploads\/2023\/03\/dji_fly_20221003_180000_840_1664822167044_photo-2-scaled-e1676449224993.webp","type":"image\/jpeg"}],"twitter_card":"summary_large_image","twitter_misc":{"Dur\u00e9e de lecture estim\u00e9e":"1 minute"},"schema":{"@context":"https:\/\/schema.org","@graph":[{"@type":"WebPage","@id":"https:\/\/wonderinn.no\/fr\/wonderinn-riverside\/","url":"https:\/\/wonderinn.no\/fr\/wonderinn-riverside\/","name":"WonderInn Riverside\u00a0: Glamping avec alpagas et cabanes en verre miroir (\u00e0 20\u00a0min d\u2019OSL)","isPartOf":{"@id":"https:\/\/wonderinn.no\/fr\/#website"},"primaryImageOfPage":{"@id":"https:\/\/wonderinn.no\/fr\/wonderinn-riverside\/#primaryimage"},"image":{"@id":"https:\/\/wonderinn.no\/fr\/wonderinn-riverside\/#primaryimage"},"thumbnailUrl":"https:\/\/wonderinn.no\/wp-content\/uploads\/2023\/03\/dji_fly_20221003_180000_840_1664822167044_photo-2-scaled-e1676449224993.webp","datePublished":"2024-10-16T12:16:34+00:00","dateModified":"2026-04-15T10:27:57+00:00","description":"S\u00e9journez dans le domaine historique de Huser G\u00e5rd. Choisissez nos cabanes en verre miroir avec jacuzzis priv\u00e9s ou la cabane de berger boh\u00e8me avec baignoire en cuivre. Venez rencontrer nos alpagas.","breadcrumb":{"@id":"https:\/\/wonderinn.no\/fr\/wonderinn-riverside\/#breadcrumb"},"inLanguage":"fr-FR","potentialAction":[{"@type":"ReadAction","target":["https:\/\/wonderinn.no\/fr\/wonderinn-riverside\/"]}]},{"@type":"ImageObject","inLanguage":"fr-FR","@id":"https:\/\/wonderinn.no\/fr\/wonderinn-riverside\/#primaryimage","url":"https:\/\/wonderinn.no\/wp-content\/uploads\/2023\/03\/dji_fly_20221003_180000_840_1664822167044_photo-2-scaled-e1676449224993.webp","contentUrl":"https:\/\/wonderinn.no\/wp-content\/uploads\/2023\/03\/dji_fly_20221003_180000_840_1664822167044_photo-2-scaled-e1676449224993.webp","width":2412,"height":806},{"@type":"BreadcrumbList","@id":"https:\/\/wonderinn.no\/fr\/wonderinn-riverside\/#breadcrumb","itemListElement":[{"@type":"ListItem","position":1,"name":"Accueil","item":"https:\/\/wonderinn.no\/fr\/"},{"@type":"ListItem","position":2,"name":"WonderInn Riverside"}]},{"@type":"WebSite","@id":"https:\/\/wonderinn.no\/fr\/#website","url":"https:\/\/wonderinn.no\/fr\/","name":"Wonderinn","description":"","publisher":{"@id":"https:\/\/wonderinn.no\/fr\/#organization"},"potentialAction":[{"@type":"SearchAction","target":{"@type":"EntryPoint","urlTemplate":"https:\/\/wonderinn.no\/fr\/?s={search_term_string}"},"query-input":{"@type":"PropertyValueSpecification","valueRequired":true,"valueName":"search_term_string"}}],"inLanguage":"fr-FR"},{"@type":"Organization","@id":"https:\/\/wonderinn.no\/fr\/#organization","name":"Wonderinn","url":"https:\/\/wonderinn.no\/fr\/","logo":{"@type":"ImageObject","inLanguage":"fr-FR","@id":"https:\/\/wonderinn.no\/fr\/#\/schema\/logo\/image\/","url":"https:\/\/wonderinn.no\/wp-content\/uploads\/2023\/03\/big-WonderINN-Logo1.webp","contentUrl":"https:\/\/wonderinn.no\/wp-content\/uploads\/2023\/03\/big-WonderINN-Logo1.webp","width":238,"height":194,"caption":"Wonderinn"},"image":{"@id":"https:\/\/wonderinn.no\/fr\/#\/schema\/logo\/image\/"},"sameAs":["https:\/\/www.facebook.com\/wonderinn.norway\/"]}]}},"_links":{"self":[{"href":"https:\/\/wonderinn.no\/fr\/wp-json\/wp\/v2\/pages\/4962","targetHints":{"allow":["GET"]}}],"collection":[{"href":"https:\/\/wonderinn.no\/fr\/wp-json\/wp\/v2\/pages"}],"about":[{"href":"https:\/\/wonderinn.no\/fr\/wp-json\/wp\/v2\/types\/page"}],"author":[{"embeddable":true,"href":"https:\/\/wonderinn.no\/fr\/wp-json\/wp\/v2\/users\/3"}],"replies":[{"embeddable":true,"href":"https:\/\/wonderinn.no\/fr\/wp-json\/wp\/v2\/comments?post=4962"}],"version-history":[{"count":7,"href":"https:\/\/wonderinn.no\/fr\/wp-json\/wp\/v2\/pages\/4962\/revisions"}],"predecessor-version":[{"id":9625,"href":"https:\/\/wonderinn.no\/fr\/wp-json\/wp\/v2\/pages\/4962\/revisions\/9625"}],"wp:featuredmedia":[{"embeddable":true,"href":"https:\/\/wonderinn.no\/fr\/wp-json\/wp\/v2\/media\/4972"}],"wp:attachment":[{"href":"https:\/\/wonderinn.no\/fr\/wp-json\/wp\/v2\/media?parent=4962"}],"curies":[{"name":"wp","href":"https:\/\/api.w.org\/{rel}","templated":true}]}}