{"id":5625,"date":"2024-10-18T12:40:58","date_gmt":"2024-10-18T12:40:58","guid":{"rendered":"https:\/\/wonderinn.no\/faq-partenaire\/"},"modified":"2025-11-27T06:51:58","modified_gmt":"2025-11-27T06:51:58","slug":"faq-partenaire","status":"publish","type":"page","link":"https:\/\/wonderinn.no\/fr\/faq-partenaire\/","title":{"rendered":"FAQ partenaire"},"content":{"rendered":"","protected":false},"excerpt":{"rendered":"","protected":false},"author":3,"featured_media":5626,"parent":0,"menu_order":0,"comment_status":"closed","ping_status":"closed","template":"Faq patner.php","meta":{"_acf_changed":false,"_monsterinsights_skip_tracking":false,"_monsterinsights_sitenote_active":false,"_monsterinsights_sitenote_note":"","_monsterinsights_sitenote_category":0,"footnotes":""},"class_list":["post-5625","page","type-page","status-publish","has-post-thumbnail","hentry","entry"],"acf":[],"yoast_head":"<!-- This site is optimized with the Yoast SEO Premium plugin v21.5 (Yoast SEO v27.5) - https:\/\/yoast.com\/product\/yoast-seo-premium-wordpress\/ -->\n<title>FAQ partenaire - Wonderinn<\/title>\n<meta name=\"description\" content=\"Trouvez les r\u00e9ponses \u00e0 vos questions sur la fa\u00e7on de devenir un partenaire de WonderInn. D\u00e9couvrez nos valeurs et les avantages d&#039;une collaboration avec nous.\" \/>\n<meta name=\"robots\" content=\"index, follow, max-snippet:-1, max-image-preview:large, max-video-preview:-1\" \/>\n<link rel=\"canonical\" href=\"https:\/\/wonderinn.no\/fr\/faq-partenaire\/\" \/>\n<meta property=\"og:locale\" content=\"fr_FR\" \/>\n<meta property=\"og:type\" content=\"article\" \/>\n<meta property=\"og:title\" content=\"FAQ partenaire\" \/>\n<meta property=\"og:description\" content=\"Trouvez les r\u00e9ponses \u00e0 vos questions sur la fa\u00e7on de devenir un partenaire de WonderInn. D\u00e9couvrez nos valeurs et les avantages d&#039;une collaboration avec nous.\" \/>\n<meta property=\"og:url\" content=\"https:\/\/wonderinn.no\/fr\/faq-partenaire\/\" \/>\n<meta property=\"og:site_name\" content=\"Wonderinn\" \/>\n<meta property=\"article:publisher\" content=\"https:\/\/www.facebook.com\/wonderinn.norway\/\" \/>\n<meta property=\"article:modified_time\" content=\"2025-11-27T06:51:58+00:00\" \/>\n<meta property=\"og:image\" content=\"https:\/\/wonderinn.no\/wp-content\/uploads\/2022\/11\/Faq-2bg.png\" \/>\n\t<meta property=\"og:image:width\" content=\"1499\" \/>\n\t<meta property=\"og:image:height\" content=\"454\" \/>\n\t<meta property=\"og:image:type\" content=\"image\/png\" \/>\n<meta name=\"twitter:card\" content=\"summary_large_image\" \/>\n<script type=\"application\/ld+json\" class=\"yoast-schema-graph\">{\"@context\":\"https:\\\/\\\/schema.org\",\"@graph\":[{\"@type\":\"WebPage\",\"@id\":\"https:\\\/\\\/wonderinn.no\\\/fr\\\/faq-partenaire\\\/\",\"url\":\"https:\\\/\\\/wonderinn.no\\\/fr\\\/faq-partenaire\\\/\",\"name\":\"FAQ partenaire - Wonderinn\",\"isPartOf\":{\"@id\":\"https:\\\/\\\/wonderinn.no\\\/fr\\\/#website\"},\"primaryImageOfPage\":{\"@id\":\"https:\\\/\\\/wonderinn.no\\\/fr\\\/faq-partenaire\\\/#primaryimage\"},\"image\":{\"@id\":\"https:\\\/\\\/wonderinn.no\\\/fr\\\/faq-partenaire\\\/#primaryimage\"},\"thumbnailUrl\":\"https:\\\/\\\/wonderinn.no\\\/wp-content\\\/uploads\\\/2022\\\/11\\\/Faq-2bg.webp\",\"datePublished\":\"2024-10-18T12:40:58+00:00\",\"dateModified\":\"2025-11-27T06:51:58+00:00\",\"description\":\"Trouvez les r\u00e9ponses \u00e0 vos questions sur la fa\u00e7on de devenir un partenaire de WonderInn. D\u00e9couvrez nos valeurs et les avantages d'une collaboration avec nous.\",\"breadcrumb\":{\"@id\":\"https:\\\/\\\/wonderinn.no\\\/fr\\\/faq-partenaire\\\/#breadcrumb\"},\"inLanguage\":\"fr-FR\",\"potentialAction\":[{\"@type\":\"ReadAction\",\"target\":[\"https:\\\/\\\/wonderinn.no\\\/fr\\\/faq-partenaire\\\/\"]}]},{\"@type\":\"ImageObject\",\"inLanguage\":\"fr-FR\",\"@id\":\"https:\\\/\\\/wonderinn.no\\\/fr\\\/faq-partenaire\\\/#primaryimage\",\"url\":\"https:\\\/\\\/wonderinn.no\\\/wp-content\\\/uploads\\\/2022\\\/11\\\/Faq-2bg.webp\",\"contentUrl\":\"https:\\\/\\\/wonderinn.no\\\/wp-content\\\/uploads\\\/2022\\\/11\\\/Faq-2bg.webp\",\"width\":1499,\"height\":454},{\"@type\":\"BreadcrumbList\",\"@id\":\"https:\\\/\\\/wonderinn.no\\\/fr\\\/faq-partenaire\\\/#breadcrumb\",\"itemListElement\":[{\"@type\":\"ListItem\",\"position\":1,\"name\":\"Accueil\",\"item\":\"https:\\\/\\\/wonderinn.no\\\/fr\\\/\"},{\"@type\":\"ListItem\",\"position\":2,\"name\":\"FAQ partenaire\"}]},{\"@type\":\"WebSite\",\"@id\":\"https:\\\/\\\/wonderinn.no\\\/fr\\\/#website\",\"url\":\"https:\\\/\\\/wonderinn.no\\\/fr\\\/\",\"name\":\"Wonderinn\",\"description\":\"\",\"publisher\":{\"@id\":\"https:\\\/\\\/wonderinn.no\\\/fr\\\/#organization\"},\"potentialAction\":[{\"@type\":\"SearchAction\",\"target\":{\"@type\":\"EntryPoint\",\"urlTemplate\":\"https:\\\/\\\/wonderinn.no\\\/fr\\\/?s={search_term_string}\"},\"query-input\":{\"@type\":\"PropertyValueSpecification\",\"valueRequired\":true,\"valueName\":\"search_term_string\"}}],\"inLanguage\":\"fr-FR\"},{\"@type\":\"Organization\",\"@id\":\"https:\\\/\\\/wonderinn.no\\\/fr\\\/#organization\",\"name\":\"Wonderinn\",\"url\":\"https:\\\/\\\/wonderinn.no\\\/fr\\\/\",\"logo\":{\"@type\":\"ImageObject\",\"inLanguage\":\"fr-FR\",\"@id\":\"https:\\\/\\\/wonderinn.no\\\/fr\\\/#\\\/schema\\\/logo\\\/image\\\/\",\"url\":\"https:\\\/\\\/wonderinn.no\\\/wp-content\\\/uploads\\\/2023\\\/03\\\/big-WonderINN-Logo1.webp\",\"contentUrl\":\"https:\\\/\\\/wonderinn.no\\\/wp-content\\\/uploads\\\/2023\\\/03\\\/big-WonderINN-Logo1.webp\",\"width\":238,\"height\":194,\"caption\":\"Wonderinn\"},\"image\":{\"@id\":\"https:\\\/\\\/wonderinn.no\\\/fr\\\/#\\\/schema\\\/logo\\\/image\\\/\"},\"sameAs\":[\"https:\\\/\\\/www.facebook.com\\\/wonderinn.norway\\\/\"]}]}<\/script>\n<!-- \/ Yoast SEO Premium plugin. -->","yoast_head_json":{"title":"FAQ partenaire - Wonderinn","description":"Trouvez les r\u00e9ponses \u00e0 vos questions sur la fa\u00e7on de devenir un partenaire de WonderInn. D\u00e9couvrez nos valeurs et les avantages d'une collaboration avec nous.","robots":{"index":"index","follow":"follow","max-snippet":"max-snippet:-1","max-image-preview":"max-image-preview:large","max-video-preview":"max-video-preview:-1"},"canonical":"https:\/\/wonderinn.no\/fr\/faq-partenaire\/","og_locale":"fr_FR","og_type":"article","og_title":"FAQ partenaire","og_description":"Trouvez les r\u00e9ponses \u00e0 vos questions sur la fa\u00e7on de devenir un partenaire de WonderInn. D\u00e9couvrez nos valeurs et les avantages d'une collaboration avec nous.","og_url":"https:\/\/wonderinn.no\/fr\/faq-partenaire\/","og_site_name":"Wonderinn","article_publisher":"https:\/\/www.facebook.com\/wonderinn.norway\/","article_modified_time":"2025-11-27T06:51:58+00:00","og_image":[{"width":1499,"height":454,"url":"https:\/\/wonderinn.no\/wp-content\/uploads\/2022\/11\/Faq-2bg.png","type":"image\/png"}],"twitter_card":"summary_large_image","schema":{"@context":"https:\/\/schema.org","@graph":[{"@type":"WebPage","@id":"https:\/\/wonderinn.no\/fr\/faq-partenaire\/","url":"https:\/\/wonderinn.no\/fr\/faq-partenaire\/","name":"FAQ partenaire - Wonderinn","isPartOf":{"@id":"https:\/\/wonderinn.no\/fr\/#website"},"primaryImageOfPage":{"@id":"https:\/\/wonderinn.no\/fr\/faq-partenaire\/#primaryimage"},"image":{"@id":"https:\/\/wonderinn.no\/fr\/faq-partenaire\/#primaryimage"},"thumbnailUrl":"https:\/\/wonderinn.no\/wp-content\/uploads\/2022\/11\/Faq-2bg.webp","datePublished":"2024-10-18T12:40:58+00:00","dateModified":"2025-11-27T06:51:58+00:00","description":"Trouvez les r\u00e9ponses \u00e0 vos questions sur la fa\u00e7on de devenir un partenaire de WonderInn. D\u00e9couvrez nos valeurs et les avantages d'une collaboration avec nous.","breadcrumb":{"@id":"https:\/\/wonderinn.no\/fr\/faq-partenaire\/#breadcrumb"},"inLanguage":"fr-FR","potentialAction":[{"@type":"ReadAction","target":["https:\/\/wonderinn.no\/fr\/faq-partenaire\/"]}]},{"@type":"ImageObject","inLanguage":"fr-FR","@id":"https:\/\/wonderinn.no\/fr\/faq-partenaire\/#primaryimage","url":"https:\/\/wonderinn.no\/wp-content\/uploads\/2022\/11\/Faq-2bg.webp","contentUrl":"https:\/\/wonderinn.no\/wp-content\/uploads\/2022\/11\/Faq-2bg.webp","width":1499,"height":454},{"@type":"BreadcrumbList","@id":"https:\/\/wonderinn.no\/fr\/faq-partenaire\/#breadcrumb","itemListElement":[{"@type":"ListItem","position":1,"name":"Accueil","item":"https:\/\/wonderinn.no\/fr\/"},{"@type":"ListItem","position":2,"name":"FAQ partenaire"}]},{"@type":"WebSite","@id":"https:\/\/wonderinn.no\/fr\/#website","url":"https:\/\/wonderinn.no\/fr\/","name":"Wonderinn","description":"","publisher":{"@id":"https:\/\/wonderinn.no\/fr\/#organization"},"potentialAction":[{"@type":"SearchAction","target":{"@type":"EntryPoint","urlTemplate":"https:\/\/wonderinn.no\/fr\/?s={search_term_string}"},"query-input":{"@type":"PropertyValueSpecification","valueRequired":true,"valueName":"search_term_string"}}],"inLanguage":"fr-FR"},{"@type":"Organization","@id":"https:\/\/wonderinn.no\/fr\/#organization","name":"Wonderinn","url":"https:\/\/wonderinn.no\/fr\/","logo":{"@type":"ImageObject","inLanguage":"fr-FR","@id":"https:\/\/wonderinn.no\/fr\/#\/schema\/logo\/image\/","url":"https:\/\/wonderinn.no\/wp-content\/uploads\/2023\/03\/big-WonderINN-Logo1.webp","contentUrl":"https:\/\/wonderinn.no\/wp-content\/uploads\/2023\/03\/big-WonderINN-Logo1.webp","width":238,"height":194,"caption":"Wonderinn"},"image":{"@id":"https:\/\/wonderinn.no\/fr\/#\/schema\/logo\/image\/"},"sameAs":["https:\/\/www.facebook.com\/wonderinn.norway\/"]}]}},"_links":{"self":[{"href":"https:\/\/wonderinn.no\/fr\/wp-json\/wp\/v2\/pages\/5625","targetHints":{"allow":["GET"]}}],"collection":[{"href":"https:\/\/wonderinn.no\/fr\/wp-json\/wp\/v2\/pages"}],"about":[{"href":"https:\/\/wonderinn.no\/fr\/wp-json\/wp\/v2\/types\/page"}],"author":[{"embeddable":true,"href":"https:\/\/wonderinn.no\/fr\/wp-json\/wp\/v2\/users\/3"}],"replies":[{"embeddable":true,"href":"https:\/\/wonderinn.no\/fr\/wp-json\/wp\/v2\/comments?post=5625"}],"version-history":[{"count":1,"href":"https:\/\/wonderinn.no\/fr\/wp-json\/wp\/v2\/pages\/5625\/revisions"}],"predecessor-version":[{"id":5980,"href":"https:\/\/wonderinn.no\/fr\/wp-json\/wp\/v2\/pages\/5625\/revisions\/5980"}],"wp:featuredmedia":[{"embeddable":true,"href":"https:\/\/wonderinn.no\/fr\/wp-json\/wp\/v2\/media\/5626"}],"wp:attachment":[{"href":"https:\/\/wonderinn.no\/fr\/wp-json\/wp\/v2\/media?parent=5625"}],"curies":[{"name":"wp","href":"https:\/\/api.w.org\/{rel}","templated":true}]}}