{"id":5753,"date":"2024-10-21T05:56:32","date_gmt":"2024-10-21T05:56:32","guid":{"rendered":"https:\/\/wonderinn.no\/postes-vacants\/"},"modified":"2025-11-27T11:37:40","modified_gmt":"2025-11-27T11:37:40","slug":"postes-vacants","status":"publish","type":"page","link":"https:\/\/wonderinn.no\/fr\/postes-vacants\/","title":{"rendered":"Postes vacants"},"content":{"rendered":"","protected":false},"excerpt":{"rendered":"","protected":false},"author":3,"featured_media":6299,"parent":0,"menu_order":0,"comment_status":"closed","ping_status":"closed","template":"vacancies.php","meta":{"_acf_changed":false,"_monsterinsights_skip_tracking":false,"_monsterinsights_sitenote_active":false,"_monsterinsights_sitenote_note":"","_monsterinsights_sitenote_category":0,"footnotes":""},"class_list":["post-5753","page","type-page","status-publish","has-post-thumbnail","hentry","entry"],"acf":[],"yoast_head":"<!-- This site is optimized with the Yoast SEO Premium plugin v21.5 (Yoast SEO v27.4) - https:\/\/yoast.com\/product\/yoast-seo-premium-wordpress\/ -->\n<title>Postes vacants - Wonderinn<\/title>\n<meta name=\"description\" content=\"Rejoignez l&#039;\u00e9quipe WonderInn ! Nous sommes une entreprise en pleine croissance, passionn\u00e9e par la fourniture d&#039;h\u00e9bergements uniques et d&#039;exp\u00e9riences de glamping dans toute la Norv\u00e8ge.\" \/>\n<meta name=\"robots\" content=\"index, follow, max-snippet:-1, max-image-preview:large, max-video-preview:-1\" \/>\n<link rel=\"canonical\" href=\"https:\/\/wonderinn.no\/fr\/postes-vacants\/\" \/>\n<meta property=\"og:locale\" content=\"fr_FR\" \/>\n<meta property=\"og:type\" content=\"article\" \/>\n<meta property=\"og:title\" content=\"Postes vacants\" \/>\n<meta property=\"og:description\" content=\"Rejoignez l&#039;\u00e9quipe WonderInn ! Nous sommes une entreprise en pleine croissance, passionn\u00e9e par la fourniture d&#039;h\u00e9bergements uniques et d&#039;exp\u00e9riences de glamping dans toute la Norv\u00e8ge.\" \/>\n<meta property=\"og:url\" content=\"https:\/\/wonderinn.no\/fr\/postes-vacants\/\" \/>\n<meta property=\"og:site_name\" content=\"Wonderinn\" \/>\n<meta property=\"article:publisher\" content=\"https:\/\/www.facebook.com\/wonderinn.norway\/\" \/>\n<meta property=\"article:modified_time\" content=\"2025-11-27T11:37:40+00:00\" \/>\n<meta property=\"og:image\" content=\"https:\/\/wonderinn.no\/wp-content\/uploads\/2023\/08\/DSC07264-scaled-e1692256013427.jpg\" \/>\n\t<meta property=\"og:image:width\" content=\"1706\" \/>\n\t<meta property=\"og:image:height\" content=\"507\" \/>\n\t<meta property=\"og:image:type\" content=\"image\/jpeg\" \/>\n<meta name=\"twitter:card\" content=\"summary_large_image\" \/>\n<meta name=\"twitter:label1\" content=\"Dur\u00e9e de lecture estim\u00e9e\" \/>\n\t<meta name=\"twitter:data1\" content=\"1 minute\" \/>\n<script type=\"application\/ld+json\" class=\"yoast-schema-graph\">{\"@context\":\"https:\\\/\\\/schema.org\",\"@graph\":[{\"@type\":\"WebPage\",\"@id\":\"https:\\\/\\\/wonderinn.no\\\/fr\\\/postes-vacants\\\/\",\"url\":\"https:\\\/\\\/wonderinn.no\\\/fr\\\/postes-vacants\\\/\",\"name\":\"Postes vacants - Wonderinn\",\"isPartOf\":{\"@id\":\"https:\\\/\\\/wonderinn.no\\\/fr\\\/#website\"},\"primaryImageOfPage\":{\"@id\":\"https:\\\/\\\/wonderinn.no\\\/fr\\\/postes-vacants\\\/#primaryimage\"},\"image\":{\"@id\":\"https:\\\/\\\/wonderinn.no\\\/fr\\\/postes-vacants\\\/#primaryimage\"},\"thumbnailUrl\":\"https:\\\/\\\/wonderinn.no\\\/wp-content\\\/uploads\\\/2023\\\/08\\\/DSC07264-scaled-e1692256013427.jpg\",\"datePublished\":\"2024-10-21T05:56:32+00:00\",\"dateModified\":\"2025-11-27T11:37:40+00:00\",\"description\":\"Rejoignez l'\u00e9quipe WonderInn ! Nous sommes une entreprise en pleine croissance, passionn\u00e9e par la fourniture d'h\u00e9bergements uniques et d'exp\u00e9riences de glamping dans toute la Norv\u00e8ge.\",\"breadcrumb\":{\"@id\":\"https:\\\/\\\/wonderinn.no\\\/fr\\\/postes-vacants\\\/#breadcrumb\"},\"inLanguage\":\"fr-FR\",\"potentialAction\":[{\"@type\":\"ReadAction\",\"target\":[\"https:\\\/\\\/wonderinn.no\\\/fr\\\/postes-vacants\\\/\"]}]},{\"@type\":\"ImageObject\",\"inLanguage\":\"fr-FR\",\"@id\":\"https:\\\/\\\/wonderinn.no\\\/fr\\\/postes-vacants\\\/#primaryimage\",\"url\":\"https:\\\/\\\/wonderinn.no\\\/wp-content\\\/uploads\\\/2023\\\/08\\\/DSC07264-scaled-e1692256013427.jpg\",\"contentUrl\":\"https:\\\/\\\/wonderinn.no\\\/wp-content\\\/uploads\\\/2023\\\/08\\\/DSC07264-scaled-e1692256013427.jpg\",\"width\":1706,\"height\":507},{\"@type\":\"BreadcrumbList\",\"@id\":\"https:\\\/\\\/wonderinn.no\\\/fr\\\/postes-vacants\\\/#breadcrumb\",\"itemListElement\":[{\"@type\":\"ListItem\",\"position\":1,\"name\":\"Accueil\",\"item\":\"https:\\\/\\\/wonderinn.no\\\/fr\\\/\"},{\"@type\":\"ListItem\",\"position\":2,\"name\":\"Postes vacants\"}]},{\"@type\":\"WebSite\",\"@id\":\"https:\\\/\\\/wonderinn.no\\\/fr\\\/#website\",\"url\":\"https:\\\/\\\/wonderinn.no\\\/fr\\\/\",\"name\":\"Wonderinn\",\"description\":\"\",\"publisher\":{\"@id\":\"https:\\\/\\\/wonderinn.no\\\/fr\\\/#organization\"},\"potentialAction\":[{\"@type\":\"SearchAction\",\"target\":{\"@type\":\"EntryPoint\",\"urlTemplate\":\"https:\\\/\\\/wonderinn.no\\\/fr\\\/?s={search_term_string}\"},\"query-input\":{\"@type\":\"PropertyValueSpecification\",\"valueRequired\":true,\"valueName\":\"search_term_string\"}}],\"inLanguage\":\"fr-FR\"},{\"@type\":\"Organization\",\"@id\":\"https:\\\/\\\/wonderinn.no\\\/fr\\\/#organization\",\"name\":\"Wonderinn\",\"url\":\"https:\\\/\\\/wonderinn.no\\\/fr\\\/\",\"logo\":{\"@type\":\"ImageObject\",\"inLanguage\":\"fr-FR\",\"@id\":\"https:\\\/\\\/wonderinn.no\\\/fr\\\/#\\\/schema\\\/logo\\\/image\\\/\",\"url\":\"https:\\\/\\\/wonderinn.no\\\/wp-content\\\/uploads\\\/2023\\\/03\\\/big-WonderINN-Logo1.webp\",\"contentUrl\":\"https:\\\/\\\/wonderinn.no\\\/wp-content\\\/uploads\\\/2023\\\/03\\\/big-WonderINN-Logo1.webp\",\"width\":238,\"height\":194,\"caption\":\"Wonderinn\"},\"image\":{\"@id\":\"https:\\\/\\\/wonderinn.no\\\/fr\\\/#\\\/schema\\\/logo\\\/image\\\/\"},\"sameAs\":[\"https:\\\/\\\/www.facebook.com\\\/wonderinn.norway\\\/\"]}]}<\/script>\n<!-- \/ Yoast SEO Premium plugin. -->","yoast_head_json":{"title":"Postes vacants - Wonderinn","description":"Rejoignez l'\u00e9quipe WonderInn ! Nous sommes une entreprise en pleine croissance, passionn\u00e9e par la fourniture d'h\u00e9bergements uniques et d'exp\u00e9riences de glamping dans toute la Norv\u00e8ge.","robots":{"index":"index","follow":"follow","max-snippet":"max-snippet:-1","max-image-preview":"max-image-preview:large","max-video-preview":"max-video-preview:-1"},"canonical":"https:\/\/wonderinn.no\/fr\/postes-vacants\/","og_locale":"fr_FR","og_type":"article","og_title":"Postes vacants","og_description":"Rejoignez l'\u00e9quipe WonderInn ! Nous sommes une entreprise en pleine croissance, passionn\u00e9e par la fourniture d'h\u00e9bergements uniques et d'exp\u00e9riences de glamping dans toute la Norv\u00e8ge.","og_url":"https:\/\/wonderinn.no\/fr\/postes-vacants\/","og_site_name":"Wonderinn","article_publisher":"https:\/\/www.facebook.com\/wonderinn.norway\/","article_modified_time":"2025-11-27T11:37:40+00:00","og_image":[{"width":1706,"height":507,"url":"https:\/\/wonderinn.no\/wp-content\/uploads\/2023\/08\/DSC07264-scaled-e1692256013427.jpg","type":"image\/jpeg"}],"twitter_card":"summary_large_image","twitter_misc":{"Dur\u00e9e de lecture estim\u00e9e":"1 minute"},"schema":{"@context":"https:\/\/schema.org","@graph":[{"@type":"WebPage","@id":"https:\/\/wonderinn.no\/fr\/postes-vacants\/","url":"https:\/\/wonderinn.no\/fr\/postes-vacants\/","name":"Postes vacants - Wonderinn","isPartOf":{"@id":"https:\/\/wonderinn.no\/fr\/#website"},"primaryImageOfPage":{"@id":"https:\/\/wonderinn.no\/fr\/postes-vacants\/#primaryimage"},"image":{"@id":"https:\/\/wonderinn.no\/fr\/postes-vacants\/#primaryimage"},"thumbnailUrl":"https:\/\/wonderinn.no\/wp-content\/uploads\/2023\/08\/DSC07264-scaled-e1692256013427.jpg","datePublished":"2024-10-21T05:56:32+00:00","dateModified":"2025-11-27T11:37:40+00:00","description":"Rejoignez l'\u00e9quipe WonderInn ! Nous sommes une entreprise en pleine croissance, passionn\u00e9e par la fourniture d'h\u00e9bergements uniques et d'exp\u00e9riences de glamping dans toute la Norv\u00e8ge.","breadcrumb":{"@id":"https:\/\/wonderinn.no\/fr\/postes-vacants\/#breadcrumb"},"inLanguage":"fr-FR","potentialAction":[{"@type":"ReadAction","target":["https:\/\/wonderinn.no\/fr\/postes-vacants\/"]}]},{"@type":"ImageObject","inLanguage":"fr-FR","@id":"https:\/\/wonderinn.no\/fr\/postes-vacants\/#primaryimage","url":"https:\/\/wonderinn.no\/wp-content\/uploads\/2023\/08\/DSC07264-scaled-e1692256013427.jpg","contentUrl":"https:\/\/wonderinn.no\/wp-content\/uploads\/2023\/08\/DSC07264-scaled-e1692256013427.jpg","width":1706,"height":507},{"@type":"BreadcrumbList","@id":"https:\/\/wonderinn.no\/fr\/postes-vacants\/#breadcrumb","itemListElement":[{"@type":"ListItem","position":1,"name":"Accueil","item":"https:\/\/wonderinn.no\/fr\/"},{"@type":"ListItem","position":2,"name":"Postes vacants"}]},{"@type":"WebSite","@id":"https:\/\/wonderinn.no\/fr\/#website","url":"https:\/\/wonderinn.no\/fr\/","name":"Wonderinn","description":"","publisher":{"@id":"https:\/\/wonderinn.no\/fr\/#organization"},"potentialAction":[{"@type":"SearchAction","target":{"@type":"EntryPoint","urlTemplate":"https:\/\/wonderinn.no\/fr\/?s={search_term_string}"},"query-input":{"@type":"PropertyValueSpecification","valueRequired":true,"valueName":"search_term_string"}}],"inLanguage":"fr-FR"},{"@type":"Organization","@id":"https:\/\/wonderinn.no\/fr\/#organization","name":"Wonderinn","url":"https:\/\/wonderinn.no\/fr\/","logo":{"@type":"ImageObject","inLanguage":"fr-FR","@id":"https:\/\/wonderinn.no\/fr\/#\/schema\/logo\/image\/","url":"https:\/\/wonderinn.no\/wp-content\/uploads\/2023\/03\/big-WonderINN-Logo1.webp","contentUrl":"https:\/\/wonderinn.no\/wp-content\/uploads\/2023\/03\/big-WonderINN-Logo1.webp","width":238,"height":194,"caption":"Wonderinn"},"image":{"@id":"https:\/\/wonderinn.no\/fr\/#\/schema\/logo\/image\/"},"sameAs":["https:\/\/www.facebook.com\/wonderinn.norway\/"]}]}},"_links":{"self":[{"href":"https:\/\/wonderinn.no\/fr\/wp-json\/wp\/v2\/pages\/5753","targetHints":{"allow":["GET"]}}],"collection":[{"href":"https:\/\/wonderinn.no\/fr\/wp-json\/wp\/v2\/pages"}],"about":[{"href":"https:\/\/wonderinn.no\/fr\/wp-json\/wp\/v2\/types\/page"}],"author":[{"embeddable":true,"href":"https:\/\/wonderinn.no\/fr\/wp-json\/wp\/v2\/users\/3"}],"replies":[{"embeddable":true,"href":"https:\/\/wonderinn.no\/fr\/wp-json\/wp\/v2\/comments?post=5753"}],"version-history":[{"count":3,"href":"https:\/\/wonderinn.no\/fr\/wp-json\/wp\/v2\/pages\/5753\/revisions"}],"predecessor-version":[{"id":9704,"href":"https:\/\/wonderinn.no\/fr\/wp-json\/wp\/v2\/pages\/5753\/revisions\/9704"}],"wp:featuredmedia":[{"embeddable":true,"href":"https:\/\/wonderinn.no\/fr\/wp-json\/wp\/v2\/media\/6299"}],"wp:attachment":[{"href":"https:\/\/wonderinn.no\/fr\/wp-json\/wp\/v2\/media?parent=5753"}],"curies":[{"name":"wp","href":"https:\/\/api.w.org\/{rel}","templated":true}]}}