{"id":6369,"date":"2024-10-21T11:23:25","date_gmt":"2024-10-21T11:23:25","guid":{"rendered":"https:\/\/wonderinn.no\/listing\/"},"modified":"2024-10-24T06:35:12","modified_gmt":"2024-10-24T06:35:12","slug":"listing","status":"publish","type":"page","link":"https:\/\/wonderinn.no\/fr\/listing\/","title":{"rendered":"Listing"},"content":{"rendered":"<p>[hostaway_listing]<\/p>\n","protected":false},"excerpt":{"rendered":"<p>[hostaway_listing]<\/p>\n","protected":false},"author":3,"featured_media":4972,"parent":0,"menu_order":0,"comment_status":"closed","ping_status":"closed","template":"","meta":{"_acf_changed":false,"_monsterinsights_skip_tracking":false,"_monsterinsights_sitenote_active":false,"_monsterinsights_sitenote_note":"","_monsterinsights_sitenote_category":0,"footnotes":""},"class_list":["post-6369","page","type-page","status-publish","has-post-thumbnail","hentry","entry"],"acf":[],"yoast_head":"<!-- This site is optimized with the Yoast SEO Premium plugin v21.5 (Yoast SEO v27.5) - https:\/\/yoast.com\/product\/yoast-seo-premium-wordpress\/ -->\n<title>D\u00e9couvrez un confort in\u00e9gal\u00e9 : les annonces WonderInn sont maintenant en ligne !<\/title>\n<meta name=\"description\" content=\"D\u00e9couvrez l&#039;escapade parfaite avec notre gamme diversifi\u00e9e d&#039;h\u00e9bergements uniques et confortables chez WonderInn. D\u00e9couvrez les merveilles de la Norv\u00e8ge !\" \/>\n<meta name=\"robots\" content=\"index, follow, max-snippet:-1, max-image-preview:large, max-video-preview:-1\" \/>\n<link rel=\"canonical\" href=\"https:\/\/wonderinn.no\/fr\/listing\/\" \/>\n<meta property=\"og:locale\" content=\"fr_FR\" \/>\n<meta property=\"og:type\" content=\"article\" \/>\n<meta property=\"og:title\" content=\"Listing\" \/>\n<meta property=\"og:description\" content=\"D\u00e9couvrez l&#039;escapade parfaite avec notre gamme diversifi\u00e9e d&#039;h\u00e9bergements uniques et confortables chez WonderInn. D\u00e9couvrez les merveilles de la Norv\u00e8ge !\" \/>\n<meta property=\"og:url\" content=\"https:\/\/wonderinn.no\/fr\/listing\/\" \/>\n<meta property=\"og:site_name\" content=\"Wonderinn\" \/>\n<meta property=\"article:publisher\" content=\"https:\/\/www.facebook.com\/wonderinn.norway\/\" \/>\n<meta property=\"article:modified_time\" content=\"2024-10-24T06:35:12+00:00\" \/>\n<meta property=\"og:image\" content=\"https:\/\/wonderinn.no\/wp-content\/uploads\/2023\/03\/dji_fly_20221003_180000_840_1664822167044_photo-2-scaled-e1676449224993.jpg\" \/>\n\t<meta property=\"og:image:width\" content=\"2412\" \/>\n\t<meta property=\"og:image:height\" content=\"806\" \/>\n\t<meta property=\"og:image:type\" content=\"image\/jpeg\" \/>\n<meta name=\"twitter:card\" content=\"summary_large_image\" \/>\n<script type=\"application\/ld+json\" class=\"yoast-schema-graph\">{\"@context\":\"https:\\\/\\\/schema.org\",\"@graph\":[{\"@type\":\"WebPage\",\"@id\":\"https:\\\/\\\/wonderinn.no\\\/fr\\\/listing\\\/\",\"url\":\"https:\\\/\\\/wonderinn.no\\\/fr\\\/listing\\\/\",\"name\":\"D\u00e9couvrez un confort in\u00e9gal\u00e9 : les annonces WonderInn sont maintenant en ligne !\",\"isPartOf\":{\"@id\":\"https:\\\/\\\/wonderinn.no\\\/fr\\\/#website\"},\"primaryImageOfPage\":{\"@id\":\"https:\\\/\\\/wonderinn.no\\\/fr\\\/listing\\\/#primaryimage\"},\"image\":{\"@id\":\"https:\\\/\\\/wonderinn.no\\\/fr\\\/listing\\\/#primaryimage\"},\"thumbnailUrl\":\"https:\\\/\\\/wonderinn.no\\\/wp-content\\\/uploads\\\/2023\\\/03\\\/dji_fly_20221003_180000_840_1664822167044_photo-2-scaled-e1676449224993.webp\",\"datePublished\":\"2024-10-21T11:23:25+00:00\",\"dateModified\":\"2024-10-24T06:35:12+00:00\",\"description\":\"D\u00e9couvrez l'escapade parfaite avec notre gamme diversifi\u00e9e d'h\u00e9bergements uniques et confortables chez WonderInn. D\u00e9couvrez les merveilles de la Norv\u00e8ge !\",\"breadcrumb\":{\"@id\":\"https:\\\/\\\/wonderinn.no\\\/fr\\\/listing\\\/#breadcrumb\"},\"inLanguage\":\"fr-FR\",\"potentialAction\":[{\"@type\":\"ReadAction\",\"target\":[\"https:\\\/\\\/wonderinn.no\\\/fr\\\/listing\\\/\"]}]},{\"@type\":\"ImageObject\",\"inLanguage\":\"fr-FR\",\"@id\":\"https:\\\/\\\/wonderinn.no\\\/fr\\\/listing\\\/#primaryimage\",\"url\":\"https:\\\/\\\/wonderinn.no\\\/wp-content\\\/uploads\\\/2023\\\/03\\\/dji_fly_20221003_180000_840_1664822167044_photo-2-scaled-e1676449224993.webp\",\"contentUrl\":\"https:\\\/\\\/wonderinn.no\\\/wp-content\\\/uploads\\\/2023\\\/03\\\/dji_fly_20221003_180000_840_1664822167044_photo-2-scaled-e1676449224993.webp\",\"width\":2412,\"height\":806},{\"@type\":\"BreadcrumbList\",\"@id\":\"https:\\\/\\\/wonderinn.no\\\/fr\\\/listing\\\/#breadcrumb\",\"itemListElement\":[{\"@type\":\"ListItem\",\"position\":1,\"name\":\"Accueil\",\"item\":\"https:\\\/\\\/wonderinn.no\\\/fr\\\/\"},{\"@type\":\"ListItem\",\"position\":2,\"name\":\"Listing\"}]},{\"@type\":\"WebSite\",\"@id\":\"https:\\\/\\\/wonderinn.no\\\/fr\\\/#website\",\"url\":\"https:\\\/\\\/wonderinn.no\\\/fr\\\/\",\"name\":\"Wonderinn\",\"description\":\"\",\"publisher\":{\"@id\":\"https:\\\/\\\/wonderinn.no\\\/fr\\\/#organization\"},\"potentialAction\":[{\"@type\":\"SearchAction\",\"target\":{\"@type\":\"EntryPoint\",\"urlTemplate\":\"https:\\\/\\\/wonderinn.no\\\/fr\\\/?s={search_term_string}\"},\"query-input\":{\"@type\":\"PropertyValueSpecification\",\"valueRequired\":true,\"valueName\":\"search_term_string\"}}],\"inLanguage\":\"fr-FR\"},{\"@type\":\"Organization\",\"@id\":\"https:\\\/\\\/wonderinn.no\\\/fr\\\/#organization\",\"name\":\"Wonderinn\",\"url\":\"https:\\\/\\\/wonderinn.no\\\/fr\\\/\",\"logo\":{\"@type\":\"ImageObject\",\"inLanguage\":\"fr-FR\",\"@id\":\"https:\\\/\\\/wonderinn.no\\\/fr\\\/#\\\/schema\\\/logo\\\/image\\\/\",\"url\":\"https:\\\/\\\/wonderinn.no\\\/wp-content\\\/uploads\\\/2023\\\/03\\\/big-WonderINN-Logo1.webp\",\"contentUrl\":\"https:\\\/\\\/wonderinn.no\\\/wp-content\\\/uploads\\\/2023\\\/03\\\/big-WonderINN-Logo1.webp\",\"width\":238,\"height\":194,\"caption\":\"Wonderinn\"},\"image\":{\"@id\":\"https:\\\/\\\/wonderinn.no\\\/fr\\\/#\\\/schema\\\/logo\\\/image\\\/\"},\"sameAs\":[\"https:\\\/\\\/www.facebook.com\\\/wonderinn.norway\\\/\"]}]}<\/script>\n<!-- \/ Yoast SEO Premium plugin. -->","yoast_head_json":{"title":"D\u00e9couvrez un confort in\u00e9gal\u00e9 : les annonces WonderInn sont maintenant en ligne !","description":"D\u00e9couvrez l'escapade parfaite avec notre gamme diversifi\u00e9e d'h\u00e9bergements uniques et confortables chez WonderInn. D\u00e9couvrez les merveilles de la Norv\u00e8ge !","robots":{"index":"index","follow":"follow","max-snippet":"max-snippet:-1","max-image-preview":"max-image-preview:large","max-video-preview":"max-video-preview:-1"},"canonical":"https:\/\/wonderinn.no\/fr\/listing\/","og_locale":"fr_FR","og_type":"article","og_title":"Listing","og_description":"D\u00e9couvrez l'escapade parfaite avec notre gamme diversifi\u00e9e d'h\u00e9bergements uniques et confortables chez WonderInn. D\u00e9couvrez les merveilles de la Norv\u00e8ge !","og_url":"https:\/\/wonderinn.no\/fr\/listing\/","og_site_name":"Wonderinn","article_publisher":"https:\/\/www.facebook.com\/wonderinn.norway\/","article_modified_time":"2024-10-24T06:35:12+00:00","og_image":[{"width":2412,"height":806,"url":"https:\/\/wonderinn.no\/wp-content\/uploads\/2023\/03\/dji_fly_20221003_180000_840_1664822167044_photo-2-scaled-e1676449224993.jpg","type":"image\/jpeg"}],"twitter_card":"summary_large_image","schema":{"@context":"https:\/\/schema.org","@graph":[{"@type":"WebPage","@id":"https:\/\/wonderinn.no\/fr\/listing\/","url":"https:\/\/wonderinn.no\/fr\/listing\/","name":"D\u00e9couvrez un confort in\u00e9gal\u00e9 : les annonces WonderInn sont maintenant en ligne !","isPartOf":{"@id":"https:\/\/wonderinn.no\/fr\/#website"},"primaryImageOfPage":{"@id":"https:\/\/wonderinn.no\/fr\/listing\/#primaryimage"},"image":{"@id":"https:\/\/wonderinn.no\/fr\/listing\/#primaryimage"},"thumbnailUrl":"https:\/\/wonderinn.no\/wp-content\/uploads\/2023\/03\/dji_fly_20221003_180000_840_1664822167044_photo-2-scaled-e1676449224993.webp","datePublished":"2024-10-21T11:23:25+00:00","dateModified":"2024-10-24T06:35:12+00:00","description":"D\u00e9couvrez l'escapade parfaite avec notre gamme diversifi\u00e9e d'h\u00e9bergements uniques et confortables chez WonderInn. D\u00e9couvrez les merveilles de la Norv\u00e8ge !","breadcrumb":{"@id":"https:\/\/wonderinn.no\/fr\/listing\/#breadcrumb"},"inLanguage":"fr-FR","potentialAction":[{"@type":"ReadAction","target":["https:\/\/wonderinn.no\/fr\/listing\/"]}]},{"@type":"ImageObject","inLanguage":"fr-FR","@id":"https:\/\/wonderinn.no\/fr\/listing\/#primaryimage","url":"https:\/\/wonderinn.no\/wp-content\/uploads\/2023\/03\/dji_fly_20221003_180000_840_1664822167044_photo-2-scaled-e1676449224993.webp","contentUrl":"https:\/\/wonderinn.no\/wp-content\/uploads\/2023\/03\/dji_fly_20221003_180000_840_1664822167044_photo-2-scaled-e1676449224993.webp","width":2412,"height":806},{"@type":"BreadcrumbList","@id":"https:\/\/wonderinn.no\/fr\/listing\/#breadcrumb","itemListElement":[{"@type":"ListItem","position":1,"name":"Accueil","item":"https:\/\/wonderinn.no\/fr\/"},{"@type":"ListItem","position":2,"name":"Listing"}]},{"@type":"WebSite","@id":"https:\/\/wonderinn.no\/fr\/#website","url":"https:\/\/wonderinn.no\/fr\/","name":"Wonderinn","description":"","publisher":{"@id":"https:\/\/wonderinn.no\/fr\/#organization"},"potentialAction":[{"@type":"SearchAction","target":{"@type":"EntryPoint","urlTemplate":"https:\/\/wonderinn.no\/fr\/?s={search_term_string}"},"query-input":{"@type":"PropertyValueSpecification","valueRequired":true,"valueName":"search_term_string"}}],"inLanguage":"fr-FR"},{"@type":"Organization","@id":"https:\/\/wonderinn.no\/fr\/#organization","name":"Wonderinn","url":"https:\/\/wonderinn.no\/fr\/","logo":{"@type":"ImageObject","inLanguage":"fr-FR","@id":"https:\/\/wonderinn.no\/fr\/#\/schema\/logo\/image\/","url":"https:\/\/wonderinn.no\/wp-content\/uploads\/2023\/03\/big-WonderINN-Logo1.webp","contentUrl":"https:\/\/wonderinn.no\/wp-content\/uploads\/2023\/03\/big-WonderINN-Logo1.webp","width":238,"height":194,"caption":"Wonderinn"},"image":{"@id":"https:\/\/wonderinn.no\/fr\/#\/schema\/logo\/image\/"},"sameAs":["https:\/\/www.facebook.com\/wonderinn.norway\/"]}]}},"_links":{"self":[{"href":"https:\/\/wonderinn.no\/fr\/wp-json\/wp\/v2\/pages\/6369","targetHints":{"allow":["GET"]}}],"collection":[{"href":"https:\/\/wonderinn.no\/fr\/wp-json\/wp\/v2\/pages"}],"about":[{"href":"https:\/\/wonderinn.no\/fr\/wp-json\/wp\/v2\/types\/page"}],"author":[{"embeddable":true,"href":"https:\/\/wonderinn.no\/fr\/wp-json\/wp\/v2\/users\/3"}],"replies":[{"embeddable":true,"href":"https:\/\/wonderinn.no\/fr\/wp-json\/wp\/v2\/comments?post=6369"}],"version-history":[{"count":1,"href":"https:\/\/wonderinn.no\/fr\/wp-json\/wp\/v2\/pages\/6369\/revisions"}],"predecessor-version":[{"id":7171,"href":"https:\/\/wonderinn.no\/fr\/wp-json\/wp\/v2\/pages\/6369\/revisions\/7171"}],"wp:featuredmedia":[{"embeddable":true,"href":"https:\/\/wonderinn.no\/fr\/wp-json\/wp\/v2\/media\/4972"}],"wp:attachment":[{"href":"https:\/\/wonderinn.no\/fr\/wp-json\/wp\/v2\/media?parent=6369"}],"curies":[{"name":"wp","href":"https:\/\/api.w.org\/{rel}","templated":true}]}}