{"id":8932,"date":"2024-11-19T04:56:58","date_gmt":"2024-11-19T04:56:58","guid":{"rendered":"https:\/\/wonderinn.no\/b2b\/"},"modified":"2026-03-05T09:28:27","modified_gmt":"2026-03-05T09:28:27","slug":"organisez-votre-evenement","status":"publish","type":"page","link":"https:\/\/wonderinn.no\/fr\/organisez-votre-evenement\/","title":{"rendered":"Ev\u00e9nements"},"content":{"rendered":"<p>&nbsp;<\/p>\n<blockquote class=\"wp-embedded-content\" data-secret=\"vga9lkrgLE\"><p><a href=\"https:\/\/neftegaz.com.ua\/\">\u041f\u0440\u043e\u0434\u0430\u0436\u0430 \u043d\u0435\u0444\u0442\u0435\u0433\u0430\u0437\u043e\u0432\u043e\u0433\u043e \u043e\u0431\u043e\u0440\u0443\u0434\u043e\u0432\u0430\u043d\u0438\u044f<\/a><\/p><\/blockquote>\n<p><iframe class=\"wp-embedded-content\" sandbox=\"allow-scripts\" security=\"restricted\" style=\"position: absolute; visibility: hidden;\" title=\"\u00ab\u041f\u0440\u043e\u0434\u0430\u0436\u0430 \u043d\u0435\u0444\u0442\u0435\u0433\u0430\u0437\u043e\u0432\u043e\u0433\u043e \u043e\u0431\u043e\u0440\u0443\u0434\u043e\u0432\u0430\u043d\u0438\u044f\u00bb &#8212; neftegaz.com.ua\" src=\"https:\/\/neftegaz.com.ua\/embed\/#?secret=MKoXV2rFkY#?secret=vga9lkrgLE\" data-secret=\"vga9lkrgLE\" width=\"600\" height=\"338\" frameborder=\"0\" marginwidth=\"0\" marginheight=\"0\" scrolling=\"no\"><\/iframe><\/p>\n","protected":false},"excerpt":{"rendered":"<p>&nbsp; \u041f\u0440\u043e\u0434\u0430\u0436\u0430 \u043d\u0435\u0444\u0442\u0435\u0433\u0430\u0437\u043e\u0432\u043e\u0433\u043e \u043e\u0431\u043e\u0440\u0443\u0434\u043e\u0432\u0430\u043d\u0438\u044f<\/p>\n","protected":false},"author":10,"featured_media":0,"parent":0,"menu_order":0,"comment_status":"closed","ping_status":"closed","template":"b2b.php","meta":{"_acf_changed":false,"_monsterinsights_skip_tracking":false,"_monsterinsights_sitenote_active":false,"_monsterinsights_sitenote_note":"","_monsterinsights_sitenote_category":0,"footnotes":""},"class_list":["post-8932","page","type-page","status-publish","hentry","entry"],"acf":[],"yoast_head":"<!-- This site is optimized with the Yoast SEO Premium plugin v21.5 (Yoast SEO v27.4) - https:\/\/yoast.com\/product\/yoast-seo-premium-wordpress\/ -->\n<title>Ev\u00e9nements - Wonderinn<\/title>\n<meta name=\"description\" content=\"Accueillez votre \u00e9v\u00e9nement au WonderInn pr\u00e8s d&#039;Oslo ! Charme rustique, espaces modulables, vues imprenables et planification personnalis\u00e9e pour les mariages, les retraites et bien plus encore. Planifiez d\u00e8s aujourd&#039;hui !\" \/>\n<meta name=\"robots\" content=\"index, follow, max-snippet:-1, max-image-preview:large, max-video-preview:-1\" \/>\n<link rel=\"canonical\" href=\"https:\/\/wonderinn.no\/fr\/organisez-votre-evenement\/\" \/>\n<meta property=\"og:locale\" content=\"fr_FR\" \/>\n<meta property=\"og:type\" content=\"article\" \/>\n<meta property=\"og:title\" content=\"Ev\u00e9nements\" \/>\n<meta property=\"og:description\" content=\"Accueillez votre \u00e9v\u00e9nement au WonderInn pr\u00e8s d&#039;Oslo ! Charme rustique, espaces modulables, vues imprenables et planification personnalis\u00e9e pour les mariages, les retraites et bien plus encore. Planifiez d\u00e8s aujourd&#039;hui !\" \/>\n<meta property=\"og:url\" content=\"https:\/\/wonderinn.no\/fr\/organisez-votre-evenement\/\" \/>\n<meta property=\"og:site_name\" content=\"Wonderinn\" \/>\n<meta property=\"article:publisher\" content=\"https:\/\/www.facebook.com\/wonderinn.norway\/\" \/>\n<meta property=\"article:modified_time\" content=\"2026-03-05T09:28:27+00:00\" \/>\n<meta property=\"og:image\" content=\"https:\/\/wonderinn.no\/wp-content\/uploads\/2023\/02\/DSC_7478-scaled-e1676114357324-1.webp\" \/>\n\t<meta property=\"og:image:width\" content=\"800\" \/>\n\t<meta property=\"og:image:height\" content=\"600\" \/>\n\t<meta property=\"og:image:type\" content=\"image\/jpeg\" \/>\n<meta name=\"twitter:card\" content=\"summary_large_image\" \/>\n<script type=\"application\/ld+json\" class=\"yoast-schema-graph\">{\"@context\":\"https:\\\/\\\/schema.org\",\"@graph\":[{\"@type\":\"WebPage\",\"@id\":\"https:\\\/\\\/wonderinn.no\\\/fr\\\/organisez-votre-evenement\\\/\",\"url\":\"https:\\\/\\\/wonderinn.no\\\/fr\\\/organisez-votre-evenement\\\/\",\"name\":\"Ev\u00e9nements - Wonderinn\",\"isPartOf\":{\"@id\":\"https:\\\/\\\/wonderinn.no\\\/fr\\\/#website\"},\"datePublished\":\"2024-11-19T04:56:58+00:00\",\"dateModified\":\"2026-03-05T09:28:27+00:00\",\"description\":\"Accueillez votre \u00e9v\u00e9nement au WonderInn pr\u00e8s d'Oslo ! Charme rustique, espaces modulables, vues imprenables et planification personnalis\u00e9e pour les mariages, les retraites et bien plus encore. Planifiez d\u00e8s aujourd'hui !\",\"breadcrumb\":{\"@id\":\"https:\\\/\\\/wonderinn.no\\\/fr\\\/organisez-votre-evenement\\\/#breadcrumb\"},\"inLanguage\":\"fr-FR\",\"potentialAction\":[{\"@type\":\"ReadAction\",\"target\":[\"https:\\\/\\\/wonderinn.no\\\/fr\\\/organisez-votre-evenement\\\/\"]}]},{\"@type\":\"BreadcrumbList\",\"@id\":\"https:\\\/\\\/wonderinn.no\\\/fr\\\/organisez-votre-evenement\\\/#breadcrumb\",\"itemListElement\":[{\"@type\":\"ListItem\",\"position\":1,\"name\":\"Accueil\",\"item\":\"https:\\\/\\\/wonderinn.no\\\/fr\\\/\"},{\"@type\":\"ListItem\",\"position\":2,\"name\":\"Ev\u00e9nements\"}]},{\"@type\":\"WebSite\",\"@id\":\"https:\\\/\\\/wonderinn.no\\\/fr\\\/#website\",\"url\":\"https:\\\/\\\/wonderinn.no\\\/fr\\\/\",\"name\":\"Wonderinn\",\"description\":\"\",\"publisher\":{\"@id\":\"https:\\\/\\\/wonderinn.no\\\/fr\\\/#organization\"},\"potentialAction\":[{\"@type\":\"SearchAction\",\"target\":{\"@type\":\"EntryPoint\",\"urlTemplate\":\"https:\\\/\\\/wonderinn.no\\\/fr\\\/?s={search_term_string}\"},\"query-input\":{\"@type\":\"PropertyValueSpecification\",\"valueRequired\":true,\"valueName\":\"search_term_string\"}}],\"inLanguage\":\"fr-FR\"},{\"@type\":\"Organization\",\"@id\":\"https:\\\/\\\/wonderinn.no\\\/fr\\\/#organization\",\"name\":\"Wonderinn\",\"url\":\"https:\\\/\\\/wonderinn.no\\\/fr\\\/\",\"logo\":{\"@type\":\"ImageObject\",\"inLanguage\":\"fr-FR\",\"@id\":\"https:\\\/\\\/wonderinn.no\\\/fr\\\/#\\\/schema\\\/logo\\\/image\\\/\",\"url\":\"https:\\\/\\\/wonderinn.no\\\/wp-content\\\/uploads\\\/2023\\\/03\\\/big-WonderINN-Logo1.webp\",\"contentUrl\":\"https:\\\/\\\/wonderinn.no\\\/wp-content\\\/uploads\\\/2023\\\/03\\\/big-WonderINN-Logo1.webp\",\"width\":238,\"height\":194,\"caption\":\"Wonderinn\"},\"image\":{\"@id\":\"https:\\\/\\\/wonderinn.no\\\/fr\\\/#\\\/schema\\\/logo\\\/image\\\/\"},\"sameAs\":[\"https:\\\/\\\/www.facebook.com\\\/wonderinn.norway\\\/\"]}]}<\/script>\n<!-- \/ Yoast SEO Premium plugin. -->","yoast_head_json":{"title":"Ev\u00e9nements - Wonderinn","description":"Accueillez votre \u00e9v\u00e9nement au WonderInn pr\u00e8s d'Oslo ! Charme rustique, espaces modulables, vues imprenables et planification personnalis\u00e9e pour les mariages, les retraites et bien plus encore. Planifiez d\u00e8s aujourd'hui !","robots":{"index":"index","follow":"follow","max-snippet":"max-snippet:-1","max-image-preview":"max-image-preview:large","max-video-preview":"max-video-preview:-1"},"canonical":"https:\/\/wonderinn.no\/fr\/organisez-votre-evenement\/","og_locale":"fr_FR","og_type":"article","og_title":"Ev\u00e9nements","og_description":"Accueillez votre \u00e9v\u00e9nement au WonderInn pr\u00e8s d'Oslo ! Charme rustique, espaces modulables, vues imprenables et planification personnalis\u00e9e pour les mariages, les retraites et bien plus encore. Planifiez d\u00e8s aujourd'hui !","og_url":"https:\/\/wonderinn.no\/fr\/organisez-votre-evenement\/","og_site_name":"Wonderinn","article_publisher":"https:\/\/www.facebook.com\/wonderinn.norway\/","article_modified_time":"2026-03-05T09:28:27+00:00","og_image":[{"width":800,"height":600,"url":"https:\/\/wonderinn.no\/wp-content\/uploads\/2023\/02\/DSC_7478-scaled-e1676114357324-1.webp","type":"image\/jpeg"}],"twitter_card":"summary_large_image","schema":{"@context":"https:\/\/schema.org","@graph":[{"@type":"WebPage","@id":"https:\/\/wonderinn.no\/fr\/organisez-votre-evenement\/","url":"https:\/\/wonderinn.no\/fr\/organisez-votre-evenement\/","name":"Ev\u00e9nements - Wonderinn","isPartOf":{"@id":"https:\/\/wonderinn.no\/fr\/#website"},"datePublished":"2024-11-19T04:56:58+00:00","dateModified":"2026-03-05T09:28:27+00:00","description":"Accueillez votre \u00e9v\u00e9nement au WonderInn pr\u00e8s d'Oslo ! Charme rustique, espaces modulables, vues imprenables et planification personnalis\u00e9e pour les mariages, les retraites et bien plus encore. Planifiez d\u00e8s aujourd'hui !","breadcrumb":{"@id":"https:\/\/wonderinn.no\/fr\/organisez-votre-evenement\/#breadcrumb"},"inLanguage":"fr-FR","potentialAction":[{"@type":"ReadAction","target":["https:\/\/wonderinn.no\/fr\/organisez-votre-evenement\/"]}]},{"@type":"BreadcrumbList","@id":"https:\/\/wonderinn.no\/fr\/organisez-votre-evenement\/#breadcrumb","itemListElement":[{"@type":"ListItem","position":1,"name":"Accueil","item":"https:\/\/wonderinn.no\/fr\/"},{"@type":"ListItem","position":2,"name":"Ev\u00e9nements"}]},{"@type":"WebSite","@id":"https:\/\/wonderinn.no\/fr\/#website","url":"https:\/\/wonderinn.no\/fr\/","name":"Wonderinn","description":"","publisher":{"@id":"https:\/\/wonderinn.no\/fr\/#organization"},"potentialAction":[{"@type":"SearchAction","target":{"@type":"EntryPoint","urlTemplate":"https:\/\/wonderinn.no\/fr\/?s={search_term_string}"},"query-input":{"@type":"PropertyValueSpecification","valueRequired":true,"valueName":"search_term_string"}}],"inLanguage":"fr-FR"},{"@type":"Organization","@id":"https:\/\/wonderinn.no\/fr\/#organization","name":"Wonderinn","url":"https:\/\/wonderinn.no\/fr\/","logo":{"@type":"ImageObject","inLanguage":"fr-FR","@id":"https:\/\/wonderinn.no\/fr\/#\/schema\/logo\/image\/","url":"https:\/\/wonderinn.no\/wp-content\/uploads\/2023\/03\/big-WonderINN-Logo1.webp","contentUrl":"https:\/\/wonderinn.no\/wp-content\/uploads\/2023\/03\/big-WonderINN-Logo1.webp","width":238,"height":194,"caption":"Wonderinn"},"image":{"@id":"https:\/\/wonderinn.no\/fr\/#\/schema\/logo\/image\/"},"sameAs":["https:\/\/www.facebook.com\/wonderinn.norway\/"]}]}},"_links":{"self":[{"href":"https:\/\/wonderinn.no\/fr\/wp-json\/wp\/v2\/pages\/8932","targetHints":{"allow":["GET"]}}],"collection":[{"href":"https:\/\/wonderinn.no\/fr\/wp-json\/wp\/v2\/pages"}],"about":[{"href":"https:\/\/wonderinn.no\/fr\/wp-json\/wp\/v2\/types\/page"}],"author":[{"embeddable":true,"href":"https:\/\/wonderinn.no\/fr\/wp-json\/wp\/v2\/users\/10"}],"replies":[{"embeddable":true,"href":"https:\/\/wonderinn.no\/fr\/wp-json\/wp\/v2\/comments?post=8932"}],"version-history":[{"count":6,"href":"https:\/\/wonderinn.no\/fr\/wp-json\/wp\/v2\/pages\/8932\/revisions"}],"predecessor-version":[{"id":11504,"href":"https:\/\/wonderinn.no\/fr\/wp-json\/wp\/v2\/pages\/8932\/revisions\/11504"}],"wp:attachment":[{"href":"https:\/\/wonderinn.no\/fr\/wp-json\/wp\/v2\/media?parent=8932"}],"curies":[{"name":"wp","href":"https:\/\/api.w.org\/{rel}","templated":true}]}}