{"id":6810,"date":"2024-10-22T09:06:37","date_gmt":"2024-10-22T09:06:37","guid":{"rendered":"https:\/\/wonderinn.no\/product\/cartes-cadeaux-wonderinn\/"},"modified":"2025-12-23T04:08:23","modified_gmt":"2025-12-23T04:08:23","slug":"cartes-cadeaux-wonderinn","status":"publish","type":"product","link":"https:\/\/wonderinn.no\/fr\/product\/cartes-cadeaux-wonderinn\/","title":{"rendered":"Cartes-cadeaux WonderInn"},"content":{"rendered":"<p>Vous cherchez le cadeau id\u00e9al pour votre partenaire, vos jeunes mari\u00e9s, votre famille, un ami ou un couple d&rsquo;amis qui m\u00e9ritent de s&rsquo;\u00e9vader et de vivre une exp\u00e9rience tr\u00e8s sp\u00e9ciale ? Vous pouvez offrir une carte-cadeau pour un s\u00e9jour dans n&rsquo;importe quelle cabine WonderInn et pour n&rsquo;importe quel montant. La carte cadeau est valable 1 an &#8211; la date d&rsquo;enregistrement doit \u00eatre ant\u00e9rieure \u00e0 la date d&rsquo;\u00e9ch\u00e9ance.  <\/p>\n<p>&nbsp;<\/p>\n<p>Le prix moyen d&rsquo;un s\u00e9jour est de 3 450 NOK. Voyez \u00e0 quoi ressemble la carte-cadeau <strong><a href=\"https:\/\/wonderinn.no\/wp-content\/uploads\/2025\/12\/Kopi-av-Gift-Card-WonderInn-example.pdf\">ici<\/a><\/strong><\/p>\n","protected":false},"excerpt":{"rendered":"<p>Vous cherchez le cadeau id\u00e9al pour votre partenaire, vos jeunes mari\u00e9s, votre famille, un ami ou un couple d&rsquo;amis qui m\u00e9ritent de s&rsquo;\u00e9vader et de vivre une exp\u00e9rience tr\u00e8s sp\u00e9ciale ? Vous pouvez offrir une carte-cadeau pour un s\u00e9jour dans n&rsquo;importe quelle cabine WonderInn et pour n&rsquo;importe quel montant. La carte cadeau est valable 1&hellip; <a class=\"more-link\" href=\"https:\/\/wonderinn.no\/fr\/product\/cartes-cadeaux-wonderinn\/\">Poursuivre la lecture <span class=\"screen-reader-text\">Cartes-cadeaux WonderInn<\/span><\/a><\/p>\n","protected":false},"featured_media":11470,"template":"","meta":{"_acf_changed":false,"_monsterinsights_skip_tracking":false,"_monsterinsights_sitenote_active":false,"_monsterinsights_sitenote_note":"","_monsterinsights_sitenote_category":0},"product_brand":[],"product_cat":[109],"product_tag":[],"class_list":{"0":"post-6810","1":"product","2":"type-product","3":"status-publish","4":"has-post-thumbnail","6":"product_cat-non-classifiee","7":"entry","9":"first","10":"instock","11":"shipping-taxable","12":"purchasable","13":"product-type-simple","14":"cpw-product"},"acf":[],"yoast_head":"<!-- This site is optimized with the Yoast SEO Premium plugin v21.5 (Yoast SEO v27.4) - https:\/\/yoast.com\/product\/yoast-seo-premium-wordpress\/ -->\n<title>Cartes-cadeaux WonderInn - Wonderinn<\/title>\n<meta name=\"description\" content=\"Offrez une exp\u00e9rience de glamping magique \u00e0 WonderInn - Norv\u00e8ge. Parfait pour les amoureux et les chercheurs de la nature. Vivez la vie au maximum.\" \/>\n<meta name=\"robots\" content=\"index, follow, max-snippet:-1, max-image-preview:large, max-video-preview:-1\" \/>\n<link rel=\"canonical\" href=\"https:\/\/wonderinn.no\/fr\/product\/cartes-cadeaux-wonderinn\/\" \/>\n<meta property=\"og:locale\" content=\"fr_FR\" \/>\n<meta property=\"og:type\" content=\"article\" \/>\n<meta property=\"og:title\" content=\"Cartes-cadeaux WonderInn\" \/>\n<meta property=\"og:description\" content=\"Offrez une exp\u00e9rience de glamping magique \u00e0 WonderInn - Norv\u00e8ge. Parfait pour les amoureux et les chercheurs de la nature. Vivez la vie au maximum.\" \/>\n<meta property=\"og:url\" content=\"https:\/\/wonderinn.no\/fr\/product\/cartes-cadeaux-wonderinn\/\" \/>\n<meta property=\"og:site_name\" content=\"Wonderinn\" \/>\n<meta property=\"article:publisher\" content=\"https:\/\/www.facebook.com\/wonderinn.norway\/\" \/>\n<meta property=\"article:modified_time\" content=\"2025-12-23T04:08:23+00:00\" \/>\n<meta property=\"og:image\" content=\"https:\/\/wonderinn.no\/wp-content\/uploads\/2022\/11\/giftcard-1.webp\" \/>\n\t<meta property=\"og:image:width\" content=\"1304\" \/>\n\t<meta property=\"og:image:height\" content=\"960\" \/>\n\t<meta property=\"og:image:type\" content=\"image\/png\" \/>\n<meta name=\"twitter:card\" content=\"summary_large_image\" \/>\n<meta name=\"twitter:label1\" content=\"Dur\u00e9e de lecture estim\u00e9e\" \/>\n\t<meta name=\"twitter:data1\" content=\"1 minute\" \/>\n<script type=\"application\/ld+json\" class=\"yoast-schema-graph\">{\"@context\":\"https:\\\/\\\/schema.org\",\"@graph\":[{\"@type\":\"WebPage\",\"@id\":\"https:\\\/\\\/wonderinn.no\\\/fr\\\/product\\\/cartes-cadeaux-wonderinn\\\/\",\"url\":\"https:\\\/\\\/wonderinn.no\\\/fr\\\/product\\\/cartes-cadeaux-wonderinn\\\/\",\"name\":\"Cartes-cadeaux WonderInn - Wonderinn\",\"isPartOf\":{\"@id\":\"https:\\\/\\\/wonderinn.no\\\/fr\\\/#website\"},\"primaryImageOfPage\":{\"@id\":\"https:\\\/\\\/wonderinn.no\\\/fr\\\/product\\\/cartes-cadeaux-wonderinn\\\/#primaryimage\"},\"image\":{\"@id\":\"https:\\\/\\\/wonderinn.no\\\/fr\\\/product\\\/cartes-cadeaux-wonderinn\\\/#primaryimage\"},\"thumbnailUrl\":\"https:\\\/\\\/wonderinn.no\\\/wp-content\\\/uploads\\\/2022\\\/11\\\/giftcard-1.webp\",\"datePublished\":\"2024-10-22T09:06:37+00:00\",\"dateModified\":\"2025-12-23T04:08:23+00:00\",\"description\":\"Offrez une exp\u00e9rience de glamping magique \u00e0 WonderInn - Norv\u00e8ge. Parfait pour les amoureux et les chercheurs de la nature. Vivez la vie au maximum.\",\"breadcrumb\":{\"@id\":\"https:\\\/\\\/wonderinn.no\\\/fr\\\/product\\\/cartes-cadeaux-wonderinn\\\/#breadcrumb\"},\"inLanguage\":\"fr-FR\",\"potentialAction\":[{\"@type\":\"ReadAction\",\"target\":[\"https:\\\/\\\/wonderinn.no\\\/fr\\\/product\\\/cartes-cadeaux-wonderinn\\\/\"]}]},{\"@type\":\"ImageObject\",\"inLanguage\":\"fr-FR\",\"@id\":\"https:\\\/\\\/wonderinn.no\\\/fr\\\/product\\\/cartes-cadeaux-wonderinn\\\/#primaryimage\",\"url\":\"https:\\\/\\\/wonderinn.no\\\/wp-content\\\/uploads\\\/2022\\\/11\\\/giftcard-1.webp\",\"contentUrl\":\"https:\\\/\\\/wonderinn.no\\\/wp-content\\\/uploads\\\/2022\\\/11\\\/giftcard-1.webp\",\"width\":1304,\"height\":960,\"caption\":\"carte-cadeau\"},{\"@type\":\"BreadcrumbList\",\"@id\":\"https:\\\/\\\/wonderinn.no\\\/fr\\\/product\\\/cartes-cadeaux-wonderinn\\\/#breadcrumb\",\"itemListElement\":[{\"@type\":\"ListItem\",\"position\":1,\"name\":\"Accueil\",\"item\":\"https:\\\/\\\/wonderinn.no\\\/fr\\\/\"},{\"@type\":\"ListItem\",\"position\":2,\"name\":\"Shop\",\"item\":\"https:\\\/\\\/wonderinn.no\\\/shop\\\/\"},{\"@type\":\"ListItem\",\"position\":3,\"name\":\"Cartes-cadeaux WonderInn\"}]},{\"@type\":\"WebSite\",\"@id\":\"https:\\\/\\\/wonderinn.no\\\/fr\\\/#website\",\"url\":\"https:\\\/\\\/wonderinn.no\\\/fr\\\/\",\"name\":\"Wonderinn\",\"description\":\"\",\"publisher\":{\"@id\":\"https:\\\/\\\/wonderinn.no\\\/fr\\\/#organization\"},\"potentialAction\":[{\"@type\":\"SearchAction\",\"target\":{\"@type\":\"EntryPoint\",\"urlTemplate\":\"https:\\\/\\\/wonderinn.no\\\/fr\\\/?s={search_term_string}\"},\"query-input\":{\"@type\":\"PropertyValueSpecification\",\"valueRequired\":true,\"valueName\":\"search_term_string\"}}],\"inLanguage\":\"fr-FR\"},{\"@type\":\"Organization\",\"@id\":\"https:\\\/\\\/wonderinn.no\\\/fr\\\/#organization\",\"name\":\"Wonderinn\",\"url\":\"https:\\\/\\\/wonderinn.no\\\/fr\\\/\",\"logo\":{\"@type\":\"ImageObject\",\"inLanguage\":\"fr-FR\",\"@id\":\"https:\\\/\\\/wonderinn.no\\\/fr\\\/#\\\/schema\\\/logo\\\/image\\\/\",\"url\":\"https:\\\/\\\/wonderinn.no\\\/wp-content\\\/uploads\\\/2023\\\/03\\\/big-WonderINN-Logo1.webp\",\"contentUrl\":\"https:\\\/\\\/wonderinn.no\\\/wp-content\\\/uploads\\\/2023\\\/03\\\/big-WonderINN-Logo1.webp\",\"width\":238,\"height\":194,\"caption\":\"Wonderinn\"},\"image\":{\"@id\":\"https:\\\/\\\/wonderinn.no\\\/fr\\\/#\\\/schema\\\/logo\\\/image\\\/\"},\"sameAs\":[\"https:\\\/\\\/www.facebook.com\\\/wonderinn.norway\\\/\"]}]}<\/script>\n<!-- \/ Yoast SEO Premium plugin. -->","yoast_head_json":{"title":"Cartes-cadeaux WonderInn - Wonderinn","description":"Offrez une exp\u00e9rience de glamping magique \u00e0 WonderInn - Norv\u00e8ge. Parfait pour les amoureux et les chercheurs de la nature. Vivez la vie au maximum.","robots":{"index":"index","follow":"follow","max-snippet":"max-snippet:-1","max-image-preview":"max-image-preview:large","max-video-preview":"max-video-preview:-1"},"canonical":"https:\/\/wonderinn.no\/fr\/product\/cartes-cadeaux-wonderinn\/","og_locale":"fr_FR","og_type":"article","og_title":"Cartes-cadeaux WonderInn","og_description":"Offrez une exp\u00e9rience de glamping magique \u00e0 WonderInn - Norv\u00e8ge. Parfait pour les amoureux et les chercheurs de la nature. Vivez la vie au maximum.","og_url":"https:\/\/wonderinn.no\/fr\/product\/cartes-cadeaux-wonderinn\/","og_site_name":"Wonderinn","article_publisher":"https:\/\/www.facebook.com\/wonderinn.norway\/","article_modified_time":"2025-12-23T04:08:23+00:00","og_image":[{"width":1304,"height":960,"url":"https:\/\/wonderinn.no\/wp-content\/uploads\/2022\/11\/giftcard-1.webp","type":"image\/png"}],"twitter_card":"summary_large_image","twitter_misc":{"Dur\u00e9e de lecture estim\u00e9e":"1 minute"},"schema":{"@context":"https:\/\/schema.org","@graph":[{"@type":"WebPage","@id":"https:\/\/wonderinn.no\/fr\/product\/cartes-cadeaux-wonderinn\/","url":"https:\/\/wonderinn.no\/fr\/product\/cartes-cadeaux-wonderinn\/","name":"Cartes-cadeaux WonderInn - Wonderinn","isPartOf":{"@id":"https:\/\/wonderinn.no\/fr\/#website"},"primaryImageOfPage":{"@id":"https:\/\/wonderinn.no\/fr\/product\/cartes-cadeaux-wonderinn\/#primaryimage"},"image":{"@id":"https:\/\/wonderinn.no\/fr\/product\/cartes-cadeaux-wonderinn\/#primaryimage"},"thumbnailUrl":"https:\/\/wonderinn.no\/wp-content\/uploads\/2022\/11\/giftcard-1.webp","datePublished":"2024-10-22T09:06:37+00:00","dateModified":"2025-12-23T04:08:23+00:00","description":"Offrez une exp\u00e9rience de glamping magique \u00e0 WonderInn - Norv\u00e8ge. Parfait pour les amoureux et les chercheurs de la nature. Vivez la vie au maximum.","breadcrumb":{"@id":"https:\/\/wonderinn.no\/fr\/product\/cartes-cadeaux-wonderinn\/#breadcrumb"},"inLanguage":"fr-FR","potentialAction":[{"@type":"ReadAction","target":["https:\/\/wonderinn.no\/fr\/product\/cartes-cadeaux-wonderinn\/"]}]},{"@type":"ImageObject","inLanguage":"fr-FR","@id":"https:\/\/wonderinn.no\/fr\/product\/cartes-cadeaux-wonderinn\/#primaryimage","url":"https:\/\/wonderinn.no\/wp-content\/uploads\/2022\/11\/giftcard-1.webp","contentUrl":"https:\/\/wonderinn.no\/wp-content\/uploads\/2022\/11\/giftcard-1.webp","width":1304,"height":960,"caption":"carte-cadeau"},{"@type":"BreadcrumbList","@id":"https:\/\/wonderinn.no\/fr\/product\/cartes-cadeaux-wonderinn\/#breadcrumb","itemListElement":[{"@type":"ListItem","position":1,"name":"Accueil","item":"https:\/\/wonderinn.no\/fr\/"},{"@type":"ListItem","position":2,"name":"Shop","item":"https:\/\/wonderinn.no\/shop\/"},{"@type":"ListItem","position":3,"name":"Cartes-cadeaux WonderInn"}]},{"@type":"WebSite","@id":"https:\/\/wonderinn.no\/fr\/#website","url":"https:\/\/wonderinn.no\/fr\/","name":"Wonderinn","description":"","publisher":{"@id":"https:\/\/wonderinn.no\/fr\/#organization"},"potentialAction":[{"@type":"SearchAction","target":{"@type":"EntryPoint","urlTemplate":"https:\/\/wonderinn.no\/fr\/?s={search_term_string}"},"query-input":{"@type":"PropertyValueSpecification","valueRequired":true,"valueName":"search_term_string"}}],"inLanguage":"fr-FR"},{"@type":"Organization","@id":"https:\/\/wonderinn.no\/fr\/#organization","name":"Wonderinn","url":"https:\/\/wonderinn.no\/fr\/","logo":{"@type":"ImageObject","inLanguage":"fr-FR","@id":"https:\/\/wonderinn.no\/fr\/#\/schema\/logo\/image\/","url":"https:\/\/wonderinn.no\/wp-content\/uploads\/2023\/03\/big-WonderINN-Logo1.webp","contentUrl":"https:\/\/wonderinn.no\/wp-content\/uploads\/2023\/03\/big-WonderINN-Logo1.webp","width":238,"height":194,"caption":"Wonderinn"},"image":{"@id":"https:\/\/wonderinn.no\/fr\/#\/schema\/logo\/image\/"},"sameAs":["https:\/\/www.facebook.com\/wonderinn.norway\/"]}]}},"_links":{"self":[{"href":"https:\/\/wonderinn.no\/fr\/wp-json\/wp\/v2\/product\/6810","targetHints":{"allow":["GET"]}}],"collection":[{"href":"https:\/\/wonderinn.no\/fr\/wp-json\/wp\/v2\/product"}],"about":[{"href":"https:\/\/wonderinn.no\/fr\/wp-json\/wp\/v2\/types\/product"}],"wp:featuredmedia":[{"embeddable":true,"href":"https:\/\/wonderinn.no\/fr\/wp-json\/wp\/v2\/media\/11470"}],"wp:attachment":[{"href":"https:\/\/wonderinn.no\/fr\/wp-json\/wp\/v2\/media?parent=6810"}],"wp:term":[{"taxonomy":"product_brand","embeddable":true,"href":"https:\/\/wonderinn.no\/fr\/wp-json\/wp\/v2\/product_brand?post=6810"},{"taxonomy":"product_cat","embeddable":true,"href":"https:\/\/wonderinn.no\/fr\/wp-json\/wp\/v2\/product_cat?post=6810"},{"taxonomy":"product_tag","embeddable":true,"href":"https:\/\/wonderinn.no\/fr\/wp-json\/wp\/v2\/product_tag?post=6810"}],"curies":[{"name":"wp","href":"https:\/\/api.w.org\/{rel}","templated":true}]}}