{"id":482,"date":"2022-11-22T09:25:36","date_gmt":"2022-11-22T09:25:36","guid":{"rendered":"https:\/\/wonderinn.no\/checkout\/"},"modified":"2025-10-14T10:14:34","modified_gmt":"2025-10-14T10:14:34","slug":"checkout","status":"publish","type":"page","link":"https:\/\/wonderinn.no\/no\/checkout\/","title":{"rendered":"Kasse"},"content":{"rendered":"<div class=\"woocommerce\"><\/div>\n","protected":false},"excerpt":{"rendered":"","protected":false},"author":3,"featured_media":1876,"parent":0,"menu_order":0,"comment_status":"closed","ping_status":"closed","template":"","meta":{"_acf_changed":false,"_monsterinsights_skip_tracking":false,"_monsterinsights_sitenote_active":false,"_monsterinsights_sitenote_note":"","_monsterinsights_sitenote_category":0,"footnotes":""},"class_list":["post-482","page","type-page","status-publish","has-post-thumbnail","hentry","entry"],"acf":[],"yoast_head":"<!-- This site is optimized with the Yoast SEO Premium plugin v21.5 (Yoast SEO v27.5) - https:\/\/yoast.com\/product\/yoast-seo-premium-wordpress\/ -->\n<title>Sikre oppholdet ditt: Enkel utsjekkingsprosess hos WonderInn!<\/title>\n<meta name=\"description\" content=\"S\u00f8rg for en problemfri bestillingsopplevelse med WonderInns s\u00f8ml\u00f8se utsjekking. Gj\u00f8r deg klar til \u00e5 skape vakre minner p\u00e5 feriestedet du har valgt.\" \/>\n<meta name=\"robots\" content=\"index, follow, max-snippet:-1, max-image-preview:large, max-video-preview:-1\" \/>\n<link rel=\"canonical\" href=\"https:\/\/wonderinn.no\/no\/checkout\/\" \/>\n<meta property=\"og:locale\" content=\"nb_NO\" \/>\n<meta property=\"og:type\" content=\"article\" \/>\n<meta property=\"og:title\" content=\"Kasse\" \/>\n<meta property=\"og:description\" content=\"S\u00f8rg for en problemfri bestillingsopplevelse med WonderInns s\u00f8ml\u00f8se utsjekking. Gj\u00f8r deg klar til \u00e5 skape vakre minner p\u00e5 feriestedet du har valgt.\" \/>\n<meta property=\"og:url\" content=\"https:\/\/wonderinn.no\/no\/checkout\/\" \/>\n<meta property=\"og:site_name\" content=\"Wonderinn\" \/>\n<meta property=\"article:publisher\" content=\"https:\/\/www.facebook.com\/wonderinn.norway\/\" \/>\n<meta property=\"article:modified_time\" content=\"2025-10-14T10:14:34+00:00\" \/>\n<meta property=\"og:image\" content=\"https:\/\/wonderinn.no\/wp-content\/uploads\/2023\/05\/Winn-header-1.png\" \/>\n\t<meta property=\"og:image:width\" content=\"1828\" \/>\n\t<meta property=\"og:image:height\" content=\"816\" \/>\n\t<meta property=\"og:image:type\" content=\"image\/png\" \/>\n<meta name=\"twitter:card\" content=\"summary_large_image\" \/>\n<meta name=\"twitter:label1\" content=\"Ansl. lesetid\" \/>\n\t<meta name=\"twitter:data1\" content=\"1 minutt\" \/>\n<script type=\"application\/ld+json\" class=\"yoast-schema-graph\">{\"@context\":\"https:\\\/\\\/schema.org\",\"@graph\":[{\"@type\":\"WebPage\",\"@id\":\"https:\\\/\\\/wonderinn.no\\\/no\\\/checkout\\\/\",\"url\":\"https:\\\/\\\/wonderinn.no\\\/no\\\/checkout\\\/\",\"name\":\"Sikre oppholdet ditt: Enkel utsjekkingsprosess hos WonderInn!\",\"isPartOf\":{\"@id\":\"https:\\\/\\\/wonderinn.no\\\/no\\\/#website\"},\"primaryImageOfPage\":{\"@id\":\"https:\\\/\\\/wonderinn.no\\\/no\\\/checkout\\\/#primaryimage\"},\"image\":{\"@id\":\"https:\\\/\\\/wonderinn.no\\\/no\\\/checkout\\\/#primaryimage\"},\"thumbnailUrl\":\"https:\\\/\\\/wonderinn.no\\\/wp-content\\\/uploads\\\/2023\\\/05\\\/Winn-header-1.webp\",\"datePublished\":\"2022-11-22T09:25:36+00:00\",\"dateModified\":\"2025-10-14T10:14:34+00:00\",\"description\":\"S\u00f8rg for en problemfri bestillingsopplevelse med WonderInns s\u00f8ml\u00f8se utsjekking. Gj\u00f8r deg klar til \u00e5 skape vakre minner p\u00e5 feriestedet du har valgt.\",\"breadcrumb\":{\"@id\":\"https:\\\/\\\/wonderinn.no\\\/no\\\/checkout\\\/#breadcrumb\"},\"inLanguage\":\"nb-NO\",\"potentialAction\":[{\"@type\":\"ReadAction\",\"target\":[\"https:\\\/\\\/wonderinn.no\\\/no\\\/checkout\\\/\"]}]},{\"@type\":\"ImageObject\",\"inLanguage\":\"nb-NO\",\"@id\":\"https:\\\/\\\/wonderinn.no\\\/no\\\/checkout\\\/#primaryimage\",\"url\":\"https:\\\/\\\/wonderinn.no\\\/wp-content\\\/uploads\\\/2023\\\/05\\\/Winn-header-1.webp\",\"contentUrl\":\"https:\\\/\\\/wonderinn.no\\\/wp-content\\\/uploads\\\/2023\\\/05\\\/Winn-header-1.webp\",\"width\":1828,\"height\":816,\"caption\":\"Luksusglamping hos WonderInn med speilhytter, glasshytter og kupler n\u00e6r Oslo og Lofoten.\"},{\"@type\":\"BreadcrumbList\",\"@id\":\"https:\\\/\\\/wonderinn.no\\\/no\\\/checkout\\\/#breadcrumb\",\"itemListElement\":[{\"@type\":\"ListItem\",\"position\":1,\"name\":\"Hjem\",\"item\":\"https:\\\/\\\/wonderinn.no\\\/no\\\/\"},{\"@type\":\"ListItem\",\"position\":2,\"name\":\"Kasse\"}]},{\"@type\":\"WebSite\",\"@id\":\"https:\\\/\\\/wonderinn.no\\\/no\\\/#website\",\"url\":\"https:\\\/\\\/wonderinn.no\\\/no\\\/\",\"name\":\"Wonderinn\",\"description\":\"\",\"publisher\":{\"@id\":\"https:\\\/\\\/wonderinn.no\\\/no\\\/#organization\"},\"potentialAction\":[{\"@type\":\"SearchAction\",\"target\":{\"@type\":\"EntryPoint\",\"urlTemplate\":\"https:\\\/\\\/wonderinn.no\\\/no\\\/?s={search_term_string}\"},\"query-input\":{\"@type\":\"PropertyValueSpecification\",\"valueRequired\":true,\"valueName\":\"search_term_string\"}}],\"inLanguage\":\"nb-NO\"},{\"@type\":\"Organization\",\"@id\":\"https:\\\/\\\/wonderinn.no\\\/no\\\/#organization\",\"name\":\"Wonderinn\",\"url\":\"https:\\\/\\\/wonderinn.no\\\/no\\\/\",\"logo\":{\"@type\":\"ImageObject\",\"inLanguage\":\"nb-NO\",\"@id\":\"https:\\\/\\\/wonderinn.no\\\/no\\\/#\\\/schema\\\/logo\\\/image\\\/\",\"url\":\"https:\\\/\\\/wonderinn.no\\\/wp-content\\\/uploads\\\/2023\\\/03\\\/big-WonderINN-Logo1.webp\",\"contentUrl\":\"https:\\\/\\\/wonderinn.no\\\/wp-content\\\/uploads\\\/2023\\\/03\\\/big-WonderINN-Logo1.webp\",\"width\":238,\"height\":194,\"caption\":\"Wonderinn\"},\"image\":{\"@id\":\"https:\\\/\\\/wonderinn.no\\\/no\\\/#\\\/schema\\\/logo\\\/image\\\/\"},\"sameAs\":[\"https:\\\/\\\/www.facebook.com\\\/wonderinn.norway\\\/\"]}]}<\/script>\n<!-- \/ Yoast SEO Premium plugin. -->","yoast_head_json":{"title":"Sikre oppholdet ditt: Enkel utsjekkingsprosess hos WonderInn!","description":"S\u00f8rg for en problemfri bestillingsopplevelse med WonderInns s\u00f8ml\u00f8se utsjekking. Gj\u00f8r deg klar til \u00e5 skape vakre minner p\u00e5 feriestedet du har valgt.","robots":{"index":"index","follow":"follow","max-snippet":"max-snippet:-1","max-image-preview":"max-image-preview:large","max-video-preview":"max-video-preview:-1"},"canonical":"https:\/\/wonderinn.no\/no\/checkout\/","og_locale":"nb_NO","og_type":"article","og_title":"Kasse","og_description":"S\u00f8rg for en problemfri bestillingsopplevelse med WonderInns s\u00f8ml\u00f8se utsjekking. Gj\u00f8r deg klar til \u00e5 skape vakre minner p\u00e5 feriestedet du har valgt.","og_url":"https:\/\/wonderinn.no\/no\/checkout\/","og_site_name":"Wonderinn","article_publisher":"https:\/\/www.facebook.com\/wonderinn.norway\/","article_modified_time":"2025-10-14T10:14:34+00:00","og_image":[{"width":1828,"height":816,"url":"https:\/\/wonderinn.no\/wp-content\/uploads\/2023\/05\/Winn-header-1.png","type":"image\/png"}],"twitter_card":"summary_large_image","twitter_misc":{"Ansl. lesetid":"1 minutt"},"schema":{"@context":"https:\/\/schema.org","@graph":[{"@type":"WebPage","@id":"https:\/\/wonderinn.no\/no\/checkout\/","url":"https:\/\/wonderinn.no\/no\/checkout\/","name":"Sikre oppholdet ditt: Enkel utsjekkingsprosess hos WonderInn!","isPartOf":{"@id":"https:\/\/wonderinn.no\/no\/#website"},"primaryImageOfPage":{"@id":"https:\/\/wonderinn.no\/no\/checkout\/#primaryimage"},"image":{"@id":"https:\/\/wonderinn.no\/no\/checkout\/#primaryimage"},"thumbnailUrl":"https:\/\/wonderinn.no\/wp-content\/uploads\/2023\/05\/Winn-header-1.webp","datePublished":"2022-11-22T09:25:36+00:00","dateModified":"2025-10-14T10:14:34+00:00","description":"S\u00f8rg for en problemfri bestillingsopplevelse med WonderInns s\u00f8ml\u00f8se utsjekking. Gj\u00f8r deg klar til \u00e5 skape vakre minner p\u00e5 feriestedet du har valgt.","breadcrumb":{"@id":"https:\/\/wonderinn.no\/no\/checkout\/#breadcrumb"},"inLanguage":"nb-NO","potentialAction":[{"@type":"ReadAction","target":["https:\/\/wonderinn.no\/no\/checkout\/"]}]},{"@type":"ImageObject","inLanguage":"nb-NO","@id":"https:\/\/wonderinn.no\/no\/checkout\/#primaryimage","url":"https:\/\/wonderinn.no\/wp-content\/uploads\/2023\/05\/Winn-header-1.webp","contentUrl":"https:\/\/wonderinn.no\/wp-content\/uploads\/2023\/05\/Winn-header-1.webp","width":1828,"height":816,"caption":"Luksusglamping hos WonderInn med speilhytter, glasshytter og kupler n\u00e6r Oslo og Lofoten."},{"@type":"BreadcrumbList","@id":"https:\/\/wonderinn.no\/no\/checkout\/#breadcrumb","itemListElement":[{"@type":"ListItem","position":1,"name":"Hjem","item":"https:\/\/wonderinn.no\/no\/"},{"@type":"ListItem","position":2,"name":"Kasse"}]},{"@type":"WebSite","@id":"https:\/\/wonderinn.no\/no\/#website","url":"https:\/\/wonderinn.no\/no\/","name":"Wonderinn","description":"","publisher":{"@id":"https:\/\/wonderinn.no\/no\/#organization"},"potentialAction":[{"@type":"SearchAction","target":{"@type":"EntryPoint","urlTemplate":"https:\/\/wonderinn.no\/no\/?s={search_term_string}"},"query-input":{"@type":"PropertyValueSpecification","valueRequired":true,"valueName":"search_term_string"}}],"inLanguage":"nb-NO"},{"@type":"Organization","@id":"https:\/\/wonderinn.no\/no\/#organization","name":"Wonderinn","url":"https:\/\/wonderinn.no\/no\/","logo":{"@type":"ImageObject","inLanguage":"nb-NO","@id":"https:\/\/wonderinn.no\/no\/#\/schema\/logo\/image\/","url":"https:\/\/wonderinn.no\/wp-content\/uploads\/2023\/03\/big-WonderINN-Logo1.webp","contentUrl":"https:\/\/wonderinn.no\/wp-content\/uploads\/2023\/03\/big-WonderINN-Logo1.webp","width":238,"height":194,"caption":"Wonderinn"},"image":{"@id":"https:\/\/wonderinn.no\/no\/#\/schema\/logo\/image\/"},"sameAs":["https:\/\/www.facebook.com\/wonderinn.norway\/"]}]}},"_links":{"self":[{"href":"https:\/\/wonderinn.no\/no\/wp-json\/wp\/v2\/pages\/482","targetHints":{"allow":["GET"]}}],"collection":[{"href":"https:\/\/wonderinn.no\/no\/wp-json\/wp\/v2\/pages"}],"about":[{"href":"https:\/\/wonderinn.no\/no\/wp-json\/wp\/v2\/types\/page"}],"author":[{"embeddable":true,"href":"https:\/\/wonderinn.no\/no\/wp-json\/wp\/v2\/users\/3"}],"replies":[{"embeddable":true,"href":"https:\/\/wonderinn.no\/no\/wp-json\/wp\/v2\/comments?post=482"}],"version-history":[{"count":3,"href":"https:\/\/wonderinn.no\/no\/wp-json\/wp\/v2\/pages\/482\/revisions"}],"predecessor-version":[{"id":5780,"href":"https:\/\/wonderinn.no\/no\/wp-json\/wp\/v2\/pages\/482\/revisions\/5780"}],"wp:featuredmedia":[{"embeddable":true,"href":"https:\/\/wonderinn.no\/no\/wp-json\/wp\/v2\/media\/1876"}],"wp:attachment":[{"href":"https:\/\/wonderinn.no\/no\/wp-json\/wp\/v2\/media?parent=482"}],"curies":[{"name":"wp","href":"https:\/\/api.w.org\/{rel}","templated":true}]}}