{"id":486,"date":"2022-11-18T11:02:53","date_gmt":"2022-11-18T11:02:53","guid":{"rendered":"https:\/\/wonderinn.no\/contactus\/"},"modified":"2026-03-05T04:53:32","modified_gmt":"2026-03-05T04:53:32","slug":"contactus","status":"publish","type":"page","link":"https:\/\/wonderinn.no\/no\/contactus\/","title":{"rendered":"Kontakt oss"},"content":{"rendered":"","protected":false},"excerpt":{"rendered":"","protected":false},"author":3,"featured_media":1836,"parent":0,"menu_order":0,"comment_status":"closed","ping_status":"closed","template":"contactus.php","meta":{"_acf_changed":false,"_monsterinsights_skip_tracking":false,"_monsterinsights_sitenote_active":false,"_monsterinsights_sitenote_note":"","_monsterinsights_sitenote_category":0,"footnotes":""},"class_list":["post-486","page","type-page","status-publish","has-post-thumbnail","hentry","entry"],"acf":[],"yoast_head":"<!-- This site is optimized with the Yoast SEO Premium plugin v21.5 (Yoast SEO v27.4) - https:\/\/yoast.com\/product\/yoast-seo-premium-wordpress\/ -->\n<title>Kontakt oss - Wonderinn<\/title>\n<meta name=\"description\" content=\"Trenger du hjelp? Kontakt WonderInns vennlige team - vi er her for \u00e5 hjelpe deg! Ta kontakt med oss for foresp\u00f8rsler, bestillinger eller sp\u00f8rsm\u00e5l om hyttene.\" \/>\n<meta name=\"robots\" content=\"index, follow, max-snippet:-1, max-image-preview:large, max-video-preview:-1\" \/>\n<link rel=\"canonical\" href=\"https:\/\/wonderinn.no\/no\/contactus\/\" \/>\n<meta property=\"og:locale\" content=\"nb_NO\" \/>\n<meta property=\"og:type\" content=\"article\" \/>\n<meta property=\"og:title\" content=\"Kontakt oss\" \/>\n<meta property=\"og:description\" content=\"Trenger du hjelp? Kontakt WonderInns vennlige team - vi er her for \u00e5 hjelpe deg! Ta kontakt med oss for foresp\u00f8rsler, bestillinger eller sp\u00f8rsm\u00e5l om hyttene.\" \/>\n<meta property=\"og:url\" content=\"https:\/\/wonderinn.no\/no\/contactus\/\" \/>\n<meta property=\"og:site_name\" content=\"Wonderinn\" \/>\n<meta property=\"article:publisher\" content=\"https:\/\/www.facebook.com\/wonderinn.norway\/\" \/>\n<meta property=\"article:modified_time\" content=\"2026-03-05T04:53:32+00:00\" \/>\n<meta property=\"og:image\" content=\"https:\/\/wonderinn.no\/wp-content\/uploads\/2022\/12\/mini-office-2-1664x880-1.webp\" \/>\n\t<meta property=\"og:image:width\" content=\"1664\" \/>\n\t<meta property=\"og:image:height\" content=\"880\" \/>\n\t<meta property=\"og:image:type\" content=\"image\/jpeg\" \/>\n<meta name=\"twitter:card\" content=\"summary_large_image\" \/>\n<meta name=\"twitter:label1\" content=\"Ansl. lesetid\" \/>\n\t<meta name=\"twitter:data1\" content=\"1 minutt\" \/>\n<script type=\"application\/ld+json\" class=\"yoast-schema-graph\">{\"@context\":\"https:\\\/\\\/schema.org\",\"@graph\":[{\"@type\":\"WebPage\",\"@id\":\"https:\\\/\\\/wonderinn.no\\\/no\\\/contactus\\\/\",\"url\":\"https:\\\/\\\/wonderinn.no\\\/no\\\/contactus\\\/\",\"name\":\"Kontakt oss - Wonderinn\",\"isPartOf\":{\"@id\":\"https:\\\/\\\/wonderinn.no\\\/no\\\/#website\"},\"primaryImageOfPage\":{\"@id\":\"https:\\\/\\\/wonderinn.no\\\/no\\\/contactus\\\/#primaryimage\"},\"image\":{\"@id\":\"https:\\\/\\\/wonderinn.no\\\/no\\\/contactus\\\/#primaryimage\"},\"thumbnailUrl\":\"https:\\\/\\\/wonderinn.no\\\/wp-content\\\/uploads\\\/2022\\\/12\\\/mini-office-2-1664x880-1.webp\",\"datePublished\":\"2022-11-18T11:02:53+00:00\",\"dateModified\":\"2026-03-05T04:53:32+00:00\",\"description\":\"Trenger du hjelp? Kontakt WonderInns vennlige team - vi er her for \u00e5 hjelpe deg! Ta kontakt med oss for foresp\u00f8rsler, bestillinger eller sp\u00f8rsm\u00e5l om hyttene.\",\"breadcrumb\":{\"@id\":\"https:\\\/\\\/wonderinn.no\\\/no\\\/contactus\\\/#breadcrumb\"},\"inLanguage\":\"nb-NO\",\"potentialAction\":[{\"@type\":\"ReadAction\",\"target\":[\"https:\\\/\\\/wonderinn.no\\\/no\\\/contactus\\\/\"]}]},{\"@type\":\"ImageObject\",\"inLanguage\":\"nb-NO\",\"@id\":\"https:\\\/\\\/wonderinn.no\\\/no\\\/contactus\\\/#primaryimage\",\"url\":\"https:\\\/\\\/wonderinn.no\\\/wp-content\\\/uploads\\\/2022\\\/12\\\/mini-office-2-1664x880-1.webp\",\"contentUrl\":\"https:\\\/\\\/wonderinn.no\\\/wp-content\\\/uploads\\\/2022\\\/12\\\/mini-office-2-1664x880-1.webp\",\"width\":1664,\"height\":880,\"caption\":\"wonderinn-mini-kontor-5\"},{\"@type\":\"BreadcrumbList\",\"@id\":\"https:\\\/\\\/wonderinn.no\\\/no\\\/contactus\\\/#breadcrumb\",\"itemListElement\":[{\"@type\":\"ListItem\",\"position\":1,\"name\":\"Hjem\",\"item\":\"https:\\\/\\\/wonderinn.no\\\/no\\\/\"},{\"@type\":\"ListItem\",\"position\":2,\"name\":\"Kontakt oss\"}]},{\"@type\":\"WebSite\",\"@id\":\"https:\\\/\\\/wonderinn.no\\\/no\\\/#website\",\"url\":\"https:\\\/\\\/wonderinn.no\\\/no\\\/\",\"name\":\"Wonderinn\",\"description\":\"\",\"publisher\":{\"@id\":\"https:\\\/\\\/wonderinn.no\\\/no\\\/#organization\"},\"potentialAction\":[{\"@type\":\"SearchAction\",\"target\":{\"@type\":\"EntryPoint\",\"urlTemplate\":\"https:\\\/\\\/wonderinn.no\\\/no\\\/?s={search_term_string}\"},\"query-input\":{\"@type\":\"PropertyValueSpecification\",\"valueRequired\":true,\"valueName\":\"search_term_string\"}}],\"inLanguage\":\"nb-NO\"},{\"@type\":\"Organization\",\"@id\":\"https:\\\/\\\/wonderinn.no\\\/no\\\/#organization\",\"name\":\"Wonderinn\",\"url\":\"https:\\\/\\\/wonderinn.no\\\/no\\\/\",\"logo\":{\"@type\":\"ImageObject\",\"inLanguage\":\"nb-NO\",\"@id\":\"https:\\\/\\\/wonderinn.no\\\/no\\\/#\\\/schema\\\/logo\\\/image\\\/\",\"url\":\"https:\\\/\\\/wonderinn.no\\\/wp-content\\\/uploads\\\/2023\\\/03\\\/big-WonderINN-Logo1.webp\",\"contentUrl\":\"https:\\\/\\\/wonderinn.no\\\/wp-content\\\/uploads\\\/2023\\\/03\\\/big-WonderINN-Logo1.webp\",\"width\":238,\"height\":194,\"caption\":\"Wonderinn\"},\"image\":{\"@id\":\"https:\\\/\\\/wonderinn.no\\\/no\\\/#\\\/schema\\\/logo\\\/image\\\/\"},\"sameAs\":[\"https:\\\/\\\/www.facebook.com\\\/wonderinn.norway\\\/\"]}]}<\/script>\n<!-- \/ Yoast SEO Premium plugin. -->","yoast_head_json":{"title":"Kontakt oss - Wonderinn","description":"Trenger du hjelp? Kontakt WonderInns vennlige team - vi er her for \u00e5 hjelpe deg! Ta kontakt med oss for foresp\u00f8rsler, bestillinger eller sp\u00f8rsm\u00e5l om hyttene.","robots":{"index":"index","follow":"follow","max-snippet":"max-snippet:-1","max-image-preview":"max-image-preview:large","max-video-preview":"max-video-preview:-1"},"canonical":"https:\/\/wonderinn.no\/no\/contactus\/","og_locale":"nb_NO","og_type":"article","og_title":"Kontakt oss","og_description":"Trenger du hjelp? Kontakt WonderInns vennlige team - vi er her for \u00e5 hjelpe deg! Ta kontakt med oss for foresp\u00f8rsler, bestillinger eller sp\u00f8rsm\u00e5l om hyttene.","og_url":"https:\/\/wonderinn.no\/no\/contactus\/","og_site_name":"Wonderinn","article_publisher":"https:\/\/www.facebook.com\/wonderinn.norway\/","article_modified_time":"2026-03-05T04:53:32+00:00","og_image":[{"width":1664,"height":880,"url":"https:\/\/wonderinn.no\/wp-content\/uploads\/2022\/12\/mini-office-2-1664x880-1.webp","type":"image\/jpeg"}],"twitter_card":"summary_large_image","twitter_misc":{"Ansl. lesetid":"1 minutt"},"schema":{"@context":"https:\/\/schema.org","@graph":[{"@type":"WebPage","@id":"https:\/\/wonderinn.no\/no\/contactus\/","url":"https:\/\/wonderinn.no\/no\/contactus\/","name":"Kontakt oss - Wonderinn","isPartOf":{"@id":"https:\/\/wonderinn.no\/no\/#website"},"primaryImageOfPage":{"@id":"https:\/\/wonderinn.no\/no\/contactus\/#primaryimage"},"image":{"@id":"https:\/\/wonderinn.no\/no\/contactus\/#primaryimage"},"thumbnailUrl":"https:\/\/wonderinn.no\/wp-content\/uploads\/2022\/12\/mini-office-2-1664x880-1.webp","datePublished":"2022-11-18T11:02:53+00:00","dateModified":"2026-03-05T04:53:32+00:00","description":"Trenger du hjelp? Kontakt WonderInns vennlige team - vi er her for \u00e5 hjelpe deg! Ta kontakt med oss for foresp\u00f8rsler, bestillinger eller sp\u00f8rsm\u00e5l om hyttene.","breadcrumb":{"@id":"https:\/\/wonderinn.no\/no\/contactus\/#breadcrumb"},"inLanguage":"nb-NO","potentialAction":[{"@type":"ReadAction","target":["https:\/\/wonderinn.no\/no\/contactus\/"]}]},{"@type":"ImageObject","inLanguage":"nb-NO","@id":"https:\/\/wonderinn.no\/no\/contactus\/#primaryimage","url":"https:\/\/wonderinn.no\/wp-content\/uploads\/2022\/12\/mini-office-2-1664x880-1.webp","contentUrl":"https:\/\/wonderinn.no\/wp-content\/uploads\/2022\/12\/mini-office-2-1664x880-1.webp","width":1664,"height":880,"caption":"wonderinn-mini-kontor-5"},{"@type":"BreadcrumbList","@id":"https:\/\/wonderinn.no\/no\/contactus\/#breadcrumb","itemListElement":[{"@type":"ListItem","position":1,"name":"Hjem","item":"https:\/\/wonderinn.no\/no\/"},{"@type":"ListItem","position":2,"name":"Kontakt oss"}]},{"@type":"WebSite","@id":"https:\/\/wonderinn.no\/no\/#website","url":"https:\/\/wonderinn.no\/no\/","name":"Wonderinn","description":"","publisher":{"@id":"https:\/\/wonderinn.no\/no\/#organization"},"potentialAction":[{"@type":"SearchAction","target":{"@type":"EntryPoint","urlTemplate":"https:\/\/wonderinn.no\/no\/?s={search_term_string}"},"query-input":{"@type":"PropertyValueSpecification","valueRequired":true,"valueName":"search_term_string"}}],"inLanguage":"nb-NO"},{"@type":"Organization","@id":"https:\/\/wonderinn.no\/no\/#organization","name":"Wonderinn","url":"https:\/\/wonderinn.no\/no\/","logo":{"@type":"ImageObject","inLanguage":"nb-NO","@id":"https:\/\/wonderinn.no\/no\/#\/schema\/logo\/image\/","url":"https:\/\/wonderinn.no\/wp-content\/uploads\/2023\/03\/big-WonderINN-Logo1.webp","contentUrl":"https:\/\/wonderinn.no\/wp-content\/uploads\/2023\/03\/big-WonderINN-Logo1.webp","width":238,"height":194,"caption":"Wonderinn"},"image":{"@id":"https:\/\/wonderinn.no\/no\/#\/schema\/logo\/image\/"},"sameAs":["https:\/\/www.facebook.com\/wonderinn.norway\/"]}]}},"_links":{"self":[{"href":"https:\/\/wonderinn.no\/no\/wp-json\/wp\/v2\/pages\/486","targetHints":{"allow":["GET"]}}],"collection":[{"href":"https:\/\/wonderinn.no\/no\/wp-json\/wp\/v2\/pages"}],"about":[{"href":"https:\/\/wonderinn.no\/no\/wp-json\/wp\/v2\/types\/page"}],"author":[{"embeddable":true,"href":"https:\/\/wonderinn.no\/no\/wp-json\/wp\/v2\/users\/3"}],"replies":[{"embeddable":true,"href":"https:\/\/wonderinn.no\/no\/wp-json\/wp\/v2\/comments?post=486"}],"version-history":[{"count":13,"href":"https:\/\/wonderinn.no\/no\/wp-json\/wp\/v2\/pages\/486\/revisions"}],"predecessor-version":[{"id":6071,"href":"https:\/\/wonderinn.no\/no\/wp-json\/wp\/v2\/pages\/486\/revisions\/6071"}],"wp:featuredmedia":[{"embeddable":true,"href":"https:\/\/wonderinn.no\/no\/wp-json\/wp\/v2\/media\/1836"}],"wp:attachment":[{"href":"https:\/\/wonderinn.no\/no\/wp-json\/wp\/v2\/media?parent=486"}],"curies":[{"name":"wp","href":"https:\/\/api.w.org\/{rel}","templated":true}]}}