{"id":505,"date":"2022-11-19T06:28:39","date_gmt":"2022-11-19T06:28:39","guid":{"rendered":"https:\/\/wonderinn.no\/partner-workwithus\/"},"modified":"2025-11-27T11:37:17","modified_gmt":"2025-11-27T11:37:17","slug":"partner-workwithus","status":"publish","type":"page","link":"https:\/\/wonderinn.no\/no\/partner-workwithus\/","title":{"rendered":"WonderInn Yoga Retreat"},"content":{"rendered":"","protected":false},"excerpt":{"rendered":"","protected":false},"author":3,"featured_media":1536,"parent":0,"menu_order":0,"comment_status":"closed","ping_status":"closed","template":"partner-workwithus.php","meta":{"_acf_changed":false,"_monsterinsights_skip_tracking":false,"_monsterinsights_sitenote_active":false,"_monsterinsights_sitenote_note":"","_monsterinsights_sitenote_category":0,"footnotes":""},"class_list":["post-505","page","type-page","status-publish","has-post-thumbnail","hentry","entry"],"acf":[],"yoast_head":"<!-- This site is optimized with the Yoast SEO Premium plugin v21.5 (Yoast SEO v27.5) - https:\/\/yoast.com\/product\/yoast-seo-premium-wordpress\/ -->\n<title>WonderInn Yoga Retreat - Wonderinn<\/title>\n<meta name=\"description\" content=\"Forynge kropp og sinn p\u00e5 WonderInn! Utforsk v\u00e5re yogaopphold i Norges uber\u00f8rte natur, og finn indre ro og balanse i dag.\" \/>\n<meta name=\"robots\" content=\"index, follow, max-snippet:-1, max-image-preview:large, max-video-preview:-1\" \/>\n<link rel=\"canonical\" href=\"https:\/\/wonderinn.no\/no\/partner-workwithus\/\" \/>\n<meta property=\"og:locale\" content=\"nb_NO\" \/>\n<meta property=\"og:type\" content=\"article\" \/>\n<meta property=\"og:title\" content=\"WonderInn Yoga Retreat\" \/>\n<meta property=\"og:description\" content=\"Forynge kropp og sinn p\u00e5 WonderInn! Utforsk v\u00e5re yogaopphold i Norges uber\u00f8rte natur, og finn indre ro og balanse i dag.\" \/>\n<meta property=\"og:url\" content=\"https:\/\/wonderinn.no\/no\/partner-workwithus\/\" \/>\n<meta property=\"og:site_name\" content=\"Wonderinn\" \/>\n<meta property=\"article:publisher\" content=\"https:\/\/www.facebook.com\/wonderinn.norway\/\" \/>\n<meta property=\"article:modified_time\" content=\"2025-11-27T11:37:17+00:00\" \/>\n<meta property=\"og:image\" content=\"https:\/\/wonderinn.no\/wp-content\/uploads\/2023\/03\/DSC06235-scaled-e1678009562248.jpg\" \/>\n\t<meta property=\"og:image:width\" content=\"2048\" \/>\n\t<meta property=\"og:image:height\" content=\"684\" \/>\n\t<meta property=\"og:image:type\" content=\"image\/jpeg\" \/>\n<meta name=\"twitter:card\" content=\"summary_large_image\" \/>\n<script type=\"application\/ld+json\" class=\"yoast-schema-graph\">{\"@context\":\"https:\\\/\\\/schema.org\",\"@graph\":[{\"@type\":\"WebPage\",\"@id\":\"https:\\\/\\\/wonderinn.no\\\/no\\\/partner-workwithus\\\/\",\"url\":\"https:\\\/\\\/wonderinn.no\\\/no\\\/partner-workwithus\\\/\",\"name\":\"WonderInn Yoga Retreat - Wonderinn\",\"isPartOf\":{\"@id\":\"https:\\\/\\\/wonderinn.no\\\/no\\\/#website\"},\"primaryImageOfPage\":{\"@id\":\"https:\\\/\\\/wonderinn.no\\\/no\\\/partner-workwithus\\\/#primaryimage\"},\"image\":{\"@id\":\"https:\\\/\\\/wonderinn.no\\\/no\\\/partner-workwithus\\\/#primaryimage\"},\"thumbnailUrl\":\"https:\\\/\\\/wonderinn.no\\\/wp-content\\\/uploads\\\/2023\\\/03\\\/DSC06235-scaled-e1678009562248.webp\",\"datePublished\":\"2022-11-19T06:28:39+00:00\",\"dateModified\":\"2025-11-27T11:37:17+00:00\",\"description\":\"Forynge kropp og sinn p\u00e5 WonderInn! Utforsk v\u00e5re yogaopphold i Norges uber\u00f8rte natur, og finn indre ro og balanse i dag.\",\"breadcrumb\":{\"@id\":\"https:\\\/\\\/wonderinn.no\\\/no\\\/partner-workwithus\\\/#breadcrumb\"},\"inLanguage\":\"nb-NO\",\"potentialAction\":[{\"@type\":\"ReadAction\",\"target\":[\"https:\\\/\\\/wonderinn.no\\\/no\\\/partner-workwithus\\\/\"]}]},{\"@type\":\"ImageObject\",\"inLanguage\":\"nb-NO\",\"@id\":\"https:\\\/\\\/wonderinn.no\\\/no\\\/partner-workwithus\\\/#primaryimage\",\"url\":\"https:\\\/\\\/wonderinn.no\\\/wp-content\\\/uploads\\\/2023\\\/03\\\/DSC06235-scaled-e1678009562248.webp\",\"contentUrl\":\"https:\\\/\\\/wonderinn.no\\\/wp-content\\\/uploads\\\/2023\\\/03\\\/DSC06235-scaled-e1678009562248.webp\",\"width\":2048,\"height\":684},{\"@type\":\"BreadcrumbList\",\"@id\":\"https:\\\/\\\/wonderinn.no\\\/no\\\/partner-workwithus\\\/#breadcrumb\",\"itemListElement\":[{\"@type\":\"ListItem\",\"position\":1,\"name\":\"Hjem\",\"item\":\"https:\\\/\\\/wonderinn.no\\\/no\\\/\"},{\"@type\":\"ListItem\",\"position\":2,\"name\":\"WonderInn Yoga Retreat\"}]},{\"@type\":\"WebSite\",\"@id\":\"https:\\\/\\\/wonderinn.no\\\/no\\\/#website\",\"url\":\"https:\\\/\\\/wonderinn.no\\\/no\\\/\",\"name\":\"Wonderinn\",\"description\":\"\",\"publisher\":{\"@id\":\"https:\\\/\\\/wonderinn.no\\\/no\\\/#organization\"},\"potentialAction\":[{\"@type\":\"SearchAction\",\"target\":{\"@type\":\"EntryPoint\",\"urlTemplate\":\"https:\\\/\\\/wonderinn.no\\\/no\\\/?s={search_term_string}\"},\"query-input\":{\"@type\":\"PropertyValueSpecification\",\"valueRequired\":true,\"valueName\":\"search_term_string\"}}],\"inLanguage\":\"nb-NO\"},{\"@type\":\"Organization\",\"@id\":\"https:\\\/\\\/wonderinn.no\\\/no\\\/#organization\",\"name\":\"Wonderinn\",\"url\":\"https:\\\/\\\/wonderinn.no\\\/no\\\/\",\"logo\":{\"@type\":\"ImageObject\",\"inLanguage\":\"nb-NO\",\"@id\":\"https:\\\/\\\/wonderinn.no\\\/no\\\/#\\\/schema\\\/logo\\\/image\\\/\",\"url\":\"https:\\\/\\\/wonderinn.no\\\/wp-content\\\/uploads\\\/2023\\\/03\\\/big-WonderINN-Logo1.webp\",\"contentUrl\":\"https:\\\/\\\/wonderinn.no\\\/wp-content\\\/uploads\\\/2023\\\/03\\\/big-WonderINN-Logo1.webp\",\"width\":238,\"height\":194,\"caption\":\"Wonderinn\"},\"image\":{\"@id\":\"https:\\\/\\\/wonderinn.no\\\/no\\\/#\\\/schema\\\/logo\\\/image\\\/\"},\"sameAs\":[\"https:\\\/\\\/www.facebook.com\\\/wonderinn.norway\\\/\"]}]}<\/script>\n<!-- \/ Yoast SEO Premium plugin. -->","yoast_head_json":{"title":"WonderInn Yoga Retreat - Wonderinn","description":"Forynge kropp og sinn p\u00e5 WonderInn! Utforsk v\u00e5re yogaopphold i Norges uber\u00f8rte natur, og finn indre ro og balanse i dag.","robots":{"index":"index","follow":"follow","max-snippet":"max-snippet:-1","max-image-preview":"max-image-preview:large","max-video-preview":"max-video-preview:-1"},"canonical":"https:\/\/wonderinn.no\/no\/partner-workwithus\/","og_locale":"nb_NO","og_type":"article","og_title":"WonderInn Yoga Retreat","og_description":"Forynge kropp og sinn p\u00e5 WonderInn! Utforsk v\u00e5re yogaopphold i Norges uber\u00f8rte natur, og finn indre ro og balanse i dag.","og_url":"https:\/\/wonderinn.no\/no\/partner-workwithus\/","og_site_name":"Wonderinn","article_publisher":"https:\/\/www.facebook.com\/wonderinn.norway\/","article_modified_time":"2025-11-27T11:37:17+00:00","og_image":[{"width":2048,"height":684,"url":"https:\/\/wonderinn.no\/wp-content\/uploads\/2023\/03\/DSC06235-scaled-e1678009562248.jpg","type":"image\/jpeg"}],"twitter_card":"summary_large_image","schema":{"@context":"https:\/\/schema.org","@graph":[{"@type":"WebPage","@id":"https:\/\/wonderinn.no\/no\/partner-workwithus\/","url":"https:\/\/wonderinn.no\/no\/partner-workwithus\/","name":"WonderInn Yoga Retreat - Wonderinn","isPartOf":{"@id":"https:\/\/wonderinn.no\/no\/#website"},"primaryImageOfPage":{"@id":"https:\/\/wonderinn.no\/no\/partner-workwithus\/#primaryimage"},"image":{"@id":"https:\/\/wonderinn.no\/no\/partner-workwithus\/#primaryimage"},"thumbnailUrl":"https:\/\/wonderinn.no\/wp-content\/uploads\/2023\/03\/DSC06235-scaled-e1678009562248.webp","datePublished":"2022-11-19T06:28:39+00:00","dateModified":"2025-11-27T11:37:17+00:00","description":"Forynge kropp og sinn p\u00e5 WonderInn! Utforsk v\u00e5re yogaopphold i Norges uber\u00f8rte natur, og finn indre ro og balanse i dag.","breadcrumb":{"@id":"https:\/\/wonderinn.no\/no\/partner-workwithus\/#breadcrumb"},"inLanguage":"nb-NO","potentialAction":[{"@type":"ReadAction","target":["https:\/\/wonderinn.no\/no\/partner-workwithus\/"]}]},{"@type":"ImageObject","inLanguage":"nb-NO","@id":"https:\/\/wonderinn.no\/no\/partner-workwithus\/#primaryimage","url":"https:\/\/wonderinn.no\/wp-content\/uploads\/2023\/03\/DSC06235-scaled-e1678009562248.webp","contentUrl":"https:\/\/wonderinn.no\/wp-content\/uploads\/2023\/03\/DSC06235-scaled-e1678009562248.webp","width":2048,"height":684},{"@type":"BreadcrumbList","@id":"https:\/\/wonderinn.no\/no\/partner-workwithus\/#breadcrumb","itemListElement":[{"@type":"ListItem","position":1,"name":"Hjem","item":"https:\/\/wonderinn.no\/no\/"},{"@type":"ListItem","position":2,"name":"WonderInn Yoga Retreat"}]},{"@type":"WebSite","@id":"https:\/\/wonderinn.no\/no\/#website","url":"https:\/\/wonderinn.no\/no\/","name":"Wonderinn","description":"","publisher":{"@id":"https:\/\/wonderinn.no\/no\/#organization"},"potentialAction":[{"@type":"SearchAction","target":{"@type":"EntryPoint","urlTemplate":"https:\/\/wonderinn.no\/no\/?s={search_term_string}"},"query-input":{"@type":"PropertyValueSpecification","valueRequired":true,"valueName":"search_term_string"}}],"inLanguage":"nb-NO"},{"@type":"Organization","@id":"https:\/\/wonderinn.no\/no\/#organization","name":"Wonderinn","url":"https:\/\/wonderinn.no\/no\/","logo":{"@type":"ImageObject","inLanguage":"nb-NO","@id":"https:\/\/wonderinn.no\/no\/#\/schema\/logo\/image\/","url":"https:\/\/wonderinn.no\/wp-content\/uploads\/2023\/03\/big-WonderINN-Logo1.webp","contentUrl":"https:\/\/wonderinn.no\/wp-content\/uploads\/2023\/03\/big-WonderINN-Logo1.webp","width":238,"height":194,"caption":"Wonderinn"},"image":{"@id":"https:\/\/wonderinn.no\/no\/#\/schema\/logo\/image\/"},"sameAs":["https:\/\/www.facebook.com\/wonderinn.norway\/"]}]}},"_links":{"self":[{"href":"https:\/\/wonderinn.no\/no\/wp-json\/wp\/v2\/pages\/505","targetHints":{"allow":["GET"]}}],"collection":[{"href":"https:\/\/wonderinn.no\/no\/wp-json\/wp\/v2\/pages"}],"about":[{"href":"https:\/\/wonderinn.no\/no\/wp-json\/wp\/v2\/types\/page"}],"author":[{"embeddable":true,"href":"https:\/\/wonderinn.no\/no\/wp-json\/wp\/v2\/users\/3"}],"replies":[{"embeddable":true,"href":"https:\/\/wonderinn.no\/no\/wp-json\/wp\/v2\/comments?post=505"}],"version-history":[{"count":5,"href":"https:\/\/wonderinn.no\/no\/wp-json\/wp\/v2\/pages\/505\/revisions"}],"predecessor-version":[{"id":4939,"href":"https:\/\/wonderinn.no\/no\/wp-json\/wp\/v2\/pages\/505\/revisions\/4939"}],"wp:featuredmedia":[{"embeddable":true,"href":"https:\/\/wonderinn.no\/no\/wp-json\/wp\/v2\/media\/1536"}],"wp:attachment":[{"href":"https:\/\/wonderinn.no\/no\/wp-json\/wp\/v2\/media?parent=505"}],"curies":[{"name":"wp","href":"https:\/\/api.w.org\/{rel}","templated":true}]}}