{"id":840,"date":"2022-12-05T09:05:01","date_gmt":"2022-12-05T09:05:01","guid":{"rendered":"https:\/\/wonderinn.no\/wonderinn-mirrored-glass-cabin\/"},"modified":"2026-03-30T13:37:29","modified_gmt":"2026-03-30T13:37:29","slug":"wonderinn-mirrored-glass-cabin","status":"publish","type":"page","link":"https:\/\/wonderinn.no\/no\/wonderinn-mirrored-glass-cabin\/","title":{"rendered":"WonderInn Delta"},"content":{"rendered":"","protected":false},"excerpt":{"rendered":"","protected":false},"author":3,"featured_media":1301,"parent":0,"menu_order":0,"comment_status":"closed","ping_status":"closed","template":"wonderinn-mirrored-glass-cabin.php","meta":{"_acf_changed":false,"_monsterinsights_skip_tracking":false,"_monsterinsights_sitenote_active":false,"_monsterinsights_sitenote_note":"","_monsterinsights_sitenote_category":0,"footnotes":""},"class_list":["post-840","page","type-page","status-publish","has-post-thumbnail","hentry","entry"],"acf":[],"yoast_head":"<!-- This site is optimized with the Yoast SEO Premium plugin v21.5 (Yoast SEO v27.3) - https:\/\/yoast.com\/product\/yoast-seo-premium-wordpress\/ -->\n<title>Glampinghytter med glassspeil n\u00e6r Oslo \ud83e\uddca Wonderinn Delta<\/title>\n<meta name=\"description\" content=\"Luksuri\u00f8s overnatting i naturen med WonderInn Delta. Velg blant v\u00e5rt utvalg av speilhytter, glampinghytter og kupler n\u00e6r Oslo!\" \/>\n<meta name=\"robots\" content=\"index, follow, max-snippet:-1, max-image-preview:large, max-video-preview:-1\" \/>\n<link rel=\"canonical\" href=\"https:\/\/wonderinn.no\/no\/wonderinn-mirrored-glass-cabin\/\" \/>\n<meta property=\"og:locale\" content=\"nb_NO\" \/>\n<meta property=\"og:type\" content=\"article\" \/>\n<meta property=\"og:title\" content=\"WonderInn Delta\" \/>\n<meta property=\"og:description\" content=\"Luksuri\u00f8s overnatting i naturen med WonderInn Delta. Velg blant v\u00e5rt utvalg av speilhytter, glampinghytter og kupler n\u00e6r Oslo!\" \/>\n<meta property=\"og:url\" content=\"https:\/\/wonderinn.no\/no\/wonderinn-mirrored-glass-cabin\/\" \/>\n<meta property=\"og:site_name\" content=\"Wonderinn\" \/>\n<meta property=\"article:publisher\" content=\"https:\/\/www.facebook.com\/wonderinn.norway\/\" \/>\n<meta property=\"article:modified_time\" content=\"2026-03-30T13:37:29+00:00\" \/>\n<meta property=\"og:image\" content=\"https:\/\/wonderinn.no\/wp-content\/uploads\/2023\/02\/00ED4F3E-FDC1-437D-8D32-5EA3785D7A34-scaled-e1676117466543.webp\" \/>\n\t<meta property=\"og:image:width\" content=\"2560\" \/>\n\t<meta property=\"og:image:height\" content=\"851\" \/>\n\t<meta property=\"og:image:type\" content=\"image\/jpeg\" \/>\n<meta name=\"twitter:card\" content=\"summary_large_image\" \/>\n<meta name=\"twitter:label1\" content=\"Ansl. lesetid\" \/>\n\t<meta name=\"twitter:data1\" content=\"1 minutt\" \/>\n<script type=\"application\/ld+json\" class=\"yoast-schema-graph\">{\"@context\":\"https:\\\/\\\/schema.org\",\"@graph\":[{\"@type\":\"WebPage\",\"@id\":\"https:\\\/\\\/wonderinn.no\\\/no\\\/wonderinn-mirrored-glass-cabin\\\/\",\"url\":\"https:\\\/\\\/wonderinn.no\\\/no\\\/wonderinn-mirrored-glass-cabin\\\/\",\"name\":\"Glampinghytter med glassspeil n\u00e6r Oslo \ud83e\uddca Wonderinn Delta\",\"isPartOf\":{\"@id\":\"https:\\\/\\\/wonderinn.no\\\/no\\\/#website\"},\"primaryImageOfPage\":{\"@id\":\"https:\\\/\\\/wonderinn.no\\\/no\\\/wonderinn-mirrored-glass-cabin\\\/#primaryimage\"},\"image\":{\"@id\":\"https:\\\/\\\/wonderinn.no\\\/no\\\/wonderinn-mirrored-glass-cabin\\\/#primaryimage\"},\"thumbnailUrl\":\"https:\\\/\\\/wonderinn.no\\\/wp-content\\\/uploads\\\/2023\\\/02\\\/00ED4F3E-FDC1-437D-8D32-5EA3785D7A34-scaled-e1676117466543.webp\",\"datePublished\":\"2022-12-05T09:05:01+00:00\",\"dateModified\":\"2026-03-30T13:37:29+00:00\",\"description\":\"Luksuri\u00f8s overnatting i naturen med WonderInn Delta. Velg blant v\u00e5rt utvalg av speilhytter, glampinghytter og kupler n\u00e6r Oslo!\",\"breadcrumb\":{\"@id\":\"https:\\\/\\\/wonderinn.no\\\/no\\\/wonderinn-mirrored-glass-cabin\\\/#breadcrumb\"},\"inLanguage\":\"nb-NO\",\"potentialAction\":[{\"@type\":\"ReadAction\",\"target\":[\"https:\\\/\\\/wonderinn.no\\\/no\\\/wonderinn-mirrored-glass-cabin\\\/\"]}]},{\"@type\":\"ImageObject\",\"inLanguage\":\"nb-NO\",\"@id\":\"https:\\\/\\\/wonderinn.no\\\/no\\\/wonderinn-mirrored-glass-cabin\\\/#primaryimage\",\"url\":\"https:\\\/\\\/wonderinn.no\\\/wp-content\\\/uploads\\\/2023\\\/02\\\/00ED4F3E-FDC1-437D-8D32-5EA3785D7A34-scaled-e1676117466543.webp\",\"contentUrl\":\"https:\\\/\\\/wonderinn.no\\\/wp-content\\\/uploads\\\/2023\\\/02\\\/00ED4F3E-FDC1-437D-8D32-5EA3785D7A34-scaled-e1676117466543.webp\",\"width\":2560,\"height\":851},{\"@type\":\"BreadcrumbList\",\"@id\":\"https:\\\/\\\/wonderinn.no\\\/no\\\/wonderinn-mirrored-glass-cabin\\\/#breadcrumb\",\"itemListElement\":[{\"@type\":\"ListItem\",\"position\":1,\"name\":\"Hjem\",\"item\":\"https:\\\/\\\/wonderinn.no\\\/no\\\/\"},{\"@type\":\"ListItem\",\"position\":2,\"name\":\"WonderInn Delta\"}]},{\"@type\":\"WebSite\",\"@id\":\"https:\\\/\\\/wonderinn.no\\\/no\\\/#website\",\"url\":\"https:\\\/\\\/wonderinn.no\\\/no\\\/\",\"name\":\"Wonderinn\",\"description\":\"\",\"publisher\":{\"@id\":\"https:\\\/\\\/wonderinn.no\\\/no\\\/#organization\"},\"potentialAction\":[{\"@type\":\"SearchAction\",\"target\":{\"@type\":\"EntryPoint\",\"urlTemplate\":\"https:\\\/\\\/wonderinn.no\\\/no\\\/?s={search_term_string}\"},\"query-input\":{\"@type\":\"PropertyValueSpecification\",\"valueRequired\":true,\"valueName\":\"search_term_string\"}}],\"inLanguage\":\"nb-NO\"},{\"@type\":\"Organization\",\"@id\":\"https:\\\/\\\/wonderinn.no\\\/no\\\/#organization\",\"name\":\"Wonderinn\",\"url\":\"https:\\\/\\\/wonderinn.no\\\/no\\\/\",\"logo\":{\"@type\":\"ImageObject\",\"inLanguage\":\"nb-NO\",\"@id\":\"https:\\\/\\\/wonderinn.no\\\/no\\\/#\\\/schema\\\/logo\\\/image\\\/\",\"url\":\"https:\\\/\\\/wonderinn.no\\\/wp-content\\\/uploads\\\/2023\\\/03\\\/big-WonderINN-Logo1.webp\",\"contentUrl\":\"https:\\\/\\\/wonderinn.no\\\/wp-content\\\/uploads\\\/2023\\\/03\\\/big-WonderINN-Logo1.webp\",\"width\":238,\"height\":194,\"caption\":\"Wonderinn\"},\"image\":{\"@id\":\"https:\\\/\\\/wonderinn.no\\\/no\\\/#\\\/schema\\\/logo\\\/image\\\/\"},\"sameAs\":[\"https:\\\/\\\/www.facebook.com\\\/wonderinn.norway\\\/\"]}]}<\/script>\n<!-- \/ Yoast SEO Premium plugin. -->","yoast_head_json":{"title":"Glampinghytter med glassspeil n\u00e6r Oslo \ud83e\uddca Wonderinn Delta","description":"Luksuri\u00f8s overnatting i naturen med WonderInn Delta. Velg blant v\u00e5rt utvalg av speilhytter, glampinghytter og kupler n\u00e6r Oslo!","robots":{"index":"index","follow":"follow","max-snippet":"max-snippet:-1","max-image-preview":"max-image-preview:large","max-video-preview":"max-video-preview:-1"},"canonical":"https:\/\/wonderinn.no\/no\/wonderinn-mirrored-glass-cabin\/","og_locale":"nb_NO","og_type":"article","og_title":"WonderInn Delta","og_description":"Luksuri\u00f8s overnatting i naturen med WonderInn Delta. Velg blant v\u00e5rt utvalg av speilhytter, glampinghytter og kupler n\u00e6r Oslo!","og_url":"https:\/\/wonderinn.no\/no\/wonderinn-mirrored-glass-cabin\/","og_site_name":"Wonderinn","article_publisher":"https:\/\/www.facebook.com\/wonderinn.norway\/","article_modified_time":"2026-03-30T13:37:29+00:00","og_image":[{"width":2560,"height":851,"url":"https:\/\/wonderinn.no\/wp-content\/uploads\/2023\/02\/00ED4F3E-FDC1-437D-8D32-5EA3785D7A34-scaled-e1676117466543.webp","type":"image\/jpeg"}],"twitter_card":"summary_large_image","twitter_misc":{"Ansl. lesetid":"1 minutt"},"schema":{"@context":"https:\/\/schema.org","@graph":[{"@type":"WebPage","@id":"https:\/\/wonderinn.no\/no\/wonderinn-mirrored-glass-cabin\/","url":"https:\/\/wonderinn.no\/no\/wonderinn-mirrored-glass-cabin\/","name":"Glampinghytter med glassspeil n\u00e6r Oslo \ud83e\uddca Wonderinn Delta","isPartOf":{"@id":"https:\/\/wonderinn.no\/no\/#website"},"primaryImageOfPage":{"@id":"https:\/\/wonderinn.no\/no\/wonderinn-mirrored-glass-cabin\/#primaryimage"},"image":{"@id":"https:\/\/wonderinn.no\/no\/wonderinn-mirrored-glass-cabin\/#primaryimage"},"thumbnailUrl":"https:\/\/wonderinn.no\/wp-content\/uploads\/2023\/02\/00ED4F3E-FDC1-437D-8D32-5EA3785D7A34-scaled-e1676117466543.webp","datePublished":"2022-12-05T09:05:01+00:00","dateModified":"2026-03-30T13:37:29+00:00","description":"Luksuri\u00f8s overnatting i naturen med WonderInn Delta. Velg blant v\u00e5rt utvalg av speilhytter, glampinghytter og kupler n\u00e6r Oslo!","breadcrumb":{"@id":"https:\/\/wonderinn.no\/no\/wonderinn-mirrored-glass-cabin\/#breadcrumb"},"inLanguage":"nb-NO","potentialAction":[{"@type":"ReadAction","target":["https:\/\/wonderinn.no\/no\/wonderinn-mirrored-glass-cabin\/"]}]},{"@type":"ImageObject","inLanguage":"nb-NO","@id":"https:\/\/wonderinn.no\/no\/wonderinn-mirrored-glass-cabin\/#primaryimage","url":"https:\/\/wonderinn.no\/wp-content\/uploads\/2023\/02\/00ED4F3E-FDC1-437D-8D32-5EA3785D7A34-scaled-e1676117466543.webp","contentUrl":"https:\/\/wonderinn.no\/wp-content\/uploads\/2023\/02\/00ED4F3E-FDC1-437D-8D32-5EA3785D7A34-scaled-e1676117466543.webp","width":2560,"height":851},{"@type":"BreadcrumbList","@id":"https:\/\/wonderinn.no\/no\/wonderinn-mirrored-glass-cabin\/#breadcrumb","itemListElement":[{"@type":"ListItem","position":1,"name":"Hjem","item":"https:\/\/wonderinn.no\/no\/"},{"@type":"ListItem","position":2,"name":"WonderInn Delta"}]},{"@type":"WebSite","@id":"https:\/\/wonderinn.no\/no\/#website","url":"https:\/\/wonderinn.no\/no\/","name":"Wonderinn","description":"","publisher":{"@id":"https:\/\/wonderinn.no\/no\/#organization"},"potentialAction":[{"@type":"SearchAction","target":{"@type":"EntryPoint","urlTemplate":"https:\/\/wonderinn.no\/no\/?s={search_term_string}"},"query-input":{"@type":"PropertyValueSpecification","valueRequired":true,"valueName":"search_term_string"}}],"inLanguage":"nb-NO"},{"@type":"Organization","@id":"https:\/\/wonderinn.no\/no\/#organization","name":"Wonderinn","url":"https:\/\/wonderinn.no\/no\/","logo":{"@type":"ImageObject","inLanguage":"nb-NO","@id":"https:\/\/wonderinn.no\/no\/#\/schema\/logo\/image\/","url":"https:\/\/wonderinn.no\/wp-content\/uploads\/2023\/03\/big-WonderINN-Logo1.webp","contentUrl":"https:\/\/wonderinn.no\/wp-content\/uploads\/2023\/03\/big-WonderINN-Logo1.webp","width":238,"height":194,"caption":"Wonderinn"},"image":{"@id":"https:\/\/wonderinn.no\/no\/#\/schema\/logo\/image\/"},"sameAs":["https:\/\/www.facebook.com\/wonderinn.norway\/"]}]}},"_links":{"self":[{"href":"https:\/\/wonderinn.no\/no\/wp-json\/wp\/v2\/pages\/840","targetHints":{"allow":["GET"]}}],"collection":[{"href":"https:\/\/wonderinn.no\/no\/wp-json\/wp\/v2\/pages"}],"about":[{"href":"https:\/\/wonderinn.no\/no\/wp-json\/wp\/v2\/types\/page"}],"author":[{"embeddable":true,"href":"https:\/\/wonderinn.no\/no\/wp-json\/wp\/v2\/users\/3"}],"replies":[{"embeddable":true,"href":"https:\/\/wonderinn.no\/no\/wp-json\/wp\/v2\/comments?post=840"}],"version-history":[{"count":22,"href":"https:\/\/wonderinn.no\/no\/wp-json\/wp\/v2\/pages\/840\/revisions"}],"predecessor-version":[{"id":12491,"href":"https:\/\/wonderinn.no\/no\/wp-json\/wp\/v2\/pages\/840\/revisions\/12491"}],"wp:featuredmedia":[{"embeddable":true,"href":"https:\/\/wonderinn.no\/no\/wp-json\/wp\/v2\/media\/1301"}],"wp:attachment":[{"href":"https:\/\/wonderinn.no\/no\/wp-json\/wp\/v2\/media?parent=840"}],"curies":[{"name":"wp","href":"https:\/\/api.w.org\/{rel}","templated":true}]}}