{"id":1006,"date":"2022-11-22T09:31:07","date_gmt":"2022-11-22T09:31:07","guid":{"rendered":"https:\/\/wonderinn.no\/product\/gift-cards\/"},"modified":"2025-12-23T04:08:22","modified_gmt":"2025-12-23T04:08:22","slug":"gift-cards","status":"publish","type":"product","link":"https:\/\/wonderinn.no\/no\/product\/gift-cards\/","title":{"rendered":"WonderInn Gavekort"},"content":{"rendered":"<p>Leter du etter den perfekte gaven til partneren din, nygifte, familien, en venn eller et vennepar som fortjener \u00e5 komme seg bort og oppleve noe helt spesielt? Du kan gi et gavekort p\u00e5 et opphold i en hvilken som helst WonderInn-hytte og for et hvilket som helst bel\u00f8p. Gavekortet er gyldig i ett \u00e5r &#8211; innsjekkingsdatoen m\u00e5 v\u00e6re f\u00f8r forfallsdatoen.  <\/p>\n<p>&nbsp;<\/p>\n<p>Gjennomsnittsprisen for et opphold er 3 450 NOK. Se hvordan gavekortet ser ut <strong><a href=\"https:\/\/wonderinn.no\/wp-content\/uploads\/2025\/12\/Kopi-av-Gift-Card-WonderInn-example.pdf\">her<\/a><\/strong><\/p>\n","protected":false},"excerpt":{"rendered":"<p>Leter du etter den perfekte gaven til partneren din, nygifte, familien, en venn eller et vennepar som fortjener \u00e5 komme seg bort og oppleve noe helt spesielt? Du kan gi et gavekort p\u00e5 et opphold i en hvilken som helst WonderInn-hytte og for et hvilket som helst bel\u00f8p. Gavekortet er gyldig i ett \u00e5r &#8211;&hellip; <a class=\"more-link\" href=\"https:\/\/wonderinn.no\/no\/product\/gift-cards\/\">Fortsett \u00e5 lese <span class=\"screen-reader-text\">WonderInn Gavekort<\/span><\/a><\/p>\n","protected":false},"featured_media":11472,"template":"","meta":{"_acf_changed":false,"_monsterinsights_skip_tracking":false,"_monsterinsights_sitenote_active":false,"_monsterinsights_sitenote_note":"","_monsterinsights_sitenote_category":0},"product_brand":[],"product_cat":[111],"product_tag":[],"class_list":{"0":"post-1006","1":"product","2":"type-product","3":"status-publish","4":"has-post-thumbnail","6":"product_cat-uncategorized-no","7":"entry","9":"first","10":"instock","11":"shipping-taxable","12":"purchasable","13":"product-type-simple","14":"cpw-product"},"acf":[],"yoast_head":"<!-- This site is optimized with the Yoast SEO Premium plugin v21.5 (Yoast SEO v27.4) - https:\/\/yoast.com\/product\/yoast-seo-premium-wordpress\/ -->\n<title>WonderInn Gavekort - Wonderinn<\/title>\n<meta name=\"description\" content=\"Gi en magisk glampingopplevelse i gave p\u00e5 WonderInn - Norway. Perfekt for naturelskere og s\u00f8kende. Opplev livet til det fulle.\" \/>\n<meta name=\"robots\" content=\"index, follow, max-snippet:-1, max-image-preview:large, max-video-preview:-1\" \/>\n<link rel=\"canonical\" href=\"https:\/\/wonderinn.no\/no\/product\/gift-cards\/\" \/>\n<meta property=\"og:locale\" content=\"nb_NO\" \/>\n<meta property=\"og:type\" content=\"article\" \/>\n<meta property=\"og:title\" content=\"WonderInn Gavekort\" \/>\n<meta property=\"og:description\" content=\"Gi en magisk glampingopplevelse i gave p\u00e5 WonderInn - Norway. Perfekt for naturelskere og s\u00f8kende. Opplev livet til det fulle.\" \/>\n<meta property=\"og:url\" content=\"https:\/\/wonderinn.no\/no\/product\/gift-cards\/\" \/>\n<meta property=\"og:site_name\" content=\"Wonderinn\" \/>\n<meta property=\"article:publisher\" content=\"https:\/\/www.facebook.com\/wonderinn.norway\/\" \/>\n<meta property=\"article:modified_time\" content=\"2025-12-23T04:08:22+00:00\" \/>\n<meta property=\"og:image\" content=\"https:\/\/wonderinn.no\/wp-content\/uploads\/2022\/11\/giftcard-1.webp\" \/>\n\t<meta property=\"og:image:width\" content=\"1304\" \/>\n\t<meta property=\"og:image:height\" content=\"960\" \/>\n\t<meta property=\"og:image:type\" content=\"image\/png\" \/>\n<meta name=\"twitter:card\" content=\"summary_large_image\" \/>\n<meta name=\"twitter:label1\" content=\"Ansl. lesetid\" \/>\n\t<meta name=\"twitter:data1\" content=\"1 minutt\" \/>\n<script type=\"application\/ld+json\" class=\"yoast-schema-graph\">{\"@context\":\"https:\\\/\\\/schema.org\",\"@graph\":[{\"@type\":\"WebPage\",\"@id\":\"https:\\\/\\\/wonderinn.no\\\/no\\\/product\\\/gift-cards\\\/\",\"url\":\"https:\\\/\\\/wonderinn.no\\\/no\\\/product\\\/gift-cards\\\/\",\"name\":\"WonderInn Gavekort - Wonderinn\",\"isPartOf\":{\"@id\":\"https:\\\/\\\/wonderinn.no\\\/no\\\/#website\"},\"primaryImageOfPage\":{\"@id\":\"https:\\\/\\\/wonderinn.no\\\/no\\\/product\\\/gift-cards\\\/#primaryimage\"},\"image\":{\"@id\":\"https:\\\/\\\/wonderinn.no\\\/no\\\/product\\\/gift-cards\\\/#primaryimage\"},\"thumbnailUrl\":\"https:\\\/\\\/wonderinn.no\\\/wp-content\\\/uploads\\\/2022\\\/11\\\/giftcard-1.webp\",\"datePublished\":\"2022-11-22T09:31:07+00:00\",\"dateModified\":\"2025-12-23T04:08:22+00:00\",\"description\":\"Gi en magisk glampingopplevelse i gave p\u00e5 WonderInn - Norway. Perfekt for naturelskere og s\u00f8kende. Opplev livet til det fulle.\",\"breadcrumb\":{\"@id\":\"https:\\\/\\\/wonderinn.no\\\/no\\\/product\\\/gift-cards\\\/#breadcrumb\"},\"inLanguage\":\"nb-NO\",\"potentialAction\":[{\"@type\":\"ReadAction\",\"target\":[\"https:\\\/\\\/wonderinn.no\\\/no\\\/product\\\/gift-cards\\\/\"]}]},{\"@type\":\"ImageObject\",\"inLanguage\":\"nb-NO\",\"@id\":\"https:\\\/\\\/wonderinn.no\\\/no\\\/product\\\/gift-cards\\\/#primaryimage\",\"url\":\"https:\\\/\\\/wonderinn.no\\\/wp-content\\\/uploads\\\/2022\\\/11\\\/giftcard-1.webp\",\"contentUrl\":\"https:\\\/\\\/wonderinn.no\\\/wp-content\\\/uploads\\\/2022\\\/11\\\/giftcard-1.webp\",\"width\":1304,\"height\":960,\"caption\":\"gavekort\"},{\"@type\":\"BreadcrumbList\",\"@id\":\"https:\\\/\\\/wonderinn.no\\\/no\\\/product\\\/gift-cards\\\/#breadcrumb\",\"itemListElement\":[{\"@type\":\"ListItem\",\"position\":1,\"name\":\"Hjem\",\"item\":\"https:\\\/\\\/wonderinn.no\\\/no\\\/\"},{\"@type\":\"ListItem\",\"position\":2,\"name\":\"Shop\",\"item\":\"https:\\\/\\\/wonderinn.no\\\/shop\\\/\"},{\"@type\":\"ListItem\",\"position\":3,\"name\":\"WonderInn Gavekort\"}]},{\"@type\":\"WebSite\",\"@id\":\"https:\\\/\\\/wonderinn.no\\\/no\\\/#website\",\"url\":\"https:\\\/\\\/wonderinn.no\\\/no\\\/\",\"name\":\"Wonderinn\",\"description\":\"\",\"publisher\":{\"@id\":\"https:\\\/\\\/wonderinn.no\\\/no\\\/#organization\"},\"potentialAction\":[{\"@type\":\"SearchAction\",\"target\":{\"@type\":\"EntryPoint\",\"urlTemplate\":\"https:\\\/\\\/wonderinn.no\\\/no\\\/?s={search_term_string}\"},\"query-input\":{\"@type\":\"PropertyValueSpecification\",\"valueRequired\":true,\"valueName\":\"search_term_string\"}}],\"inLanguage\":\"nb-NO\"},{\"@type\":\"Organization\",\"@id\":\"https:\\\/\\\/wonderinn.no\\\/no\\\/#organization\",\"name\":\"Wonderinn\",\"url\":\"https:\\\/\\\/wonderinn.no\\\/no\\\/\",\"logo\":{\"@type\":\"ImageObject\",\"inLanguage\":\"nb-NO\",\"@id\":\"https:\\\/\\\/wonderinn.no\\\/no\\\/#\\\/schema\\\/logo\\\/image\\\/\",\"url\":\"https:\\\/\\\/wonderinn.no\\\/wp-content\\\/uploads\\\/2023\\\/03\\\/big-WonderINN-Logo1.webp\",\"contentUrl\":\"https:\\\/\\\/wonderinn.no\\\/wp-content\\\/uploads\\\/2023\\\/03\\\/big-WonderINN-Logo1.webp\",\"width\":238,\"height\":194,\"caption\":\"Wonderinn\"},\"image\":{\"@id\":\"https:\\\/\\\/wonderinn.no\\\/no\\\/#\\\/schema\\\/logo\\\/image\\\/\"},\"sameAs\":[\"https:\\\/\\\/www.facebook.com\\\/wonderinn.norway\\\/\"]}]}<\/script>\n<!-- \/ Yoast SEO Premium plugin. -->","yoast_head_json":{"title":"WonderInn Gavekort - Wonderinn","description":"Gi en magisk glampingopplevelse i gave p\u00e5 WonderInn - Norway. Perfekt for naturelskere og s\u00f8kende. Opplev livet til det fulle.","robots":{"index":"index","follow":"follow","max-snippet":"max-snippet:-1","max-image-preview":"max-image-preview:large","max-video-preview":"max-video-preview:-1"},"canonical":"https:\/\/wonderinn.no\/no\/product\/gift-cards\/","og_locale":"nb_NO","og_type":"article","og_title":"WonderInn Gavekort","og_description":"Gi en magisk glampingopplevelse i gave p\u00e5 WonderInn - Norway. Perfekt for naturelskere og s\u00f8kende. Opplev livet til det fulle.","og_url":"https:\/\/wonderinn.no\/no\/product\/gift-cards\/","og_site_name":"Wonderinn","article_publisher":"https:\/\/www.facebook.com\/wonderinn.norway\/","article_modified_time":"2025-12-23T04:08:22+00:00","og_image":[{"width":1304,"height":960,"url":"https:\/\/wonderinn.no\/wp-content\/uploads\/2022\/11\/giftcard-1.webp","type":"image\/png"}],"twitter_card":"summary_large_image","twitter_misc":{"Ansl. lesetid":"1 minutt"},"schema":{"@context":"https:\/\/schema.org","@graph":[{"@type":"WebPage","@id":"https:\/\/wonderinn.no\/no\/product\/gift-cards\/","url":"https:\/\/wonderinn.no\/no\/product\/gift-cards\/","name":"WonderInn Gavekort - Wonderinn","isPartOf":{"@id":"https:\/\/wonderinn.no\/no\/#website"},"primaryImageOfPage":{"@id":"https:\/\/wonderinn.no\/no\/product\/gift-cards\/#primaryimage"},"image":{"@id":"https:\/\/wonderinn.no\/no\/product\/gift-cards\/#primaryimage"},"thumbnailUrl":"https:\/\/wonderinn.no\/wp-content\/uploads\/2022\/11\/giftcard-1.webp","datePublished":"2022-11-22T09:31:07+00:00","dateModified":"2025-12-23T04:08:22+00:00","description":"Gi en magisk glampingopplevelse i gave p\u00e5 WonderInn - Norway. Perfekt for naturelskere og s\u00f8kende. Opplev livet til det fulle.","breadcrumb":{"@id":"https:\/\/wonderinn.no\/no\/product\/gift-cards\/#breadcrumb"},"inLanguage":"nb-NO","potentialAction":[{"@type":"ReadAction","target":["https:\/\/wonderinn.no\/no\/product\/gift-cards\/"]}]},{"@type":"ImageObject","inLanguage":"nb-NO","@id":"https:\/\/wonderinn.no\/no\/product\/gift-cards\/#primaryimage","url":"https:\/\/wonderinn.no\/wp-content\/uploads\/2022\/11\/giftcard-1.webp","contentUrl":"https:\/\/wonderinn.no\/wp-content\/uploads\/2022\/11\/giftcard-1.webp","width":1304,"height":960,"caption":"gavekort"},{"@type":"BreadcrumbList","@id":"https:\/\/wonderinn.no\/no\/product\/gift-cards\/#breadcrumb","itemListElement":[{"@type":"ListItem","position":1,"name":"Hjem","item":"https:\/\/wonderinn.no\/no\/"},{"@type":"ListItem","position":2,"name":"Shop","item":"https:\/\/wonderinn.no\/shop\/"},{"@type":"ListItem","position":3,"name":"WonderInn Gavekort"}]},{"@type":"WebSite","@id":"https:\/\/wonderinn.no\/no\/#website","url":"https:\/\/wonderinn.no\/no\/","name":"Wonderinn","description":"","publisher":{"@id":"https:\/\/wonderinn.no\/no\/#organization"},"potentialAction":[{"@type":"SearchAction","target":{"@type":"EntryPoint","urlTemplate":"https:\/\/wonderinn.no\/no\/?s={search_term_string}"},"query-input":{"@type":"PropertyValueSpecification","valueRequired":true,"valueName":"search_term_string"}}],"inLanguage":"nb-NO"},{"@type":"Organization","@id":"https:\/\/wonderinn.no\/no\/#organization","name":"Wonderinn","url":"https:\/\/wonderinn.no\/no\/","logo":{"@type":"ImageObject","inLanguage":"nb-NO","@id":"https:\/\/wonderinn.no\/no\/#\/schema\/logo\/image\/","url":"https:\/\/wonderinn.no\/wp-content\/uploads\/2023\/03\/big-WonderINN-Logo1.webp","contentUrl":"https:\/\/wonderinn.no\/wp-content\/uploads\/2023\/03\/big-WonderINN-Logo1.webp","width":238,"height":194,"caption":"Wonderinn"},"image":{"@id":"https:\/\/wonderinn.no\/no\/#\/schema\/logo\/image\/"},"sameAs":["https:\/\/www.facebook.com\/wonderinn.norway\/"]}]}},"_links":{"self":[{"href":"https:\/\/wonderinn.no\/no\/wp-json\/wp\/v2\/product\/1006","targetHints":{"allow":["GET"]}}],"collection":[{"href":"https:\/\/wonderinn.no\/no\/wp-json\/wp\/v2\/product"}],"about":[{"href":"https:\/\/wonderinn.no\/no\/wp-json\/wp\/v2\/types\/product"}],"wp:featuredmedia":[{"embeddable":true,"href":"https:\/\/wonderinn.no\/no\/wp-json\/wp\/v2\/media\/11472"}],"wp:attachment":[{"href":"https:\/\/wonderinn.no\/no\/wp-json\/wp\/v2\/media?parent=1006"}],"wp:term":[{"taxonomy":"product_brand","embeddable":true,"href":"https:\/\/wonderinn.no\/no\/wp-json\/wp\/v2\/product_brand?post=1006"},{"taxonomy":"product_cat","embeddable":true,"href":"https:\/\/wonderinn.no\/no\/wp-json\/wp\/v2\/product_cat?post=1006"},{"taxonomy":"product_tag","embeddable":true,"href":"https:\/\/wonderinn.no\/no\/wp-json\/wp\/v2\/product_tag?post=1006"}],"curies":[{"name":"wp","href":"https:\/\/api.w.org\/{rel}","templated":true}]}}